{"id":148946,"date":"2022-05-14T17:45:17","date_gmt":"2025-05-05T11:43:32","guid":{"rendered":"https:\/\/kingarms.ee\/product\/m40-pneimatiska-lielgabala-kwc\/"},"modified":"2025-05-05T14:43:32","modified_gmt":"2025-05-05T11:43:32","slug":"m40-pneimatiska-lielgabala-kwc","status":"publish","type":"product","link":"https:\/\/kingarms.ee\/lv\/product\/m40-pneimatiska-lielgabala-kwc\/","title":{"rendered":"M40 pneimatisk\u0101 lielgabala [KWC]"},"content":{"rendered":"","protected":false},"excerpt":{"rendered":"<p>M40 pneimatisk\u0101 lielgabala [KWC]<\/p>\n<p>Garums [mm] 190<br \/>\n\u0100trums [FPS] ~ 400<br \/>\nUgunsgr\u0113ka veids<br \/>\nSvars [g] 530<br \/>\n\u017durn\u0101la ietilp\u012bba [gab.] 21<br \/>\nAtgriezties atpaka\u013c N\u0113<br \/>\nIzgatavots no plastmasas + met\u0101la<br \/>\nDzin\u0113js \/ Darbina g\u0101zes dzin\u0113js &#8211; CO2 12g<br \/>\nKalibra 4,5<\/p>\n","protected":false},"featured_media":119172,"template":"","meta":{"_acf_changed":false},"product_brand":[],"product_cat":[1004,1005],"product_tag":[],"class_list":{"0":"post-148946","1":"product","2":"type-product","3":"status-publish","4":"has-post-thumbnail","6":"product_cat-lidmasinas","7":"product_cat-rokas-pistoles-lv","9":"first","10":"onbackorder","11":"taxable","12":"shipping-taxable","13":"product-type-simple"},"acf":[],"_links":{"self":[{"href":"https:\/\/kingarms.ee\/lv\/wp-json\/wp\/v2\/product\/148946","targetHints":{"allow":["GET"]}}],"collection":[{"href":"https:\/\/kingarms.ee\/lv\/wp-json\/wp\/v2\/product"}],"about":[{"href":"https:\/\/kingarms.ee\/lv\/wp-json\/wp\/v2\/types\/product"}],"wp:featuredmedia":[{"embeddable":true,"href":"https:\/\/kingarms.ee\/lv\/wp-json\/wp\/v2\/media\/119172"}],"wp:attachment":[{"href":"https:\/\/kingarms.ee\/lv\/wp-json\/wp\/v2\/media?parent=148946"}],"wp:term":[{"taxonomy":"product_brand","embeddable":true,"href":"https:\/\/kingarms.ee\/lv\/wp-json\/wp\/v2\/product_brand?post=148946"},{"taxonomy":"product_cat","embeddable":true,"href":"https:\/\/kingarms.ee\/lv\/wp-json\/wp\/v2\/product_cat?post=148946"},{"taxonomy":"product_tag","embeddable":true,"href":"https:\/\/kingarms.ee\/lv\/wp-json\/wp\/v2\/product_tag?post=148946"}],"curies":[{"name":"wp","href":"https:\/\/api.w.org\/{rel}","templated":true}]}}