{"id":148962,"date":"2023-02-07T11:58:08","date_gmt":"2025-05-05T15:05:54","guid":{"rendered":"https:\/\/kingarms.ee\/product\/jope-emersongear-zale\/"},"modified":"2025-05-05T18:05:54","modified_gmt":"2025-05-05T15:05:54","slug":"jope-emersongear-zale","status":"publish","type":"product","link":"https:\/\/kingarms.ee\/lv\/product\/jope-emersongear-zale\/","title":{"rendered":"Jope EmersonGear (z\u0101le)"},"content":{"rendered":"<p><img loading=\"lazy\" decoding=\"async\" class=\"alignnone size-full wp-image-74207\" src=\"https:\/\/kingarms.ee\/wp-content\/uploads\/2023\/02\/ser.jpg\" alt=\"\" width=\"1300\" height=\"1000\" srcset=\"https:\/\/kingarms.ee\/wp-content\/uploads\/2023\/02\/ser.jpg 1300w, https:\/\/kingarms.ee\/wp-content\/uploads\/2023\/02\/ser-300x231.jpg 300w, https:\/\/kingarms.ee\/wp-content\/uploads\/2023\/02\/ser-1024x788.jpg 1024w, https:\/\/kingarms.ee\/wp-content\/uploads\/2023\/02\/ser-768x591.jpg 768w, https:\/\/kingarms.ee\/wp-content\/uploads\/2023\/02\/ser-500x385.jpg 500w, https:\/\/kingarms.ee\/wp-content\/uploads\/2023\/02\/ser-150x115.jpg 150w\" sizes=\"auto, (max-width: 1300px) 100vw, 1300px\" \/><\/p>\n","protected":false},"excerpt":{"rendered":"<p>Jaka EmersonGear Softshell Hattori Skin v\u0113jjaka<br \/>\nEmersonGear v\u0113jjaka ir paredz\u0113ta valk\u0101\u0161anai v\u0113s\u0101k\u0101 laik\u0101. Jaka ar r\u0101v\u0113jsl\u0113dz\u0113ju, kapuci, div\u0101m kr\u016b\u0161u kabat\u0101m un div\u0101m s\u0101nu kabat\u0101m priek\u0161pus\u0113, ar\u012b ar r\u0101v\u0113jsl\u0113dz\u0113jiem aizsardz\u012bbai pret mitrumu. Jaka ir izgatavota no neilona (85%) un spandeksa (15%) materi\u0101la, kr\u0101sa &#8211; pel\u0113ka.<\/p>\n<p>\u012apa\u0161\u012bbas:<\/p>\n<p>&#8211; kapuci;<br \/>\n&#8211; kabatas ar r\u0101v\u0113jsl\u0113dz\u0113ja aizdares aizsardz\u012bbu pret mitrumu;<br \/>\n&#8211; kr\u0101sa &#8211; pel\u0113ka<\/p>\n","protected":false},"featured_media":127098,"template":"","meta":{"_acf_changed":false},"product_brand":[],"product_cat":[1071],"product_tag":[],"class_list":{"0":"post-148962","1":"product","2":"type-product","3":"status-publish","4":"has-post-thumbnail","6":"product_cat-apvalks","8":"first","9":"instock","10":"sale","11":"taxable","12":"shipping-taxable","13":"purchasable","14":"product-type-simple"},"acf":[],"_links":{"self":[{"href":"https:\/\/kingarms.ee\/lv\/wp-json\/wp\/v2\/product\/148962","targetHints":{"allow":["GET"]}}],"collection":[{"href":"https:\/\/kingarms.ee\/lv\/wp-json\/wp\/v2\/product"}],"about":[{"href":"https:\/\/kingarms.ee\/lv\/wp-json\/wp\/v2\/types\/product"}],"wp:featuredmedia":[{"embeddable":true,"href":"https:\/\/kingarms.ee\/lv\/wp-json\/wp\/v2\/media\/127098"}],"wp:attachment":[{"href":"https:\/\/kingarms.ee\/lv\/wp-json\/wp\/v2\/media?parent=148962"}],"wp:term":[{"taxonomy":"product_brand","embeddable":true,"href":"https:\/\/kingarms.ee\/lv\/wp-json\/wp\/v2\/product_brand?post=148962"},{"taxonomy":"product_cat","embeddable":true,"href":"https:\/\/kingarms.ee\/lv\/wp-json\/wp\/v2\/product_cat?post=148962"},{"taxonomy":"product_tag","embeddable":true,"href":"https:\/\/kingarms.ee\/lv\/wp-json\/wp\/v2\/product_tag?post=148962"}],"curies":[{"name":"wp","href":"https:\/\/api.w.org\/{rel}","templated":true}]}}