{"id":148964,"date":"2023-01-30T19:44:19","date_gmt":"2025-05-05T15:09:29","guid":{"rendered":"https:\/\/kingarms.ee\/product\/radio-raiditajs-1702gps-baofeng\/"},"modified":"2025-05-05T18:09:29","modified_gmt":"2025-05-05T15:09:29","slug":"radio-raiditajs-1702gps-baofeng","status":"publish","type":"product","link":"https:\/\/kingarms.ee\/lv\/product\/radio-raiditajs-1702gps-baofeng\/","title":{"rendered":"Radio raid\u012bt\u0101js 1702GPS (Baofeng)"},"content":{"rendered":"<p><img loading=\"lazy\" decoding=\"async\" class=\"alignnone size-full wp-image-74066\" src=\"https:\/\/kingarms.ee\/wp-content\/uploads\/2023\/01\/baofeng-dual-band-dmr-digital-radio-gps-version-bf-dm1702gps.jpg\" alt=\"\" width=\"1000\" height=\"1000\" srcset=\"https:\/\/kingarms.ee\/wp-content\/uploads\/2023\/01\/baofeng-dual-band-dmr-digital-radio-gps-version-bf-dm1702gps.jpg 1000w, https:\/\/kingarms.ee\/wp-content\/uploads\/2023\/01\/baofeng-dual-band-dmr-digital-radio-gps-version-bf-dm1702gps-300x300.jpg 300w, https:\/\/kingarms.ee\/wp-content\/uploads\/2023\/01\/baofeng-dual-band-dmr-digital-radio-gps-version-bf-dm1702gps-150x150.jpg 150w, https:\/\/kingarms.ee\/wp-content\/uploads\/2023\/01\/baofeng-dual-band-dmr-digital-radio-gps-version-bf-dm1702gps-768x768.jpg 768w, https:\/\/kingarms.ee\/wp-content\/uploads\/2023\/01\/baofeng-dual-band-dmr-digital-radio-gps-version-bf-dm1702gps-500x500.jpg 500w\" sizes=\"auto, (max-width: 1000px) 100vw, 1000px\" \/><\/p>\n","protected":false},"excerpt":{"rendered":"<p><strong>Radio raid\u012bt\u0101js 1702GPS<\/strong><\/p>\n<p>DIVMALU DMR &#8211; UHF\/VHF RADIO<br \/>\n1024 KAN\u0100LI<br \/>\nCIPARU-ANALOGU SAVIETOJAM\u012aBA<br \/>\nSAGEDUSALA:<br \/>\n&#8211; UHF 400-470 MHz<br \/>\n&#8211; VHF 136-174 MHz<br \/>\nP\u0100RRAIDES JAUDA 5W\/1W<br \/>\nANTENNI impedances: 50\u03a9<br \/>\nJAUNS: GPS FUNKCIJA<br \/>\nSavietojams ar MOTOROLA DMR<br \/>\nTOP LED LIGHT<br \/>\nIZGAISMOTS DISPLEJS AR ENER\u0122IJAS TAUP\u012a\u0160ANAS FUNKCIJU<br \/>\nTAGUMISE RIhma KLAPP<br \/>\nROKAS UZ KANDER<br \/>\nKOMPLEKT\u0100 IR MICR, PTT UN PIESTIPRIN\u0100MS OKUL\u0100RS<br \/>\nPROGRAMM\u0112JAMS DATORS AR KABELI TIEK P\u0100RDOTS ATSEVI\u0160\u0136I<br \/>\nIzm\u0113ri: 132 mm x 62 mm x 36 mm<br \/>\nCAL 275g<br \/>\nLi-Ion 7,4 V x 2200 mAh akumulators un l\u0101d\u0113t\u0101js<\/p>\n","protected":false},"featured_media":132209,"template":"","meta":{"_acf_changed":false},"product_brand":[],"product_cat":[1125],"product_tag":[],"class_list":{"0":"post-148964","1":"product","2":"type-product","3":"status-publish","4":"has-post-thumbnail","6":"product_cat-uztvereji","8":"first","9":"onbackorder","10":"taxable","11":"shipping-taxable","12":"product-type-simple"},"acf":[],"_links":{"self":[{"href":"https:\/\/kingarms.ee\/lv\/wp-json\/wp\/v2\/product\/148964","targetHints":{"allow":["GET"]}}],"collection":[{"href":"https:\/\/kingarms.ee\/lv\/wp-json\/wp\/v2\/product"}],"about":[{"href":"https:\/\/kingarms.ee\/lv\/wp-json\/wp\/v2\/types\/product"}],"wp:featuredmedia":[{"embeddable":true,"href":"https:\/\/kingarms.ee\/lv\/wp-json\/wp\/v2\/media\/132209"}],"wp:attachment":[{"href":"https:\/\/kingarms.ee\/lv\/wp-json\/wp\/v2\/media?parent=148964"}],"wp:term":[{"taxonomy":"product_brand","embeddable":true,"href":"https:\/\/kingarms.ee\/lv\/wp-json\/wp\/v2\/product_brand?post=148964"},{"taxonomy":"product_cat","embeddable":true,"href":"https:\/\/kingarms.ee\/lv\/wp-json\/wp\/v2\/product_cat?post=148964"},{"taxonomy":"product_tag","embeddable":true,"href":"https:\/\/kingarms.ee\/lv\/wp-json\/wp\/v2\/product_tag?post=148964"}],"curies":[{"name":"wp","href":"https:\/\/api.w.org\/{rel}","templated":true}]}}