{"id":148966,"date":"2023-01-30T15:08:51","date_gmt":"2025-05-05T15:15:29","guid":{"rendered":"https:\/\/kingarms.ee\/product\/mediciniska-soma-multicam-8fields\/"},"modified":"2025-05-05T18:15:29","modified_gmt":"2025-05-05T15:15:29","slug":"mediciniska-soma-multicam-8fields","status":"publish","type":"product","link":"https:\/\/kingarms.ee\/lv\/product\/mediciniska-soma-multicam-8fields\/","title":{"rendered":"Medic\u012bnisk\u0101 soma &#8211; Multicam (8FIELDS)"},"content":{"rendered":"<p><img loading=\"lazy\" decoding=\"async\" class=\"alignnone size-full wp-image-74027\" src=\"https:\/\/kingarms.ee\/wp-content\/uploads\/2023\/01\/2342231_M51613160-CP3.jpg\" alt=\"\" width=\"640\" height=\"480\" srcset=\"https:\/\/kingarms.ee\/wp-content\/uploads\/2023\/01\/2342231_M51613160-CP3.jpg 640w, https:\/\/kingarms.ee\/wp-content\/uploads\/2023\/01\/2342231_M51613160-CP3-300x225.jpg 300w, https:\/\/kingarms.ee\/wp-content\/uploads\/2023\/01\/2342231_M51613160-CP3-600x450.jpg 600w, https:\/\/kingarms.ee\/wp-content\/uploads\/2023\/01\/2342231_M51613160-CP3-500x375.jpg 500w, https:\/\/kingarms.ee\/wp-content\/uploads\/2023\/01\/2342231_M51613160-CP3-150x113.jpg 150w\" sizes=\"auto, (max-width: 640px) 100vw, 640px\" \/><\/p>\n","protected":false},"excerpt":{"rendered":"<h2><strong>Medic\u012bnisk\u0101 soma &#8211; Multicam<\/strong><\/h2>\n<p>MOLLE Medic soma ir ide\u0101li piem\u0113rota person\u012bgaj\u0101m pamata medic\u012bnas aptieci\u0146\u0101m. Dro\u0161a stiprin\u0101\u0161ana ar 2 r\u0101v\u0113jsl\u0113dz\u0113jiem, kas piln\u012bb\u0101 atveras, lai atvieglotu piek\u013cuvi, 2x Molle cilpas aizmugur\u0113. Maisi\u0146a iek\u0161pus\u0113 ir elast\u012bgas lentes medic\u012bnisko piederumu glab\u0101\u0161anai.<\/p>\n<p>NB!<\/p>\n<p> Maisi\u0146\u0161 ir tuk\u0161s.<\/p>\n","protected":false},"featured_media":127016,"template":"","meta":{"_acf_changed":false},"product_brand":[],"product_cat":[1051,1104,1098],"product_tag":[],"class_list":{"0":"post-148966","1":"product","2":"type-product","3":"status-publish","4":"has-post-thumbnail","6":"product_cat-frist-palidziba","7":"product_cat-kabatas","8":"product_cat-maisini-somas-un-siksnas","10":"first","11":"instock","12":"taxable","13":"shipping-taxable","14":"purchasable","15":"product-type-simple"},"acf":[],"_links":{"self":[{"href":"https:\/\/kingarms.ee\/lv\/wp-json\/wp\/v2\/product\/148966","targetHints":{"allow":["GET"]}}],"collection":[{"href":"https:\/\/kingarms.ee\/lv\/wp-json\/wp\/v2\/product"}],"about":[{"href":"https:\/\/kingarms.ee\/lv\/wp-json\/wp\/v2\/types\/product"}],"wp:featuredmedia":[{"embeddable":true,"href":"https:\/\/kingarms.ee\/lv\/wp-json\/wp\/v2\/media\/127016"}],"wp:attachment":[{"href":"https:\/\/kingarms.ee\/lv\/wp-json\/wp\/v2\/media?parent=148966"}],"wp:term":[{"taxonomy":"product_brand","embeddable":true,"href":"https:\/\/kingarms.ee\/lv\/wp-json\/wp\/v2\/product_brand?post=148966"},{"taxonomy":"product_cat","embeddable":true,"href":"https:\/\/kingarms.ee\/lv\/wp-json\/wp\/v2\/product_cat?post=148966"},{"taxonomy":"product_tag","embeddable":true,"href":"https:\/\/kingarms.ee\/lv\/wp-json\/wp\/v2\/product_tag?post=148966"}],"curies":[{"name":"wp","href":"https:\/\/api.w.org\/{rel}","templated":true}]}}