{"id":148970,"date":"2023-01-19T19:12:16","date_gmt":"2025-05-05T15:21:00","guid":{"rendered":"https:\/\/kingarms.ee\/product\/auto-ladetajs-ar-c-tipa-kabeli-guardian-angel\/"},"modified":"2025-05-05T18:21:00","modified_gmt":"2025-05-05T15:21:00","slug":"auto-ladetajs-ar-c-tipa-kabeli-guardian-angel","status":"publish","type":"product","link":"https:\/\/kingarms.ee\/lv\/product\/auto-ladetajs-ar-c-tipa-kabeli-guardian-angel\/","title":{"rendered":"Auto l\u0101d\u0113t\u0101js ar C tipa kabeli (Guardian Angel)"},"content":{"rendered":"<p><img loading=\"lazy\" decoding=\"async\" class=\"alignnone size-full wp-image-73929\" src=\"https:\/\/kingarms.ee\/wp-content\/uploads\/2023\/01\/ELT-CC-M-2-scaled-1000x1000-1.jpg\" alt=\"\" width=\"1000\" height=\"1000\" srcset=\"https:\/\/kingarms.ee\/wp-content\/uploads\/2023\/01\/ELT-CC-M-2-scaled-1000x1000-1.jpg 1000w, https:\/\/kingarms.ee\/wp-content\/uploads\/2023\/01\/ELT-CC-M-2-scaled-1000x1000-1-300x300.jpg 300w, https:\/\/kingarms.ee\/wp-content\/uploads\/2023\/01\/ELT-CC-M-2-scaled-1000x1000-1-150x150.jpg 150w, https:\/\/kingarms.ee\/wp-content\/uploads\/2023\/01\/ELT-CC-M-2-scaled-1000x1000-1-768x768.jpg 768w, https:\/\/kingarms.ee\/wp-content\/uploads\/2023\/01\/ELT-CC-M-2-scaled-1000x1000-1-500x500.jpg 500w\" sizes=\"auto, (max-width: 1000px) 100vw, 1000px\" \/><\/p>\n","protected":false},"excerpt":{"rendered":"<p><strong>Auto l\u0101d\u0113t\u0101js ar C tipa kabeli<\/strong><\/p>\n<p>Savienojums ar jebkuru transportl\u012bdzekli \u0101trai uzl\u0101dei kust\u012bb\u0101<br \/>\nKomplekt\u0101 ir C tipa USB uzl\u0101des kabelis<br \/>\nDubult\u0101 (2x) USB piesl\u0113gvieta<br \/>\nIeejas spriegums: DC12V ~ 24V<br \/>\nIzejas spriegums: 5V<br \/>\nIzejas str\u0101va: 4,8 A (MAX)<\/p>\n","protected":false},"featured_media":126991,"template":"","meta":{"_acf_changed":false},"product_brand":[],"product_cat":[1019],"product_tag":[],"class_list":{"0":"post-148970","1":"product","2":"type-product","3":"status-publish","4":"has-post-thumbnail","6":"product_cat-policija-militaristi","8":"first","9":"onbackorder","10":"taxable","11":"shipping-taxable","12":"product-type-simple"},"acf":[],"_links":{"self":[{"href":"https:\/\/kingarms.ee\/lv\/wp-json\/wp\/v2\/product\/148970","targetHints":{"allow":["GET"]}}],"collection":[{"href":"https:\/\/kingarms.ee\/lv\/wp-json\/wp\/v2\/product"}],"about":[{"href":"https:\/\/kingarms.ee\/lv\/wp-json\/wp\/v2\/types\/product"}],"wp:featuredmedia":[{"embeddable":true,"href":"https:\/\/kingarms.ee\/lv\/wp-json\/wp\/v2\/media\/126991"}],"wp:attachment":[{"href":"https:\/\/kingarms.ee\/lv\/wp-json\/wp\/v2\/media?parent=148970"}],"wp:term":[{"taxonomy":"product_brand","embeddable":true,"href":"https:\/\/kingarms.ee\/lv\/wp-json\/wp\/v2\/product_brand?post=148970"},{"taxonomy":"product_cat","embeddable":true,"href":"https:\/\/kingarms.ee\/lv\/wp-json\/wp\/v2\/product_cat?post=148970"},{"taxonomy":"product_tag","embeddable":true,"href":"https:\/\/kingarms.ee\/lv\/wp-json\/wp\/v2\/product_tag?post=148970"}],"curies":[{"name":"wp","href":"https:\/\/api.w.org\/{rel}","templated":true}]}}