{"id":148978,"date":"2023-01-19T13:53:57","date_gmt":"2025-05-05T15:33:25","guid":{"rendered":"https:\/\/kingarms.ee\/product\/balta-un-dzeltena-elites-serija-wy-wy-guardian-engelis\/"},"modified":"2025-05-05T18:33:25","modified_gmt":"2025-05-05T15:33:25","slug":"balta-un-dzeltena-elites-serija-wy-wy-guardian-engelis","status":"publish","type":"product","link":"https:\/\/kingarms.ee\/lv\/product\/balta-un-dzeltena-elites-serija-wy-wy-guardian-engelis\/","title":{"rendered":"Balt\u0101 un dzelten\u0101 elites s\u0113rija WY\/WY (Guardian E\u0146\u0123elis)"},"content":{"rendered":"<p><img loading=\"lazy\" decoding=\"async\" class=\"alignnone size-full wp-image-73873\" src=\"https:\/\/kingarms.ee\/wp-content\/uploads\/2023\/01\/15634__bd2c9f_b.jpg\" alt=\"\" width=\"1000\" height=\"1000\" srcset=\"https:\/\/kingarms.ee\/wp-content\/uploads\/2023\/01\/15634__bd2c9f_b.jpg 1000w, https:\/\/kingarms.ee\/wp-content\/uploads\/2023\/01\/15634__bd2c9f_b-300x300.jpg 300w, https:\/\/kingarms.ee\/wp-content\/uploads\/2023\/01\/15634__bd2c9f_b-150x150.jpg 150w, https:\/\/kingarms.ee\/wp-content\/uploads\/2023\/01\/15634__bd2c9f_b-768x768.jpg 768w, https:\/\/kingarms.ee\/wp-content\/uploads\/2023\/01\/15634__bd2c9f_b-500x500.jpg 500w\" sizes=\"auto, (max-width: 1000px) 100vw, 1000px\" \/><\/p>\n","protected":false},"excerpt":{"rendered":"<p><strong>Aizbild\u0146a e\u0146\u0123elis<\/strong><\/p>\n<p>Light &#8211; apm\u0113ram 3,25 oz \/ 92,14 g<br \/>\nIztur\u012bgs &#8211; \u016bdensiztur\u012bgs, putek\u013cuiztur\u012bgs, triecieniztur\u012bgs, ar IP68 klasifik\u0101ciju.<br \/>\nRedzam\u012bba liel\u0101 att\u0101lum\u0101 &#8211; redzam\u012bba l\u012bdz pat 5+ j\u016bdz\u0113m, izmantojot lieljaudas gaismas diodes, 360\u00b0 apgaismojums.<br \/>\n\u010cetri da\u017e\u0101di spilgtuma iestat\u012bjumi &#8211; zems, vid\u0113js, augsts un maksim\u0101lais spilgtums.<br \/>\nEkstr\u0113ms akumulatora darb\u012bbas laiks &#8211; uzl\u0101d\u0113jams litija jonu akumulators, izmantojot C tipa uzl\u0101des kabeli (iek\u013cauts komplekt\u0101).<br \/>\nIeb\u016bv\u0113ta magn\u0113tisk\u0101 stiprin\u0101juma sist\u0113ma &#8211; ieb\u016bv\u0113ts neod\u012bma magn\u0113ts un atbilsto\u0161s magn\u0113tiskais skava (iek\u013cauts komplekt\u0101), kas stiprina gandr\u012bz jebkuru virsmu.<br \/>\nPast\u0101v\u012bgi iesl\u0113gti vai mirgojo\u0161i mode\u013ci &#8211; ab\u0101s pus\u0113s ir iestat\u012bjumi past\u0101v\u012bgai iesl\u0113g\u0161anai vai mirgo\u0161anai.<br \/>\nSOS luktur\u012b\u0161a re\u017e\u012bms &#8211; \u0101tri nospie\u017eot un turot ier\u012bci, tiek iestat\u012bts SOS luktur\u012b\u0161a re\u017e\u012bms.<br \/>\nNeatkar\u012bgas gaismas vad\u012bbas ier\u012bces &#8211; 4 da\u017e\u0101das gaismas vad\u012bbas ier\u012bces maksim\u0101lai apgaismojuma daudzpus\u012bbai, tostarp mirgojo\u0161s av\u0101rijas re\u017e\u012bms.<br \/>\nSarkan\u0101s darba gaismas funkcija &#8211; viena sarkan\u0101 LED darba gaisma v\u0101j\u0101 apgaismojum\u0101.<br \/>\nAkumulatora darb\u012bbas laika indikators &#8211; turot nospiestu \u0101tro tausti\u0146u, viegli nolas\u0101m\u0101 LED indikator\u0101 tiek par\u0101d\u012bts atliku\u0161ais akumulatora darb\u012bbas laiks.<br \/>\nIzm\u0113rs &#8211; 6,98 x 4,76 x 2,54 cm.<\/p>\n","protected":false},"featured_media":126971,"template":"","meta":{"_acf_changed":false},"product_brand":[],"product_cat":[1019],"product_tag":[],"class_list":{"0":"post-148978","1":"product","2":"type-product","3":"status-publish","4":"has-post-thumbnail","6":"product_cat-policija-militaristi","8":"first","9":"instock","10":"taxable","11":"shipping-taxable","12":"purchasable","13":"product-type-simple"},"acf":[],"_links":{"self":[{"href":"https:\/\/kingarms.ee\/lv\/wp-json\/wp\/v2\/product\/148978","targetHints":{"allow":["GET"]}}],"collection":[{"href":"https:\/\/kingarms.ee\/lv\/wp-json\/wp\/v2\/product"}],"about":[{"href":"https:\/\/kingarms.ee\/lv\/wp-json\/wp\/v2\/types\/product"}],"wp:featuredmedia":[{"embeddable":true,"href":"https:\/\/kingarms.ee\/lv\/wp-json\/wp\/v2\/media\/126971"}],"wp:attachment":[{"href":"https:\/\/kingarms.ee\/lv\/wp-json\/wp\/v2\/media?parent=148978"}],"wp:term":[{"taxonomy":"product_brand","embeddable":true,"href":"https:\/\/kingarms.ee\/lv\/wp-json\/wp\/v2\/product_brand?post=148978"},{"taxonomy":"product_cat","embeddable":true,"href":"https:\/\/kingarms.ee\/lv\/wp-json\/wp\/v2\/product_cat?post=148978"},{"taxonomy":"product_tag","embeddable":true,"href":"https:\/\/kingarms.ee\/lv\/wp-json\/wp\/v2\/product_tag?post=148978"}],"curies":[{"name":"wp","href":"https:\/\/api.w.org\/{rel}","templated":true}]}}