{"id":149002,"date":"2022-05-15T23:46:29","date_gmt":"2025-05-09T09:56:35","guid":{"rendered":"https:\/\/kingarms.ee\/product\/gate-x-asr-mosfet-modulis\/"},"modified":"2025-05-09T12:56:35","modified_gmt":"2025-05-09T09:56:35","slug":"gate-x-asr-mosfet-modulis","status":"publish","type":"product","link":"https:\/\/kingarms.ee\/lv\/product\/gate-x-asr-mosfet-modulis\/","title":{"rendered":"GATE X-ASR MOSFET modulis"},"content":{"rendered":"","protected":false},"excerpt":{"rendered":"<p>X-ASR MOSFET modulis tika veikts ar Polijas z\u012bmolu-GATE. Tas ir interesants risin\u0101jums katram Aeg reprodukcijas veidam.<br \/>\nAugst\u0101k\u0101s kvalit\u0101tes MOSFET X-ASR r\u016bp\u0113jas par replica komponentu dro\u0161\u012bbu, uzlabo spr\u016bda reakciju un pagarina elektronikas un akumulatora kalpo\u0161anas laiku. Pateicoties integr\u0113taj\u0101m statusa diod\u0113m, tas ar\u012b \u013caus diagnostic\u0113t pamata darb\u012bbas trauc\u0113jumus kopijas iek\u0161pus\u0113.<br \/>\nLai gan \u0161is modulis bija paredz\u0113ts M120 atsper\u0113m, to var viegli izmantot ar jaud\u012bg\u0101k\u0101m atsper\u0113m. Uzst\u0101d\u012b\u0161anai nav nepiecie\u0161ami papildu dro\u0161in\u0101t\u0101ji, k\u0101 tas parasti notiek ar standarta MOSFET modu\u013ciem. X-ASR nov\u0113r\u0161 boj\u0101jumus, kad ir konstat\u0113ta akumulatora Revers\u0101 polariz\u0101cija.<\/p>\n","protected":false},"featured_media":119245,"template":"","meta":{"_acf_changed":false},"product_brand":[],"product_cat":[1053,1129],"product_tag":[],"class_list":{"0":"post-149002","1":"product","2":"type-product","3":"status-publish","4":"has-post-thumbnail","6":"product_cat-gaste-ir-varti","7":"product_cat-rezerves-dalas","9":"first","10":"instock","11":"purchasable","12":"product-type-simple"},"acf":[],"_links":{"self":[{"href":"https:\/\/kingarms.ee\/lv\/wp-json\/wp\/v2\/product\/149002","targetHints":{"allow":["GET"]}}],"collection":[{"href":"https:\/\/kingarms.ee\/lv\/wp-json\/wp\/v2\/product"}],"about":[{"href":"https:\/\/kingarms.ee\/lv\/wp-json\/wp\/v2\/types\/product"}],"wp:featuredmedia":[{"embeddable":true,"href":"https:\/\/kingarms.ee\/lv\/wp-json\/wp\/v2\/media\/119245"}],"wp:attachment":[{"href":"https:\/\/kingarms.ee\/lv\/wp-json\/wp\/v2\/media?parent=149002"}],"wp:term":[{"taxonomy":"product_brand","embeddable":true,"href":"https:\/\/kingarms.ee\/lv\/wp-json\/wp\/v2\/product_brand?post=149002"},{"taxonomy":"product_cat","embeddable":true,"href":"https:\/\/kingarms.ee\/lv\/wp-json\/wp\/v2\/product_cat?post=149002"},{"taxonomy":"product_tag","embeddable":true,"href":"https:\/\/kingarms.ee\/lv\/wp-json\/wp\/v2\/product_tag?post=149002"}],"curies":[{"name":"wp","href":"https:\/\/api.w.org\/{rel}","templated":true}]}}