{"id":149004,"date":"2022-05-15T23:46:29","date_gmt":"2025-05-09T09:59:38","guid":{"rendered":"https:\/\/kingarms.ee\/product\/vartu-nanoaab-mosfet\/"},"modified":"2025-05-09T12:59:38","modified_gmt":"2025-05-09T09:59:38","slug":"vartu-nanoaab-mosfet","status":"publish","type":"product","link":"https:\/\/kingarms.ee\/lv\/product\/vartu-nanoaab-mosfet\/","title":{"rendered":"V\u0101rtu nanoaab mosfet"},"content":{"rendered":"","protected":false},"excerpt":{"rendered":"<p>NanoAAB ir jaun\u0101k\u0101, 3. paaudzes MOSFET ar akt\u012bvo bremzi. Liel\u0101ko da\u013cu jaun\u0101ko tranzistoru un mikroprocesoru izmanto\u0161ana \u013c\u0101va mums izveidot maz\u0101ko un uzticam\u0101ko MOSFET tirg\u016b. Pateicoties \u012bpa\u0161ajam p\u0101rkl\u0101jumam, tas ir iztur\u012bgs pret atmosf\u0113ras apst\u0101k\u013ciem.  <\/p>\n","protected":false},"featured_media":119251,"template":"","meta":{"_acf_changed":false},"product_brand":[],"product_cat":[1053,1129],"product_tag":[],"class_list":{"0":"post-149004","1":"product","2":"type-product","3":"status-publish","4":"has-post-thumbnail","6":"product_cat-gaste-ir-varti","7":"product_cat-rezerves-dalas","9":"first","10":"instock","11":"purchasable","12":"product-type-simple"},"acf":[],"_links":{"self":[{"href":"https:\/\/kingarms.ee\/lv\/wp-json\/wp\/v2\/product\/149004","targetHints":{"allow":["GET"]}}],"collection":[{"href":"https:\/\/kingarms.ee\/lv\/wp-json\/wp\/v2\/product"}],"about":[{"href":"https:\/\/kingarms.ee\/lv\/wp-json\/wp\/v2\/types\/product"}],"wp:featuredmedia":[{"embeddable":true,"href":"https:\/\/kingarms.ee\/lv\/wp-json\/wp\/v2\/media\/119251"}],"wp:attachment":[{"href":"https:\/\/kingarms.ee\/lv\/wp-json\/wp\/v2\/media?parent=149004"}],"wp:term":[{"taxonomy":"product_brand","embeddable":true,"href":"https:\/\/kingarms.ee\/lv\/wp-json\/wp\/v2\/product_brand?post=149004"},{"taxonomy":"product_cat","embeddable":true,"href":"https:\/\/kingarms.ee\/lv\/wp-json\/wp\/v2\/product_cat?post=149004"},{"taxonomy":"product_tag","embeddable":true,"href":"https:\/\/kingarms.ee\/lv\/wp-json\/wp\/v2\/product_tag?post=149004"}],"curies":[{"name":"wp","href":"https:\/\/api.w.org\/{rel}","templated":true}]}}