{"id":149006,"date":"2022-05-15T23:46:29","date_gmt":"2025-05-09T10:18:07","guid":{"rendered":"https:\/\/kingarms.ee\/product\/e-t-u-parnesumkarbas-v3-kopiju-sistema-aizmugure-vadu\/"},"modified":"2025-05-09T13:18:07","modified_gmt":"2025-05-09T10:18:07","slug":"e-t-u-parnesumkarbas-v3-kopiju-sistema-aizmugure-vadu","status":"publish","type":"product","link":"https:\/\/kingarms.ee\/lv\/product\/e-t-u-parnesumkarbas-v3-kopiju-sistema-aizmugure-vadu\/","title":{"rendered":"E. T. U. P\u0101rnesumk\u0101rbas V3 kopiju sist\u0113ma (aizmugur\u0113 vadu)"},"content":{"rendered":"","protected":false},"excerpt":{"rendered":"<p>E. T. U. P\u0101rnesumk\u0101rbas V3 kopiju sist\u0113ma (aizmugur\u0113 vadu)<br \/>\nPiln\u012bga E. T. U.-elektroniska spr\u016bda vien\u012bba, kas paz\u012bstama no G &amp; G kopij\u0101m, uzst\u0101d\u012b\u0161anai kopij\u0101s ar V3 p\u0101rnesumk\u0101rbu.<\/p>\n","protected":false},"featured_media":119257,"template":"","meta":{"_acf_changed":false},"product_brand":[],"product_cat":[1129],"product_tag":[],"class_list":{"0":"post-149006","1":"product","2":"type-product","3":"status-publish","4":"has-post-thumbnail","6":"product_cat-rezerves-dalas","8":"first","9":"instock","10":"purchasable","11":"product-type-simple"},"acf":[],"_links":{"self":[{"href":"https:\/\/kingarms.ee\/lv\/wp-json\/wp\/v2\/product\/149006","targetHints":{"allow":["GET"]}}],"collection":[{"href":"https:\/\/kingarms.ee\/lv\/wp-json\/wp\/v2\/product"}],"about":[{"href":"https:\/\/kingarms.ee\/lv\/wp-json\/wp\/v2\/types\/product"}],"wp:featuredmedia":[{"embeddable":true,"href":"https:\/\/kingarms.ee\/lv\/wp-json\/wp\/v2\/media\/119257"}],"wp:attachment":[{"href":"https:\/\/kingarms.ee\/lv\/wp-json\/wp\/v2\/media?parent=149006"}],"wp:term":[{"taxonomy":"product_brand","embeddable":true,"href":"https:\/\/kingarms.ee\/lv\/wp-json\/wp\/v2\/product_brand?post=149006"},{"taxonomy":"product_cat","embeddable":true,"href":"https:\/\/kingarms.ee\/lv\/wp-json\/wp\/v2\/product_cat?post=149006"},{"taxonomy":"product_tag","embeddable":true,"href":"https:\/\/kingarms.ee\/lv\/wp-json\/wp\/v2\/product_tag?post=149006"}],"curies":[{"name":"wp","href":"https:\/\/api.w.org\/{rel}","templated":true}]}}