{"id":149016,"date":"2022-05-15T23:46:29","date_gmt":"2025-05-09T12:12:32","guid":{"rendered":"https:\/\/kingarms.ee\/product\/3-9x50-piemeram-theta-optika\/"},"modified":"2025-05-09T15:12:32","modified_gmt":"2025-05-09T12:12:32","slug":"3-9x50-piemeram-theta-optika","status":"publish","type":"product","link":"https:\/\/kingarms.ee\/lv\/product\/3-9x50-piemeram-theta-optika\/","title":{"rendered":"3-9&#215;50, piem\u0113ram, theta optika"},"content":{"rendered":"","protected":false},"excerpt":{"rendered":"<p>3-9&#215;50, piem\u0113ram, theta optika<\/p>\n<p>Teta Optics\u2122 darb\u012bbas joma ir augstas kvalit\u0101tes garantija par sapr\u0101t\u012bgu cenu. Ievietots iztur\u012bg\u0101, met\u0101la korpus\u0101, spilgta optika ar att\u0101luma mekl\u0113t\u0101ja t\u012bkli\u0146u, k\u0101 ar\u012b regul\u0113jams palielin\u0101jums. Pateicoties apgaismotiem krusti\u0146iem (sarkaniem vai za\u013ciem), darb\u012bbas jomu var viegli izmantot oper\u0101cij\u0101m gan dienas, gan nakts laik\u0101. Darbojas ar vienu CR2032 akumulatoru (nav iek\u013cauts komplekt\u0101). T\u012bkli\u0146u var vienm\u0113r\u012bgi noregul\u0113t gan vertik\u0101li, gan horizont\u0101li. Produktu var piestiprin\u0101t pie standarta RIS \/ Picatinny 22 mm sliedes, izmantojot komplekt\u0101 iek\u013cauto stiprin\u0101jumu.<br \/>\nTheta Optics\u2122 m\u0113r\u0137is ir ne tikai augstas kvalit\u0101tes optikas pieg\u0101de, bet ar\u012b past\u0101v\u012bgi papla\u0161in\u0101t savu pied\u0101v\u0101jumu ar inovat\u012bviem risin\u0101jumiem, kas sastopami augst\u0101k\u0101s klases produktos. Katrs modelis iet caur virkni testu, pirms tiek ieviesti tirg\u016b. Theta Optics\u2122 ir priek\u0161likums cilv\u0113kiem, kas mekl\u0113 augstu kvalit\u0101ti par sapr\u0101t\u012bgu cenu.<br \/>\nKomplekt\u0101 ietilpst:<br \/>\n&#8211; darb\u012bbas joma &#8211; 2 x mont\u0101\u017eas gredzens RIS sliedei-se\u0161st\u016bra atsl\u0113ga mont\u0101\u017eai-rokasgr\u0101mata-l\u0113cu v\u0101ku komplekts &#8211; t\u012br\u012b\u0161anas audums<\/p>\n","protected":false},"featured_media":119263,"template":"","meta":{"_acf_changed":false},"product_brand":[],"product_cat":[1067],"product_tag":[],"class_list":{"0":"post-149016","1":"product","2":"type-product","3":"status-publish","4":"has-post-thumbnail","6":"product_cat-skats","8":"first","9":"instock","10":"purchasable","11":"product-type-simple"},"acf":[],"_links":{"self":[{"href":"https:\/\/kingarms.ee\/lv\/wp-json\/wp\/v2\/product\/149016","targetHints":{"allow":["GET"]}}],"collection":[{"href":"https:\/\/kingarms.ee\/lv\/wp-json\/wp\/v2\/product"}],"about":[{"href":"https:\/\/kingarms.ee\/lv\/wp-json\/wp\/v2\/types\/product"}],"wp:featuredmedia":[{"embeddable":true,"href":"https:\/\/kingarms.ee\/lv\/wp-json\/wp\/v2\/media\/119263"}],"wp:attachment":[{"href":"https:\/\/kingarms.ee\/lv\/wp-json\/wp\/v2\/media?parent=149016"}],"wp:term":[{"taxonomy":"product_brand","embeddable":true,"href":"https:\/\/kingarms.ee\/lv\/wp-json\/wp\/v2\/product_brand?post=149016"},{"taxonomy":"product_cat","embeddable":true,"href":"https:\/\/kingarms.ee\/lv\/wp-json\/wp\/v2\/product_cat?post=149016"},{"taxonomy":"product_tag","embeddable":true,"href":"https:\/\/kingarms.ee\/lv\/wp-json\/wp\/v2\/product_tag?post=149016"}],"curies":[{"name":"wp","href":"https:\/\/api.w.org\/{rel}","templated":true}]}}