{"id":149021,"date":"2025-05-09T13:30:29","date_gmt":"2025-05-09T10:30:29","guid":{"rendered":"https:\/\/kingarms.ee\/product\/retay-r26\/"},"modified":"2025-08-02T12:12:59","modified_gmt":"2025-08-02T09:12:59","slug":"retay-r26","status":"publish","type":"product","link":"https:\/\/kingarms.ee\/lv\/product\/retay-r26\/","title":{"rendered":"Retay R26"},"content":{"rendered":"<p><img loading=\"lazy\" decoding=\"async\" class=\"alignnone size-full wp-image-149009\" src=\"https:\/\/kingarms.ee\/wp-content\/uploads\/2025\/05\/startovyi-pystolet-retay-azm-r26-black-54600989102160.jpg\" alt=\"\" width=\"1000\" height=\"762\" srcset=\"https:\/\/kingarms.ee\/wp-content\/uploads\/2025\/05\/startovyi-pystolet-retay-azm-r26-black-54600989102160.jpg 1000w, https:\/\/kingarms.ee\/wp-content\/uploads\/2025\/05\/startovyi-pystolet-retay-azm-r26-black-54600989102160-300x229.jpg 300w, https:\/\/kingarms.ee\/wp-content\/uploads\/2025\/05\/startovyi-pystolet-retay-azm-r26-black-54600989102160-768x585.jpg 768w, https:\/\/kingarms.ee\/wp-content\/uploads\/2025\/05\/startovyi-pystolet-retay-azm-r26-black-54600989102160-500x381.jpg 500w, https:\/\/kingarms.ee\/wp-content\/uploads\/2025\/05\/startovyi-pystolet-retay-azm-r26-black-54600989102160-150x114.jpg 150w\" sizes=\"auto, (max-width: 1000px) 100vw, 1000px\" \/><\/p>\n","protected":false},"excerpt":{"rendered":"<p>Retay R26<\/p>\n<p>R26 ir sign\u0101la spr\u016bda ier\u012bces (Startera pistoles) modelis, kas paredz\u0113ts apm\u0101c\u012bbai, filmu industrijai un iero\u010du apstr\u0101des Prasmju apm\u0101c\u012bbai.<\/p>\n<p>\u0160is modelis ir Glock 26 pistoles kopija, kas noz\u012bm\u0113, ka \u0101r\u0113jo un svara izm\u0113ru \u012bpa\u0161\u012bbu zi\u0146\u0101 tas atk\u0101rto ori\u0123in\u0101lu.<\/p>\n<p>Kalibrs 9 mm<br \/>\nKop\u0113jais garums 158 mm<br \/>\nPapl\u0101tes Tilpums 9<br \/>\nSvars 550g<br \/>\nDro\u0161\u012bba: ieb\u016bv\u0113ts autom\u0101tisks<br \/>\nKorpusa materi\u0101ls: met\u0101ls<br \/>\nRoktura materi\u0101ls: plastmasa<br \/>\nKr\u0101sa: melna<br \/>\nDaudzums iepakojum\u0101, gab: 1<br \/>\nPre\u010du z\u012bmes re\u0123istr\u0101cijas valsts: Turcija<br \/>\nGarantija: 36 m\u0113ne\u0161i<br \/>\nIzcelsmes Valsts: Turcija<\/p>\n","protected":false},"featured_media":152669,"template":"","meta":{"_acf_changed":false},"product_brand":[],"product_cat":[1010],"product_tag":[],"class_list":{"0":"post-149021","1":"product","2":"type-product","3":"status-publish","4":"has-post-thumbnail","6":"product_cat-starta-pistoles","8":"first","9":"outofstock","10":"taxable","11":"shipping-taxable","12":"purchasable","13":"product-type-simple"},"acf":[],"_links":{"self":[{"href":"https:\/\/kingarms.ee\/lv\/wp-json\/wp\/v2\/product\/149021","targetHints":{"allow":["GET"]}}],"collection":[{"href":"https:\/\/kingarms.ee\/lv\/wp-json\/wp\/v2\/product"}],"about":[{"href":"https:\/\/kingarms.ee\/lv\/wp-json\/wp\/v2\/types\/product"}],"wp:featuredmedia":[{"embeddable":true,"href":"https:\/\/kingarms.ee\/lv\/wp-json\/wp\/v2\/media\/152669"}],"wp:attachment":[{"href":"https:\/\/kingarms.ee\/lv\/wp-json\/wp\/v2\/media?parent=149021"}],"wp:term":[{"taxonomy":"product_brand","embeddable":true,"href":"https:\/\/kingarms.ee\/lv\/wp-json\/wp\/v2\/product_brand?post=149021"},{"taxonomy":"product_cat","embeddable":true,"href":"https:\/\/kingarms.ee\/lv\/wp-json\/wp\/v2\/product_cat?post=149021"},{"taxonomy":"product_tag","embeddable":true,"href":"https:\/\/kingarms.ee\/lv\/wp-json\/wp\/v2\/product_tag?post=149021"}],"curies":[{"name":"wp","href":"https:\/\/api.w.org\/{rel}","templated":true}]}}