{"id":149025,"date":"2023-10-17T13:02:55","date_gmt":"2023-10-17T10:02:55","guid":{"rendered":"https:\/\/kingarms.ee\/product\/bow-ek-korigan\/"},"modified":"2025-08-03T15:21:15","modified_gmt":"2025-08-03T12:21:15","slug":"bow-ek-korigan","status":"publish","type":"product","link":"https:\/\/kingarms.ee\/lv\/product\/bow-ek-korigan\/","title":{"rendered":"Bow Ek Korigan"},"content":{"rendered":"","protected":false},"excerpt":{"rendered":"<p>Bow Ek Korigan<\/p>\n<p>klasisks priek\u0161gala (Ek korrigan)<\/p>\n<p>Klasiskais melnais Poe Lang Korrigan loks tika izstr\u0101d\u0101ts, lai s\u0101ktu loka \u0161au\u0161anas studentus, \u012bpa\u0161i b\u0113rnus un pusaud\u017eus.<\/p>\n<p>Stikla \u0161\u0137iedras stie\u0146i ar skr\u016bv\u0113m tika piestiprin\u0101ti pie kukur\u016bzas stie\u0146a, kas izgatavots no iztur\u012bgas plastmasas. Pateicoties \u0160im stiprin\u0101jumam, visu komplektu var saloc\u012bt un \u0113rti transport\u0113t. Kont\u016brveida rokturis padara priek\u0161gala \u0161au\u0161anu \u0113rtu un prec\u012bzu. Priek\u0161gala garums tika m\u0113r\u012bts ar piestiprin\u0101tu virkni.<\/p>\n<p>Roku forma ir balst\u012bta uz augstas veiktsp\u0113jas olimpisko loku formu. Korrigan var b\u016bt pirmais solis ce\u013c\u0101 uz klasisko loka \u0161au\u0161anu. Korrigan var b\u016bt pirmais solis ce\u013c\u0101 uz klasisko loka \u0161au\u0161anu.<\/p>\n<p>Iek\u013cautie piederumi \u013cauj nekav\u0113joties s\u0101kt savu loka \u0161au\u0161anas piedz\u012bvojumu.<\/p>\n","protected":false},"featured_media":130323,"template":"","meta":{"_acf_changed":false},"product_brand":[],"product_cat":[1018,1013],"product_tag":[],"class_list":{"0":"post-149025","1":"product","2":"type-product","3":"status-publish","4":"has-post-thumbnail","6":"product_cat-loki","7":"product_cat-loki-un-sen","9":"first","10":"instock","11":"taxable","12":"shipping-taxable","13":"purchasable","14":"product-type-simple"},"acf":[],"_links":{"self":[{"href":"https:\/\/kingarms.ee\/lv\/wp-json\/wp\/v2\/product\/149025","targetHints":{"allow":["GET"]}}],"collection":[{"href":"https:\/\/kingarms.ee\/lv\/wp-json\/wp\/v2\/product"}],"about":[{"href":"https:\/\/kingarms.ee\/lv\/wp-json\/wp\/v2\/types\/product"}],"wp:featuredmedia":[{"embeddable":true,"href":"https:\/\/kingarms.ee\/lv\/wp-json\/wp\/v2\/media\/130323"}],"wp:attachment":[{"href":"https:\/\/kingarms.ee\/lv\/wp-json\/wp\/v2\/media?parent=149025"}],"wp:term":[{"taxonomy":"product_brand","embeddable":true,"href":"https:\/\/kingarms.ee\/lv\/wp-json\/wp\/v2\/product_brand?post=149025"},{"taxonomy":"product_cat","embeddable":true,"href":"https:\/\/kingarms.ee\/lv\/wp-json\/wp\/v2\/product_cat?post=149025"},{"taxonomy":"product_tag","embeddable":true,"href":"https:\/\/kingarms.ee\/lv\/wp-json\/wp\/v2\/product_tag?post=149025"}],"curies":[{"name":"wp","href":"https:\/\/api.w.org\/{rel}","templated":true}]}}