{"id":149027,"date":"2023-10-17T12:55:03","date_gmt":"2025-05-10T11:14:59","guid":{"rendered":"https:\/\/kingarms.ee\/product\/11-mm-optikas-stasti\/"},"modified":"2025-08-03T15:22:01","modified_gmt":"2025-08-03T12:22:01","slug":"11-mm-optikas-stasti","status":"publish","type":"product","link":"https:\/\/kingarms.ee\/lv\/product\/11-mm-optikas-stasti\/","title":{"rendered":"11 mm optikas st\u0101sti"},"content":{"rendered":"","protected":false},"excerpt":{"rendered":"<p>11 mm optikas st\u0101sti<\/p>\n<p>11 milimetru sliede tika izveidota, lai pirms \u0161au\u0161anas b\u016btu viegli nov\u0113rt\u0113t pareizu \u0161autenes novietojumu.<\/p>\n<p>Korpuss tika izveidots no iztur\u012bga anod\u0113ta alum\u012bnija, kas ir iztur\u012bgs pret laika apst\u0101k\u013ciem un skr\u0101p\u0113jumiem. Skaidrs atskaites punkts \u013cauj \u0101tri p\u0101rbaud\u012bt iero\u010da st\u0101vokli pirms \u0161au\u0161anas, praktiski neno\u0146emot acis no m\u0113r\u0137a. Viegls un kompakts dizains neietekm\u0113 iero\u010da svaru vai mobilit\u0101ti. Ier\u012bce ir uzst\u0101d\u012bta uz 11 mm kopnes ar se\u0161st\u016bra atsl\u0113gu (iek\u013cauta komplekt\u0101).<\/p>\n<p>Trases ir \u0101rk\u0101rt\u012bgi noder\u012bgs \u0161aujamiero\u010du un pneimatisko iero\u010du piederums, kas atvieglo \u0161autenes iestat\u012b\u0161anu ide\u0101l\u0101 st\u0101vokl\u012b un izveido pareizu \u0161au\u0161anas poz\u012bciju, kas \u013coti ietekm\u0113 iz\u0161auto \u0161\u0101vienu precizit\u0101ti un precizit\u0101ti.<\/p>\n","protected":false},"featured_media":130307,"template":"","meta":{"_acf_changed":false},"product_brand":[],"product_cat":[1065,1032,1034],"product_tag":[],"class_list":{"0":"post-149027","1":"product","2":"type-product","3":"status-publish","4":"has-post-thumbnail","6":"product_cat-airsoft-redzes-un-gredzeni","7":"product_cat-pievienojumi-un-aksesuari","8":"product_cat-saujamierocu-piederumi","10":"first","11":"instock","12":"taxable","13":"shipping-taxable","14":"purchasable","15":"product-type-simple"},"acf":[],"_links":{"self":[{"href":"https:\/\/kingarms.ee\/lv\/wp-json\/wp\/v2\/product\/149027","targetHints":{"allow":["GET"]}}],"collection":[{"href":"https:\/\/kingarms.ee\/lv\/wp-json\/wp\/v2\/product"}],"about":[{"href":"https:\/\/kingarms.ee\/lv\/wp-json\/wp\/v2\/types\/product"}],"wp:featuredmedia":[{"embeddable":true,"href":"https:\/\/kingarms.ee\/lv\/wp-json\/wp\/v2\/media\/130307"}],"wp:attachment":[{"href":"https:\/\/kingarms.ee\/lv\/wp-json\/wp\/v2\/media?parent=149027"}],"wp:term":[{"taxonomy":"product_brand","embeddable":true,"href":"https:\/\/kingarms.ee\/lv\/wp-json\/wp\/v2\/product_brand?post=149027"},{"taxonomy":"product_cat","embeddable":true,"href":"https:\/\/kingarms.ee\/lv\/wp-json\/wp\/v2\/product_cat?post=149027"},{"taxonomy":"product_tag","embeddable":true,"href":"https:\/\/kingarms.ee\/lv\/wp-json\/wp\/v2\/product_tag?post=149027"}],"curies":[{"name":"wp","href":"https:\/\/api.w.org\/{rel}","templated":true}]}}