{"id":149033,"date":"2023-10-12T14:04:46","date_gmt":"2025-05-10T11:30:31","guid":{"rendered":"https:\/\/kingarms.ee\/product\/aap01-slepkava-darbibas-armija\/"},"modified":"2025-08-03T15:26:49","modified_gmt":"2025-08-03T12:26:49","slug":"aap01-slepkava-darbibas-armija","status":"publish","type":"product","link":"https:\/\/kingarms.ee\/lv\/product\/aap01-slepkava-darbibas-armija\/","title":{"rendered":"AAP01 slepkava (darb\u012bbas armija)"},"content":{"rendered":"<p><img loading=\"lazy\" decoding=\"async\" class=\"alignnone size-medium wp-image-81936\" src=\"https:\/\/kingarms.ee\/wp-content\/uploads\/2023\/10\/1152226879_1-300x200.webp\" alt=\"\" width=\"300\" height=\"200\" srcset=\"https:\/\/kingarms.ee\/wp-content\/uploads\/2023\/10\/1152226879_1-300x200.webp 300w, https:\/\/kingarms.ee\/wp-content\/uploads\/2023\/10\/1152226879_1-1024x682.webp 1024w, https:\/\/kingarms.ee\/wp-content\/uploads\/2023\/10\/1152226879_1-768x512.webp 768w, https:\/\/kingarms.ee\/wp-content\/uploads\/2023\/10\/1152226879_1-1536x1024.webp 1536w, https:\/\/kingarms.ee\/wp-content\/uploads\/2023\/10\/1152226879_1-500x333.webp 500w, https:\/\/kingarms.ee\/wp-content\/uploads\/2023\/10\/1152226879_1-150x100.webp 150w, https:\/\/kingarms.ee\/wp-content\/uploads\/2023\/10\/1152226879_1.webp 2000w\" sizes=\"auto, (max-width: 300px) 100vw, 300px\" \/><\/p>\n","protected":false},"excerpt":{"rendered":"<p>AAP01 slepkava (darb\u012bbas armija)<\/p>\n<p>Aap01 pistoles darb\u012bbas armijas s\u0113rija ir viens no ori\u0123in\u0101l\u0101kajiem projektiem airsoft pistoles tirg\u016b. Ja jums ir garlaic\u012bgi ar M9, 1911 vai G s\u0113rijas kloniem &#8211; &#8220;The Assassin&#8221;, jums tas noteikti j\u0101noskat\u0101s.<br \/>\nJa jums ir garlaic\u012bgi ar M9, 1911 vai G s\u0113rijas kloniem &#8211; &#8220;The Assassin&#8221;, jums tas noteikti j\u0101noskat\u0101s. Aug\u0161\u0113jie un apak\u0161\u0113jie uztv\u0113r\u0113ji ir izgatavoti no iztur\u012bga polim\u0113ra, kas ietver met\u0101la ielikt\u0146us darba deta\u013c\u0101m.<br \/>\nAug\u0161\u0113jie un apak\u0161\u0113jie uztv\u0113r\u0113ji ir izgatavoti no iztur\u012bga polim\u0113ra, kas ietver met\u0101la ielikt\u0146us darba deta\u013c\u0101m. Ugunsgr\u0113ka p\u0101rveidot\u0101js ir pieejams p\u0113c blo\u0137\u0113\u0161anas.<br \/>\nBalona gals ir apr\u012bkots ar 14 mm CCW v\u012btni klusin\u0101t\u0101jiem. Aug\u0161\u0113j\u0101 uztv\u0113r\u0113j\u0101 ir ar\u012b \u013coti redzams optisk\u0101s \u0161\u0137iedras skats un caurumi piederumu autobusu mont\u0101\u017eai.<br \/>\nApak\u0161\u0113jais uztv\u0113r\u0113js tika veidots ar dro\u0161u rokturi un p\u0101rsl\u0113dzamu kreis\u0101s un lab\u0101s puses papl\u0101tes aizb\u012bdni. Papl\u0101tes tilpum\u0101 ir 23 bumbi\u0146as.<br \/>\nAap01 der Safariland 579 GLS makstis.<\/p>\n","protected":false},"featured_media":130269,"template":"","meta":{"_acf_changed":false},"product_brand":[],"product_cat":[999,1000],"product_tag":[],"class_list":{"0":"post-149033","1":"product","2":"type-product","3":"status-publish","4":"has-post-thumbnail","6":"product_cat-airsoft-ieroci","7":"product_cat-rokas-pistoles","9":"first","10":"onbackorder","11":"taxable","12":"shipping-taxable","13":"product-type-simple"},"acf":[],"_links":{"self":[{"href":"https:\/\/kingarms.ee\/lv\/wp-json\/wp\/v2\/product\/149033","targetHints":{"allow":["GET"]}}],"collection":[{"href":"https:\/\/kingarms.ee\/lv\/wp-json\/wp\/v2\/product"}],"about":[{"href":"https:\/\/kingarms.ee\/lv\/wp-json\/wp\/v2\/types\/product"}],"wp:featuredmedia":[{"embeddable":true,"href":"https:\/\/kingarms.ee\/lv\/wp-json\/wp\/v2\/media\/130269"}],"wp:attachment":[{"href":"https:\/\/kingarms.ee\/lv\/wp-json\/wp\/v2\/media?parent=149033"}],"wp:term":[{"taxonomy":"product_brand","embeddable":true,"href":"https:\/\/kingarms.ee\/lv\/wp-json\/wp\/v2\/product_brand?post=149033"},{"taxonomy":"product_cat","embeddable":true,"href":"https:\/\/kingarms.ee\/lv\/wp-json\/wp\/v2\/product_cat?post=149033"},{"taxonomy":"product_tag","embeddable":true,"href":"https:\/\/kingarms.ee\/lv\/wp-json\/wp\/v2\/product_tag?post=149033"}],"curies":[{"name":"wp","href":"https:\/\/api.w.org\/{rel}","templated":true}]}}