{"id":149040,"date":"2023-10-10T12:58:24","date_gmt":"2025-05-10T12:40:13","guid":{"rendered":"https:\/\/kingarms.ee\/product\/gbb-755-dubulta-zvans\/"},"modified":"2025-08-03T15:44:46","modified_gmt":"2025-08-03T12:44:46","slug":"gbb-755-dubulta-zvans","status":"publish","type":"product","link":"https:\/\/kingarms.ee\/lv\/product\/gbb-755-dubulta-zvans\/","title":{"rendered":"GBB 755 (Dubult\u0101 ZVANS)"},"content":{"rendered":"<p><img loading=\"lazy\" decoding=\"async\" class=\"alignnone size-medium wp-image-81562\" src=\"https:\/\/kingarms.ee\/wp-content\/uploads\/2023\/10\/1152228046_1-300x200.webp\" alt=\"\" width=\"300\" height=\"200\" srcset=\"https:\/\/kingarms.ee\/wp-content\/uploads\/2023\/10\/1152228046_1-300x200.webp 300w, https:\/\/kingarms.ee\/wp-content\/uploads\/2023\/10\/1152228046_1-1024x682.webp 1024w, https:\/\/kingarms.ee\/wp-content\/uploads\/2023\/10\/1152228046_1-768x512.webp 768w, https:\/\/kingarms.ee\/wp-content\/uploads\/2023\/10\/1152228046_1-1536x1024.webp 1536w, https:\/\/kingarms.ee\/wp-content\/uploads\/2023\/10\/1152228046_1-500x333.webp 500w, https:\/\/kingarms.ee\/wp-content\/uploads\/2023\/10\/1152228046_1-150x100.webp 150w, https:\/\/kingarms.ee\/wp-content\/uploads\/2023\/10\/1152228046_1.webp 2000w\" sizes=\"auto, (max-width: 300px) 100vw, 300px\" \/><\/p>\n","protected":false},"excerpt":{"rendered":"<p>GBB 755 (Dubult\u0101 ZVANS)<\/p>\n<p>Ra\u017eot\u0101js: double bell<\/p>\n<p>Pistole MOD. 755 G17 stils.<br \/>\nDivu to\u0146u kr\u0101sa.<br \/>\nGarums 225mm.<br \/>\nBlowback modelis.<br \/>\nRegul\u0113jams hopup<br \/>\nViens b\u0113rns<br \/>\n22mm \u0161eit zem caurules.<br \/>\nSvars 840 gr.<\/p>\n<p>\u0100R\u0112J\u0100S FUNKCIJAS:<br \/>\nMet\u0101la ragavas<br \/>\nV\u012bt\u0146ota met\u0101la \u0101r\u0113j\u0101 caurule (12mm).<br \/>\nTehnopolim\u0113ra korpuss.<br \/>\nPolim\u0113ru t\u0113m\u0113k\u013ci.<\/p>\n<p>IEK\u0160\u0112J\u0100S FUNKCIJAS:<br \/>\nMet\u0101la regul\u0113jams hopup<br \/>\nMet\u0101la atsperes vadotne ar t\u0113rauda atsperi.<br \/>\nTrigger noteikts met\u0101la un t\u0113rauda.<br \/>\nMisi\u0146a iek\u0161\u0113j\u0101 caurule.<br \/>\nABS sprausla.<\/p>\n<p>Pievienots:<br \/>\nStingrs pistoles korpuss<br \/>\nReprodukcija.<br \/>\n28bb met\u0101la greengas papl\u0101te<br \/>\nRezerves sprausla<\/p>\n","protected":false},"featured_media":130035,"template":"","meta":{"_acf_changed":false},"product_brand":[],"product_cat":[999,1000],"product_tag":[],"class_list":{"0":"post-149040","1":"product","2":"type-product","3":"status-publish","4":"has-post-thumbnail","6":"product_cat-airsoft-ieroci","7":"product_cat-rokas-pistoles","9":"first","10":"instock","11":"taxable","12":"shipping-taxable","13":"purchasable","14":"product-type-simple"},"acf":[],"_links":{"self":[{"href":"https:\/\/kingarms.ee\/lv\/wp-json\/wp\/v2\/product\/149040","targetHints":{"allow":["GET"]}}],"collection":[{"href":"https:\/\/kingarms.ee\/lv\/wp-json\/wp\/v2\/product"}],"about":[{"href":"https:\/\/kingarms.ee\/lv\/wp-json\/wp\/v2\/types\/product"}],"wp:featuredmedia":[{"embeddable":true,"href":"https:\/\/kingarms.ee\/lv\/wp-json\/wp\/v2\/media\/130035"}],"wp:attachment":[{"href":"https:\/\/kingarms.ee\/lv\/wp-json\/wp\/v2\/media?parent=149040"}],"wp:term":[{"taxonomy":"product_brand","embeddable":true,"href":"https:\/\/kingarms.ee\/lv\/wp-json\/wp\/v2\/product_brand?post=149040"},{"taxonomy":"product_cat","embeddable":true,"href":"https:\/\/kingarms.ee\/lv\/wp-json\/wp\/v2\/product_cat?post=149040"},{"taxonomy":"product_tag","embeddable":true,"href":"https:\/\/kingarms.ee\/lv\/wp-json\/wp\/v2\/product_tag?post=149040"}],"curies":[{"name":"wp","href":"https:\/\/api.w.org\/{rel}","templated":true}]}}