{"id":149043,"date":"2023-10-04T14:14:42","date_gmt":"2023-10-04T11:14:42","guid":{"rendered":"https:\/\/kingarms.ee\/product\/start-gun-mod-92-retay\/"},"modified":"2025-08-03T15:49:22","modified_gmt":"2025-08-03T12:49:22","slug":"start-gun-mod-92-retay","status":"publish","type":"product","link":"https:\/\/kingarms.ee\/lv\/product\/start-gun-mod-92-retay\/","title":{"rendered":"Start Gun Mod 92 (RetAy)"},"content":{"rendered":"<p><img loading=\"lazy\" decoding=\"async\" class=\"alignnone size-medium wp-image-81361\" src=\"https:\/\/kingarms.ee\/wp-content\/uploads\/2023\/10\/2f2daf63-3967-11e8-8487-001e67ad91cb_2ad5e63a-559f-11eb-8f9e-00155dc1232d-300x300.webp\" alt=\"\" width=\"300\" height=\"300\" srcset=\"https:\/\/kingarms.ee\/wp-content\/uploads\/2023\/10\/2f2daf63-3967-11e8-8487-001e67ad91cb_2ad5e63a-559f-11eb-8f9e-00155dc1232d-300x300.webp 300w, https:\/\/kingarms.ee\/wp-content\/uploads\/2023\/10\/2f2daf63-3967-11e8-8487-001e67ad91cb_2ad5e63a-559f-11eb-8f9e-00155dc1232d-150x150.webp 150w, https:\/\/kingarms.ee\/wp-content\/uploads\/2023\/10\/2f2daf63-3967-11e8-8487-001e67ad91cb_2ad5e63a-559f-11eb-8f9e-00155dc1232d-768x768.webp 768w, https:\/\/kingarms.ee\/wp-content\/uploads\/2023\/10\/2f2daf63-3967-11e8-8487-001e67ad91cb_2ad5e63a-559f-11eb-8f9e-00155dc1232d-500x500.webp 500w, https:\/\/kingarms.ee\/wp-content\/uploads\/2023\/10\/2f2daf63-3967-11e8-8487-001e67ad91cb_2ad5e63a-559f-11eb-8f9e-00155dc1232d.webp 788w\" sizes=\"auto, (max-width: 300px) 100vw, 300px\" \/><\/p>\n","protected":false},"excerpt":{"rendered":"<p>Start Gun Mod 92 (RetAy)<\/p>\n<p>Retay Arms starting pistol Retay MOD 92 pied\u0101v\u0101 pusautom\u0101tisku dubult\u0101s darb\u012bbas priek\u0161\u0113jo \u0161au\u0161anas pistoli ar vienm\u0113r\u012bgu sl\u012bd\u0113\u0161anu un re\u0101listisku svaru un saj\u016btu. 9 mm k\u0101rtrid\u017ea ska\u013ca ska\u0146a ir sal\u012bdzin\u0101ma ar asu \u0161\u0101v\u0113ja ska\u0146u. \u0160is starta lielgabals ir lieliski piem\u0113rots dro\u0161ai apm\u0101c\u012bbai, atp\u016btai, film\u0113\u0161anai un su\u0146u apm\u0101c\u012bbai. Daudzas milit\u0101r\u0101s un policijas organiz\u0101cijas to izmanto, lai apm\u0101c\u012btu re\u0101lus m\u0101c\u012bbu scen\u0101rijus. MOD 92 rada t\u0101du pa\u0161u ska\u0146u, d\u016bmus un liesmu k\u0101 ori\u0123in\u0101ls.<\/p>\n","protected":false},"featured_media":152615,"template":"","meta":{"_acf_changed":false},"product_brand":[],"product_cat":[1010],"product_tag":[],"class_list":{"0":"post-149043","1":"product","2":"type-product","3":"status-publish","4":"has-post-thumbnail","6":"product_cat-starta-pistoles","8":"first","9":"instock","10":"taxable","11":"shipping-taxable","12":"purchasable","13":"product-type-simple"},"acf":[],"_links":{"self":[{"href":"https:\/\/kingarms.ee\/lv\/wp-json\/wp\/v2\/product\/149043","targetHints":{"allow":["GET"]}}],"collection":[{"href":"https:\/\/kingarms.ee\/lv\/wp-json\/wp\/v2\/product"}],"about":[{"href":"https:\/\/kingarms.ee\/lv\/wp-json\/wp\/v2\/types\/product"}],"wp:featuredmedia":[{"embeddable":true,"href":"https:\/\/kingarms.ee\/lv\/wp-json\/wp\/v2\/media\/152615"}],"wp:attachment":[{"href":"https:\/\/kingarms.ee\/lv\/wp-json\/wp\/v2\/media?parent=149043"}],"wp:term":[{"taxonomy":"product_brand","embeddable":true,"href":"https:\/\/kingarms.ee\/lv\/wp-json\/wp\/v2\/product_brand?post=149043"},{"taxonomy":"product_cat","embeddable":true,"href":"https:\/\/kingarms.ee\/lv\/wp-json\/wp\/v2\/product_cat?post=149043"},{"taxonomy":"product_tag","embeddable":true,"href":"https:\/\/kingarms.ee\/lv\/wp-json\/wp\/v2\/product_tag?post=149043"}],"curies":[{"name":"wp","href":"https:\/\/api.w.org\/{rel}","templated":true}]}}