{"id":149046,"date":"2023-10-04T14:04:30","date_gmt":"2023-10-04T11:04:30","guid":{"rendered":"https:\/\/kingarms.ee\/product\/sakot-pistole-tr34-dumu-trieciens\/"},"modified":"2025-08-03T15:51:06","modified_gmt":"2025-08-03T12:51:06","slug":"sakot-pistole-tr34-dumu-trieciens","status":"publish","type":"product","link":"https:\/\/kingarms.ee\/lv\/product\/sakot-pistole-tr34-dumu-trieciens\/","title":{"rendered":"S\u0101kot pistole tr34 d\u016bmu (trieciens)"},"content":{"rendered":"<p><img loading=\"lazy\" decoding=\"async\" class=\"alignnone size-medium wp-image-81344\" src=\"https:\/\/kingarms.ee\/wp-content\/uploads\/2023\/10\/fume-300x274.png\" alt=\"\" width=\"300\" height=\"274\" srcset=\"https:\/\/kingarms.ee\/wp-content\/uploads\/2023\/10\/fume-300x274.png 300w, https:\/\/kingarms.ee\/wp-content\/uploads\/2023\/10\/fume-1024x934.png 1024w, https:\/\/kingarms.ee\/wp-content\/uploads\/2023\/10\/fume-768x700.png 768w, https:\/\/kingarms.ee\/wp-content\/uploads\/2023\/10\/fume-1536x1401.png 1536w, https:\/\/kingarms.ee\/wp-content\/uploads\/2023\/10\/fume-2048x1868.png 2048w, https:\/\/kingarms.ee\/wp-content\/uploads\/2023\/10\/fume-500x456.png 500w, https:\/\/kingarms.ee\/wp-content\/uploads\/2023\/10\/fume-150x137.png 150w\" sizes=\"auto, (max-width: 300px) 100vw, 300px\" \/><\/p>\n","protected":false},"excerpt":{"rendered":"<p>S\u0101kot pistole tr34 d\u016bmu (trieciens)<\/p>\n<p>Ergonomiskas formas rokturis nodro\u0161ina \u0113rtu un dro\u0161u vad\u0101m\u012bbu. Viena kaudze papl\u0101te var tur\u0113t l\u012bdz septi\u0146iem 9 mm P. A. K. k\u0101rtrid\u017es. Lai iz\u0146emtu papl\u0101ti, viss, kas jums j\u0101dara, ir nospiest atbr\u012bvo\u0161anas pogu uz papl\u0101tes, kas atrodas uz roktura.<\/p>\n","protected":false},"featured_media":152621,"template":"","meta":{"_acf_changed":false},"product_brand":[],"product_cat":[1010],"product_tag":[],"class_list":{"0":"post-149046","1":"product","2":"type-product","3":"status-publish","4":"has-post-thumbnail","6":"product_cat-starta-pistoles","8":"first","9":"instock","10":"taxable","11":"shipping-taxable","12":"purchasable","13":"product-type-simple"},"acf":[],"_links":{"self":[{"href":"https:\/\/kingarms.ee\/lv\/wp-json\/wp\/v2\/product\/149046","targetHints":{"allow":["GET"]}}],"collection":[{"href":"https:\/\/kingarms.ee\/lv\/wp-json\/wp\/v2\/product"}],"about":[{"href":"https:\/\/kingarms.ee\/lv\/wp-json\/wp\/v2\/types\/product"}],"wp:featuredmedia":[{"embeddable":true,"href":"https:\/\/kingarms.ee\/lv\/wp-json\/wp\/v2\/media\/152621"}],"wp:attachment":[{"href":"https:\/\/kingarms.ee\/lv\/wp-json\/wp\/v2\/media?parent=149046"}],"wp:term":[{"taxonomy":"product_brand","embeddable":true,"href":"https:\/\/kingarms.ee\/lv\/wp-json\/wp\/v2\/product_brand?post=149046"},{"taxonomy":"product_cat","embeddable":true,"href":"https:\/\/kingarms.ee\/lv\/wp-json\/wp\/v2\/product_cat?post=149046"},{"taxonomy":"product_tag","embeddable":true,"href":"https:\/\/kingarms.ee\/lv\/wp-json\/wp\/v2\/product_tag?post=149046"}],"curies":[{"name":"wp","href":"https:\/\/api.w.org\/{rel}","templated":true}]}}