{"id":149048,"date":"2023-10-04T13:49:41","date_gmt":"2023-10-04T10:49:41","guid":{"rendered":"https:\/\/kingarms.ee\/product\/mini-9-trieciens\/"},"modified":"2025-08-03T15:52:47","modified_gmt":"2025-08-03T12:52:47","slug":"mini-9-trieciens","status":"publish","type":"product","link":"https:\/\/kingarms.ee\/lv\/product\/mini-9-trieciens\/","title":{"rendered":"Mini 9 Trieciens"},"content":{"rendered":"<p><img loading=\"lazy\" decoding=\"async\" class=\"alignnone size-medium wp-image-81321\" src=\"https:\/\/kingarms.ee\/wp-content\/uploads\/2023\/10\/b74090ad-0fab-11eb-8f9b-00155dc1232d_b74090ae-0fab-11eb-8f9b-00155dc1232d-2-300x300.webp\" alt=\"\" width=\"300\" height=\"300\" srcset=\"https:\/\/kingarms.ee\/wp-content\/uploads\/2023\/10\/b74090ad-0fab-11eb-8f9b-00155dc1232d_b74090ae-0fab-11eb-8f9b-00155dc1232d-2-300x300.webp 300w, https:\/\/kingarms.ee\/wp-content\/uploads\/2023\/10\/b74090ad-0fab-11eb-8f9b-00155dc1232d_b74090ae-0fab-11eb-8f9b-00155dc1232d-2-150x150.webp 150w, https:\/\/kingarms.ee\/wp-content\/uploads\/2023\/10\/b74090ad-0fab-11eb-8f9b-00155dc1232d_b74090ae-0fab-11eb-8f9b-00155dc1232d-2-500x500.webp 500w, https:\/\/kingarms.ee\/wp-content\/uploads\/2023\/10\/b74090ad-0fab-11eb-8f9b-00155dc1232d_b74090ae-0fab-11eb-8f9b-00155dc1232d-2.webp 700w\" sizes=\"auto, (max-width: 300px) 100vw, 300px\" \/><\/p>\n","protected":false},"excerpt":{"rendered":"<p>Mini 9 Trieciens<\/p>\n<table>\n<tbody>\n<tr>\n<td><b>\u012aPA\u0160\u012aBA<\/b><\/td>\n<td><b>TEHNISKIE DATI<\/b><\/td>\n<\/tr>\n<tr>\n<td><span style=\"font-weight: 400;\">Ra\u017eot\u0101js:<\/span><\/td>\n<td><span style=\"font-weight: 400;\">Trieciens (Turku)<\/span><\/td>\n<\/tr>\n<tr>\n<td><span style=\"font-weight: 400;\">Modelis:<\/span><\/td>\n<td><span style=\"font-weight: 400;\">Mini 9<\/span><\/td>\n<\/tr>\n<tr>\n<td><span style=\"font-weight: 400;\">Kalibrs:<\/span><\/td>\n<td><span style=\"font-weight: 400;\">9mm<\/span><\/td>\n<\/tr>\n<tr>\n<td><span style=\"font-weight: 400;\">Veids:<\/span><\/td>\n<td><span style=\"font-weight: 400;\">Pusautom\u0101tisk\u0101<\/p>\n<p><\/span><\/td>\n<\/tr>\n<tr>\n<td><span style=\"font-weight: 400;\">Neveiksme:<\/span><\/td>\n<td><span style=\"font-weight: 400;\">J\u0101<\/span><\/td>\n<\/tr>\n<tr>\n<td><span style=\"font-weight: 400;\">Papl\u0101tes ietilp\u012bba:<\/span><\/td>\n<td><span style=\"font-weight: 400;\">5 + 1<\/span><\/td>\n<\/tr>\n<tr>\n<td><span style=\"font-weight: 400;\">Kr\u0101sa:<\/span><\/td>\n<td><span style=\"font-weight: 400;\">Sudrabs, Melns<\/span><\/td>\n<\/tr>\n<tr>\n<td><span style=\"font-weight: 400;\">Materi\u0101ls:<\/span><\/td>\n<td><span style=\"font-weight: 400;\">Ner\u016bs\u0113jo\u0161ais t\u0113rauds, alum\u012bnijs<\/span><\/td>\n<\/tr>\n<tr>\n<td><span style=\"font-weight: 400;\">Garums:<\/span><\/td>\n<td><span style=\"font-weight: 400;\">121mm<\/span><\/td>\n<\/tr>\n<tr>\n<td><span style=\"font-weight: 400;\">Platums:<\/span><\/td>\n<td><span style=\"font-weight: 400;\">27mm<\/span><\/td>\n<\/tr>\n<tr>\n<td><span style=\"font-weight: 400;\">Augstums:<\/span><\/td>\n<td><span style=\"font-weight: 400;\">87mm<\/span><\/td>\n<\/tr>\n<tr>\n<td><span style=\"font-weight: 400;\">Svars:<\/span><\/td>\n<td><span style=\"font-weight: 400;\">490g<\/span><\/td>\n<\/tr>\n<\/tbody>\n<\/table>\n","protected":false},"featured_media":152573,"template":"","meta":{"_acf_changed":false},"product_brand":[],"product_cat":[1010],"product_tag":[],"class_list":{"0":"post-149048","1":"product","2":"type-product","3":"status-publish","4":"has-post-thumbnail","6":"product_cat-starta-pistoles","8":"first","9":"instock","10":"taxable","11":"shipping-taxable","12":"purchasable","13":"product-type-simple"},"acf":[],"_links":{"self":[{"href":"https:\/\/kingarms.ee\/lv\/wp-json\/wp\/v2\/product\/149048","targetHints":{"allow":["GET"]}}],"collection":[{"href":"https:\/\/kingarms.ee\/lv\/wp-json\/wp\/v2\/product"}],"about":[{"href":"https:\/\/kingarms.ee\/lv\/wp-json\/wp\/v2\/types\/product"}],"wp:featuredmedia":[{"embeddable":true,"href":"https:\/\/kingarms.ee\/lv\/wp-json\/wp\/v2\/media\/152573"}],"wp:attachment":[{"href":"https:\/\/kingarms.ee\/lv\/wp-json\/wp\/v2\/media?parent=149048"}],"wp:term":[{"taxonomy":"product_brand","embeddable":true,"href":"https:\/\/kingarms.ee\/lv\/wp-json\/wp\/v2\/product_brand?post=149048"},{"taxonomy":"product_cat","embeddable":true,"href":"https:\/\/kingarms.ee\/lv\/wp-json\/wp\/v2\/product_cat?post=149048"},{"taxonomy":"product_tag","embeddable":true,"href":"https:\/\/kingarms.ee\/lv\/wp-json\/wp\/v2\/product_tag?post=149048"}],"curies":[{"name":"wp","href":"https:\/\/api.w.org\/{rel}","templated":true}]}}