{"id":149053,"date":"2023-01-18T19:06:29","date_gmt":"2025-05-10T15:58:13","guid":{"rendered":"https:\/\/kingarms.ee\/product\/green-microseries-lesbiesu-sargengelis\/"},"modified":"2025-05-10T18:58:13","modified_gmt":"2025-05-10T15:58:13","slug":"green-microseries-lesbiesu-sargengelis","status":"publish","type":"product","link":"https:\/\/kingarms.ee\/lv\/product\/green-microseries-lesbiesu-sargengelis\/","title":{"rendered":"Green Microseries Lesbie\u0161u (Sarge\u0146\u0123elis)"},"content":{"rendered":"<p><img loading=\"lazy\" decoding=\"async\" class=\"alignnone size-full wp-image-73610\" src=\"https:\/\/kingarms.ee\/wp-content\/uploads\/2023\/01\/15871__9e2dbb_b.jpg\" alt=\"\" width=\"873\" height=\"1000\" srcset=\"https:\/\/kingarms.ee\/wp-content\/uploads\/2023\/01\/15871__9e2dbb_b.jpg 873w, https:\/\/kingarms.ee\/wp-content\/uploads\/2023\/01\/15871__9e2dbb_b-262x300.jpg 262w, https:\/\/kingarms.ee\/wp-content\/uploads\/2023\/01\/15871__9e2dbb_b-768x880.jpg 768w, https:\/\/kingarms.ee\/wp-content\/uploads\/2023\/01\/15871__9e2dbb_b-500x573.jpg 500w, https:\/\/kingarms.ee\/wp-content\/uploads\/2023\/01\/15871__9e2dbb_b-150x172.jpg 150w\" sizes=\"auto, (max-width: 873px) 100vw, 873px\" \/><\/p>\n","protected":false},"excerpt":{"rendered":"<p>Patata P\u0101rliece, ar\u012b personikarg\u0101 Zibens Tehnolo\u0123ija Padara Padara Padara Padara Padara Padara Padara Pasara Pasauli Droshole Aizbildnis Eannnnn\u0123e\u013cu Ier\u012b\u010du Efe Ier\u012b\u010du SHICHU SHICHU SHIICU SHEICU SHEIKU SHEUIKU SHEUUUUIUU SHEUUU SHEUUU SHEUUU SHEUUU SHEUUUU SHEUUU SHEUUU SHEUUU SHEUUU SHEIKU SHEUUUUIUT Eku Ateku. M\u016bSu missja ir gl\u0101lbas dz\u012bbieibas, izstr\u0101vie\u0161a novatorisa, augstas un uzehnolololololololo\u0123ijui Balstadas drosshicela ieix ir ir ir ir ir i ir ir ir ir i ir ir i ir ir i ir i ir ir ir ir ir Ir ir ir ir ir ir ir ir ir ir ir ir ir ir ir ir ir ir ir ir ir i ir ir ir ir ir ir ir ir ir ir ir ir ir ir ir ir ir ir ir ir ir ir ir ir ir ir ir ir ir. Ir is is is is is is is is is is is is is is is is is is is is is is is is is is is ai ai aiRrr. Ir is is is is is is is is is is is is is is is is is is is is. Ir is is is is is is is is is is is is is is is is is is is is is is is is is is is is is is is is is is is is is is is is is is is is is isiP isip is is is is is is is is is is is is is is is is is is is is is is is is is is is is is is. IS IS IS IS. Ir Ir Ir is IR is is, and IR Irratamam Irratiekami Irratiekami Ir Ir Ir Ir Ir Irratiekami Irratiekami Irratiekami Irratiekami Irratiekami Irratiekami Irratiekami Irratiekami Irratiekami Irratiekami Irratiekami Irratiekami Irratiekami Irratiekami Irratiekami Irratiekami Irratiekami Irratiekami Irratiekami Irratiekami Irratiekami Irratiekami Irratiekami Irratiekami Irratiekami Irratiekami, Beta. \u012aj oblig\u0101cijas riels Visiemjjjjja, celtniecie Viet\u0101m Vaira Pieduziejumiem. <\/p>\n<p>&nbsp;<\/p>\n<p>Guardian Angel on standardselt varustatud patenteeritud magnetilise kinnituss\u00fcsteemiga, mis sisaldab nii sisseehitatud neod\u00fc\u00fcmse haruldaste muldmetallide magnetit kui ka vastavat haruldaste muldmetallide magnetkinnitust. Nende kahe magneti vahel tekkinud side avaldab kokkupuutel muljetavaldavat 9 kg magnetilist j\u00f5udu. See uuenduslik s\u00fcsteem v\u00f5imaldab Guardian Angel&#8217;i paigaldada peaaegu k\u00f5igele.  <\/p>\n<p>&nbsp;<\/p>\n<p>VIENM\u0112R GATAVS!<\/p>\n<p>Tas viss ir vienas dienas darbs. Guardian Angel ier\u012bce ir praktiski neizn\u012bcin\u0101ma jebkur\u0101 viet\u0101 un laik\u0101, nodro\u0161inot ilgsto\u0161u dro\u0161\u012bbu. Uzticieties, ka sarge\u0146\u0123elis ir gatavs b\u016bt kop\u0101 ar jums stundu p\u0113c stundas, mai\u0146u p\u0113c mai\u0146as. Katra ier\u012bce ir uzticams sabiedrotais, kas nodro\u0161ina redzam\u012bbu, apgaismo ce\u013cu un dro\u0161i ved m\u0101j\u0101s.<\/p>\n<p>&nbsp;<\/p>\n<p>B\u016aV\u0112TS T\u0100, LAI KALPOTU ILGI &#8211; J\u0100, M\u0112S ESAM M\u0112\u0122IN\u0100JU\u0160I TO SADAL\u012aT.<\/p>\n<p>IP68 kategorija, iztur\u012bgs, triecieniztur\u012bgs, \u016bdens un putek\u013cu necaurlaid\u012bgs un sp\u0113j iztur\u0113t ekstrem\u0101lus darba un laika apst\u0101k\u013cus. P\u0101rbaud\u012bts kritiena tests no 152 metru augstuma un joproj\u0101m piln\u012bb\u0101 funkcion\u0113.<\/p>\n<p>&nbsp;<\/p>\n<p>&nbsp;<\/p>\n<p>360. GAISMAS REDZAM\u012aBA<\/p>\n<p>Esiet redzams l\u012bdz 2 j\u016bdz\u0113m ar 11 lieljaudas LED.<\/p>\n<p>&nbsp;<\/p>\n<p>4 SPILGTUMA IESTAT\u012aJUMI<\/p>\n<p>Atkar\u012bb\u0101 no situ\u0101cijas jums ir iesp\u0113ja izmantot augstu spilgtumu maksim\u0101lai redzam\u012bbai vai zemu spilgtumu, lai pagarin\u0101tu akumulatora darb\u012bbas laiku. Abos gad\u012bjumos varat elast\u012bgi izv\u0113l\u0113ties, kur\u0161 iestat\u012bjums ir piem\u0113rots, pamatojoties uz konkr\u0113to uzdevumu.<\/p>\n<p>1: Maks.<br \/>\n2. Nospiediet: zems<br \/>\n3. prese: MED<br \/>\n4: augsts<\/p>\n<p>NEATKAR\u012aGI PRIEK\u0160\u0112JIE \/ AIZMUGUR\u0112JIE LED<\/p>\n<p>1. nospiediet: nep\u0101rtraukta iesl\u0113g\u0161ana<br \/>\n2. nospiediet: nep\u0101rtraukta mirgo\u0161ana<br \/>\n3. nospiediet: p\u0101rl\u016bkot rindu<\/p>\n<p>AUG\u0160\u0112J\u0100 GAISMA<\/p>\n<p>Palieciet redzams l\u012bdz 2 j\u016bdz\u0113m, gan uz zemes, gan gais\u0101, izmantojot super spilgti baltu aug\u0161\u0113jo LED (aktiviz\u0113 ga poga).<\/p>\n<p>&nbsp;<\/p>\n<p>\u0100rk\u0101rtas Situ\u0101ciju P\u0101rvald\u012bba<\/p>\n<p>GA poga aktiviz\u0113 augstas redzam\u012bbas re\u017e\u012bmu, kas apgaismo visas gaismas diodes (stroboskopu), ieskaitot aug\u0161\u0113jo led, lai nodro\u0161in\u0101tu maksim\u0101lu redzam\u012bbu.<\/p>\n<p>&nbsp;<\/p>\n<p>IP68-KLASIFIK\u0100CIJA: GR\u016aTS<\/p>\n<p>Pateicoties IP68 klasifik\u0101cijai, j\u016bs varat valk\u0101t GA gaismas zem saules, lietus, sniega un pat \u016bdens.<\/p>\n<p>&nbsp;<\/p>\n<p>USB \/ UZL\u0100DES PORTS<\/p>\n<p>Moderna, \u012bpa\u0161i uzb\u016bv\u0113ta litija jonu baterija, izmantojot C tipa USB (iek\u013cauta), uzl\u0101d\u0113jas maz\u0101k nek\u0101 2 stund\u0101s un pied\u0101v\u0101 1,5 l\u012bdz 150 stundu darb\u012bbas laiku atkar\u012bb\u0101 no gaismas re\u017e\u012bma un spilgtuma iestat\u012bjuma.<\/p>\n<p>&nbsp;<\/p>\n<p>Super gaisma-apm\u0113ram 2 Oz \/ 56,70 g<br \/>\nIztur\u012bgs-\u016bdensnecaurlaid\u012bgs, putek\u013cu necaurlaid\u012bgs, triecieniztur\u012bgs<br \/>\nT\u0101lsatiksmes redzam\u012bba-l\u012bdz 3 + j\u016bd\u017eu redzam\u012bbai, izmantojot lieljaudas gaismas diodes, 360ft apgaismojumu.<br \/>\n\u010cetri da\u017e\u0101di spilgtuma iestat\u012bjumi-zems, vid\u0113js, augsts un maksim\u0101lais spilgtums<br \/>\nExtreme battery life-uzl\u0101d\u0113jams litija jonu akumulators, kas izmanto C tipa uzl\u0101des kabeli (iek\u013cauts komplekt\u0101). Uzl\u0101des laiks ir maz\u0101ks par 2 stund\u0101m.<br \/>\nIeb\u016bv\u0113ta magn\u0113tisk\u0101 stiprin\u0101juma sist\u0113ma &#8211; ieb\u016bv\u0113ts neod\u012bma magn\u0113ts un atbilsto\u0161s magn\u0113tiskais skava (iek\u013cauts komplekt\u0101), kas stiprina gandr\u012bz jebkuru virsmu.<br \/>\nNep\u0101rtraukti iesl\u0113gts vai mirgojo\u0161s raksts-ab\u0101m pus\u0113m ir nep\u0101rtraukti iesl\u0113gti vai mirgojo\u0161i iestat\u012bjumi.<br \/>\nAkumulatora darb\u012bbas laiks indikators-turot pogu \u0101tri par\u0101da atliku\u0161o akumulatora darb\u012bbas laiku uz viegli las\u012bt LED indikators.<br \/>\nNeatkar\u012bgas gaismas vad\u012bbas ier\u012bces &#8211; 4 da\u017e\u0101das gaismas vad\u012bbas ier\u012bces nodro\u0161ina maksim\u0101lu apgaismojuma daudzpus\u012bbu, ieskaitot mirgojo\u0161u \u0101rk\u0101rtas situ\u0101ciju<br \/>\nBalta darba gaismas funkcija &#8211; viena balta LED darba gaisma v\u0101j\u0101 apgaismojum\u0101.<br \/>\nSOS zibspuldzes re\u017e\u012bms &#8211; turot nospiestu \u0101tro pogu, ier\u012bce tiek p\u0101rsl\u0113gta uz SOS zibspuldzes re\u017e\u012bmu.<br \/>\nAksesu\u0101ri-savietojams ar visiem Guardian Angel piederumiem<br \/>\nIer\u012bces izdevums &#8211; ga MICRO s\u0113rija,<br \/>\nLed skaits-11<br \/>\nIzm\u0113rs &#8211; 5.05 x 4.37 x 1.73 cm<\/p>\n","protected":false},"featured_media":132471,"template":"","meta":{"_acf_changed":false},"product_brand":[],"product_cat":[1019],"product_tag":[],"class_list":{"0":"post-149053","1":"product","2":"type-product","3":"status-publish","4":"has-post-thumbnail","6":"product_cat-policija-militaristi","8":"first","9":"instock","10":"taxable","11":"shipping-taxable","12":"purchasable","13":"product-type-simple"},"acf":[],"_links":{"self":[{"href":"https:\/\/kingarms.ee\/lv\/wp-json\/wp\/v2\/product\/149053","targetHints":{"allow":["GET"]}}],"collection":[{"href":"https:\/\/kingarms.ee\/lv\/wp-json\/wp\/v2\/product"}],"about":[{"href":"https:\/\/kingarms.ee\/lv\/wp-json\/wp\/v2\/types\/product"}],"wp:featuredmedia":[{"embeddable":true,"href":"https:\/\/kingarms.ee\/lv\/wp-json\/wp\/v2\/media\/132471"}],"wp:attachment":[{"href":"https:\/\/kingarms.ee\/lv\/wp-json\/wp\/v2\/media?parent=149053"}],"wp:term":[{"taxonomy":"product_brand","embeddable":true,"href":"https:\/\/kingarms.ee\/lv\/wp-json\/wp\/v2\/product_brand?post=149053"},{"taxonomy":"product_cat","embeddable":true,"href":"https:\/\/kingarms.ee\/lv\/wp-json\/wp\/v2\/product_cat?post=149053"},{"taxonomy":"product_tag","embeddable":true,"href":"https:\/\/kingarms.ee\/lv\/wp-json\/wp\/v2\/product_tag?post=149053"}],"curies":[{"name":"wp","href":"https:\/\/api.w.org\/{rel}","templated":true}]}}