{"id":149062,"date":"2023-01-18T18:31:24","date_gmt":"2025-05-11T11:33:40","guid":{"rendered":"https:\/\/kingarms.ee\/product\/magnetiska-bel-hardstorm-stiprinajums-pieejams-atvienota-opcija-guardian-engelis\/"},"modified":"2025-05-11T14:33:40","modified_gmt":"2025-05-11T11:33:40","slug":"magnetiska-bel-hardstorm-stiprinajums-pieejams-atvienota-opcija-guardian-engelis","status":"publish","type":"product","link":"https:\/\/kingarms.ee\/lv\/product\/magnetiska-bel-hardstorm-stiprinajums-pieejams-atvienota-opcija-guardian-engelis\/","title":{"rendered":"Magn\u0113tisk\u0101 Bel Hardstorm stiprin\u0101jums {pieejams atvienot\u0101 opcij\u0101} (Guardian E\u0146\u0123elis)"},"content":{"rendered":"<p><img loading=\"lazy\" decoding=\"async\" class=\"alignnone size-full wp-image-73552\" src=\"https:\/\/kingarms.ee\/wp-content\/uploads\/2023\/01\/14068__c9bc32_b.jpg\" alt=\"\" width=\"1000\" height=\"1000\" srcset=\"https:\/\/kingarms.ee\/wp-content\/uploads\/2023\/01\/14068__c9bc32_b.jpg 1000w, https:\/\/kingarms.ee\/wp-content\/uploads\/2023\/01\/14068__c9bc32_b-300x300.jpg 300w, https:\/\/kingarms.ee\/wp-content\/uploads\/2023\/01\/14068__c9bc32_b-150x150.jpg 150w, https:\/\/kingarms.ee\/wp-content\/uploads\/2023\/01\/14068__c9bc32_b-768x768.jpg 768w, https:\/\/kingarms.ee\/wp-content\/uploads\/2023\/01\/14068__c9bc32_b-500x500.jpg 500w\" sizes=\"auto, (max-width: 1000px) 100vw, 1000px\" \/><\/p>\n","protected":false},"excerpt":{"rendered":"<p>Velcro siksna ar regul\u0113jamu magn\u0113tisko pamatni \u013cauj uzst\u0101d\u012bt ier\u012bci jebkur\u0101 viet\u0101<br \/>\nPiln\u012bb\u0101 integr\u0113ts, ieb\u016bv\u0113ts neod\u012bma retzemju magn\u0113ts<br \/>\nIetver 21 collu Velcro siksnu, kuru var sagriezt p\u0113c vajadz\u012bbas (siksnas platums ir 0,75&#8243;).<br \/>\nMagn\u0113tiskais grunts sa\u0137eres modelis nov\u0113r\u0161 p\u0101rvieto\u0161anos<br \/>\nMagn\u0113tisk\u0101 b\u0101ze ar ieb\u016bv\u0113tu cilpi\u0146u ier\u012bces nostiprin\u0101\u0161anai (nop\u0113rkams atsevi\u0161\u0137i).<br \/>\nIzv\u0113les cietais stiprin\u0101jums, izmantojot 2x-M3 10mm Skr\u016bves (iek\u013cauts komplekt\u0101)<br \/>\nSavietojams gan ar Elite, gan Microalise ier\u012bc\u0113m<\/p>\n","protected":false},"featured_media":132078,"template":"","meta":{"_acf_changed":false},"product_brand":[],"product_cat":[1019],"product_tag":[],"class_list":{"0":"post-149062","1":"product","2":"type-product","3":"status-publish","4":"has-post-thumbnail","6":"product_cat-policija-militaristi","8":"first","9":"instock","10":"taxable","11":"shipping-taxable","12":"purchasable","13":"product-type-simple"},"acf":[],"_links":{"self":[{"href":"https:\/\/kingarms.ee\/lv\/wp-json\/wp\/v2\/product\/149062","targetHints":{"allow":["GET"]}}],"collection":[{"href":"https:\/\/kingarms.ee\/lv\/wp-json\/wp\/v2\/product"}],"about":[{"href":"https:\/\/kingarms.ee\/lv\/wp-json\/wp\/v2\/types\/product"}],"wp:featuredmedia":[{"embeddable":true,"href":"https:\/\/kingarms.ee\/lv\/wp-json\/wp\/v2\/media\/132078"}],"wp:attachment":[{"href":"https:\/\/kingarms.ee\/lv\/wp-json\/wp\/v2\/media?parent=149062"}],"wp:term":[{"taxonomy":"product_brand","embeddable":true,"href":"https:\/\/kingarms.ee\/lv\/wp-json\/wp\/v2\/product_brand?post=149062"},{"taxonomy":"product_cat","embeddable":true,"href":"https:\/\/kingarms.ee\/lv\/wp-json\/wp\/v2\/product_cat?post=149062"},{"taxonomy":"product_tag","embeddable":true,"href":"https:\/\/kingarms.ee\/lv\/wp-json\/wp\/v2\/product_tag?post=149062"}],"curies":[{"name":"wp","href":"https:\/\/api.w.org\/{rel}","templated":true}]}}