{"id":149064,"date":"2023-01-18T18:13:08","date_gmt":"2025-05-11T11:38:10","guid":{"rendered":"https:\/\/kingarms.ee\/product\/magnetiska-stabilizatora-skavas-stiprinajums-pieejams-ieskruvejams-variants-sargengelis\/"},"modified":"2025-05-11T14:38:10","modified_gmt":"2025-05-11T11:38:10","slug":"magnetiska-stabilizatora-skavas-stiprinajums-pieejams-ieskruvejams-variants-sargengelis","status":"publish","type":"product","link":"https:\/\/kingarms.ee\/lv\/product\/magnetiska-stabilizatora-skavas-stiprinajums-pieejams-ieskruvejams-variants-sargengelis\/","title":{"rendered":"Magn\u0113tisk\u0101 Stabilizatora skavas stiprin\u0101jums {pieejams ieskr\u016bv\u0113jams variants} (sarge\u0146\u0123elis)"},"content":{"rendered":"<p><img loading=\"lazy\" decoding=\"async\" class=\"alignnone size-full wp-image-73526\" src=\"https:\/\/kingarms.ee\/wp-content\/uploads\/2023\/01\/15874__e2bc10_b.jpg\" alt=\"\" width=\"879\" height=\"1000\" srcset=\"https:\/\/kingarms.ee\/wp-content\/uploads\/2023\/01\/15874__e2bc10_b.jpg 879w, https:\/\/kingarms.ee\/wp-content\/uploads\/2023\/01\/15874__e2bc10_b-264x300.jpg 264w, https:\/\/kingarms.ee\/wp-content\/uploads\/2023\/01\/15874__e2bc10_b-768x874.jpg 768w, https:\/\/kingarms.ee\/wp-content\/uploads\/2023\/01\/15874__e2bc10_b-500x569.jpg 500w, https:\/\/kingarms.ee\/wp-content\/uploads\/2023\/01\/15874__e2bc10_b-150x171.jpg 150w\" sizes=\"auto, (max-width: 879px) 100vw, 879px\" \/><\/p>\n","protected":false},"excerpt":{"rendered":"<p>Piln\u012bb\u0101 integr\u0113ts, ieb\u016bv\u0113ts neod\u012bma retzemju magn\u0113ts<br \/>\nMagn\u0113tiski piestiprin\u0101s pie jebkuras Guardian Angel ier\u012bces<br \/>\nVar piestiprin\u0101t pie jebkuras ier\u012bces ar 2 skr\u016bv\u0113m<br \/>\nSp\u0113c\u012bgs skavas stiprin\u0101jums dro\u0161i piestiprin\u0101s pie jebkura ap\u0123\u0113rba<br \/>\nIetver priek\u0161\u0113jos un aizmugur\u0113jos gumijas stabilizatorus, lai nov\u0113rstu ier\u012bces \u0161\u016bpo\u0161anos uz priek\u0161u vai no vienas puses uz otru.<br \/>\nPiem\u0113rots siksn\u0101m, kas plat\u0101kas par 1,75<br \/>\nSavietojams gan ar Elite un Micro ier\u012bc\u0113m<\/p>\n","protected":false},"featured_media":132089,"template":"","meta":{"_acf_changed":false},"product_brand":[],"product_cat":[1019],"product_tag":[],"class_list":{"0":"post-149064","1":"product","2":"type-product","3":"status-publish","4":"has-post-thumbnail","6":"product_cat-policija-militaristi","8":"first","9":"instock","10":"taxable","11":"shipping-taxable","12":"purchasable","13":"product-type-simple"},"acf":[],"_links":{"self":[{"href":"https:\/\/kingarms.ee\/lv\/wp-json\/wp\/v2\/product\/149064","targetHints":{"allow":["GET"]}}],"collection":[{"href":"https:\/\/kingarms.ee\/lv\/wp-json\/wp\/v2\/product"}],"about":[{"href":"https:\/\/kingarms.ee\/lv\/wp-json\/wp\/v2\/types\/product"}],"wp:featuredmedia":[{"embeddable":true,"href":"https:\/\/kingarms.ee\/lv\/wp-json\/wp\/v2\/media\/132089"}],"wp:attachment":[{"href":"https:\/\/kingarms.ee\/lv\/wp-json\/wp\/v2\/media?parent=149064"}],"wp:term":[{"taxonomy":"product_brand","embeddable":true,"href":"https:\/\/kingarms.ee\/lv\/wp-json\/wp\/v2\/product_brand?post=149064"},{"taxonomy":"product_cat","embeddable":true,"href":"https:\/\/kingarms.ee\/lv\/wp-json\/wp\/v2\/product_cat?post=149064"},{"taxonomy":"product_tag","embeddable":true,"href":"https:\/\/kingarms.ee\/lv\/wp-json\/wp\/v2\/product_tag?post=149064"}],"curies":[{"name":"wp","href":"https:\/\/api.w.org\/{rel}","templated":true}]}}