{"id":149066,"date":"2023-01-18T18:03:02","date_gmt":"2025-05-11T11:41:40","guid":{"rendered":"https:\/\/kingarms.ee\/product\/pieejams-magnetiskais-velcro-ieskruvejams-sargengelis\/"},"modified":"2025-05-11T14:41:40","modified_gmt":"2025-05-11T11:41:40","slug":"pieejams-magnetiskais-velcro-ieskruvejams-sargengelis","status":"publish","type":"product","link":"https:\/\/kingarms.ee\/lv\/product\/pieejams-magnetiskais-velcro-ieskruvejams-sargengelis\/","title":{"rendered":"Pieejams magn\u0113tiskais Velcro {ieskr\u016bv\u0113jams} (sarge\u0146\u0123elis)"},"content":{"rendered":"<p><img loading=\"lazy\" decoding=\"async\" class=\"alignnone size-full wp-image-73509\" src=\"https:\/\/kingarms.ee\/wp-content\/uploads\/2023\/01\/15905__57e00c_b.jpg\" alt=\"\" width=\"1000\" height=\"1000\" srcset=\"https:\/\/kingarms.ee\/wp-content\/uploads\/2023\/01\/15905__57e00c_b.jpg 1000w, https:\/\/kingarms.ee\/wp-content\/uploads\/2023\/01\/15905__57e00c_b-300x300.jpg 300w, https:\/\/kingarms.ee\/wp-content\/uploads\/2023\/01\/15905__57e00c_b-150x150.jpg 150w, https:\/\/kingarms.ee\/wp-content\/uploads\/2023\/01\/15905__57e00c_b-768x768.jpg 768w, https:\/\/kingarms.ee\/wp-content\/uploads\/2023\/01\/15905__57e00c_b-500x500.jpg 500w\" sizes=\"auto, (max-width: 1000px) 100vw, 1000px\" \/><\/p>\n","protected":false},"excerpt":{"rendered":"<p><strong>Magn\u0113tiskais Velcro stiprin\u0101jums <\/strong><\/p>\n<p>Piln\u012bb\u0101 integr\u0113ts, ieb\u016bv\u0113ts neod\u012bma retzemju magn\u0113ts<br \/>\nMagn\u0113tiski piestiprin\u0101s pie jebkuras Guardian Angel ier\u012bces<br \/>\nVar piestiprin\u0101t pie jebkuras ier\u012bces ar 2 skr\u016bv\u0113m<br \/>\nStiprin\u0101juma apak\u0161\u0113j\u0101 da\u013ca ir p\u0101rkl\u0101ta ar stipriem, 3M \u012bpa\u0161i gariem velcro \u0101\u0137iem, ko piestiprin\u0101t pie jebkuras Velcro cilpas virsmas.<br \/>\nIetver izv\u0113les 3M Dual Lock adhesive mount (izmantot nevis Velcro)<br \/>\n3x velcro stiprin\u0101jumi ir iek\u013cauti<br \/>\nSavietojams gan ar Elite un Micro ier\u012bc\u0113m<\/p>\n","protected":false},"featured_media":132075,"template":"","meta":{"_acf_changed":false},"product_brand":[],"product_cat":[1019],"product_tag":[],"class_list":{"0":"post-149066","1":"product","2":"type-product","3":"status-publish","4":"has-post-thumbnail","6":"product_cat-policija-militaristi","8":"first","9":"instock","10":"taxable","11":"shipping-taxable","12":"purchasable","13":"product-type-simple"},"acf":[],"_links":{"self":[{"href":"https:\/\/kingarms.ee\/lv\/wp-json\/wp\/v2\/product\/149066","targetHints":{"allow":["GET"]}}],"collection":[{"href":"https:\/\/kingarms.ee\/lv\/wp-json\/wp\/v2\/product"}],"about":[{"href":"https:\/\/kingarms.ee\/lv\/wp-json\/wp\/v2\/types\/product"}],"wp:featuredmedia":[{"embeddable":true,"href":"https:\/\/kingarms.ee\/lv\/wp-json\/wp\/v2\/media\/132075"}],"wp:attachment":[{"href":"https:\/\/kingarms.ee\/lv\/wp-json\/wp\/v2\/media?parent=149066"}],"wp:term":[{"taxonomy":"product_brand","embeddable":true,"href":"https:\/\/kingarms.ee\/lv\/wp-json\/wp\/v2\/product_brand?post=149066"},{"taxonomy":"product_cat","embeddable":true,"href":"https:\/\/kingarms.ee\/lv\/wp-json\/wp\/v2\/product_cat?post=149066"},{"taxonomy":"product_tag","embeddable":true,"href":"https:\/\/kingarms.ee\/lv\/wp-json\/wp\/v2\/product_tag?post=149066"}],"curies":[{"name":"wp","href":"https:\/\/api.w.org\/{rel}","templated":true}]}}