{"id":149073,"date":"2023-01-18T17:24:21","date_gmt":"2025-05-11T12:10:15","guid":{"rendered":"https:\/\/kingarms.ee\/product\/magnetiskas-cietas-cepures-austinu-stiprinajums-pieejama-ieskruvejama-opcija-sargengelis\/"},"modified":"2025-05-11T15:10:15","modified_gmt":"2025-05-11T12:10:15","slug":"magnetiskas-cietas-cepures-austinu-stiprinajums-pieejama-ieskruvejama-opcija-sargengelis","status":"publish","type":"product","link":"https:\/\/kingarms.ee\/lv\/product\/magnetiskas-cietas-cepures-austinu-stiprinajums-pieejama-ieskruvejama-opcija-sargengelis\/","title":{"rendered":"Magn\u0113tisk\u0101s ciet\u0101s cepures austi\u0146u stiprin\u0101jums [pieejama Ieskr\u016bv\u0113jama opcija] (sarge\u0146\u0123elis)"},"content":{"rendered":"<p><img loading=\"lazy\" decoding=\"async\" class=\"alignnone size-full wp-image-73432\" src=\"https:\/\/kingarms.ee\/wp-content\/uploads\/2023\/01\/14111__28d7be_b.jpg\" alt=\"\" width=\"905\" height=\"1000\" srcset=\"https:\/\/kingarms.ee\/wp-content\/uploads\/2023\/01\/14111__28d7be_b.jpg 905w, https:\/\/kingarms.ee\/wp-content\/uploads\/2023\/01\/14111__28d7be_b-272x300.jpg 272w, https:\/\/kingarms.ee\/wp-content\/uploads\/2023\/01\/14111__28d7be_b-768x849.jpg 768w, https:\/\/kingarms.ee\/wp-content\/uploads\/2023\/01\/14111__28d7be_b-500x552.jpg 500w, https:\/\/kingarms.ee\/wp-content\/uploads\/2023\/01\/14111__28d7be_b-150x166.jpg 150w\" sizes=\"auto, (max-width: 905px) 100vw, 905px\" \/><\/p>\n","protected":false},"excerpt":{"rendered":"<p><strong>Magn\u0113tisk\u0101 cieto austi\u0146u stiprin\u0101jums<\/strong><\/p>\n<ul>\n<li>Ciet\u0101s cepures dro\u0161\u012bbas gaismas stiprin\u0101jums<\/li>\n<li>Klipi ermaff slot\u0101 ir visgr\u016bt\u0101k\u0101s cepures<\/li>\n<li>Gumijas roktura pamatnes ieliktnis<\/li>\n<li>Izce\u013cas ar mirgojo\u0161\u0101m strobe gaism\u0101m uz j\u016bsu ciet\u0101s cepures<\/li>\n<li>P\u0113c izv\u0113les cieta mont\u0101\u017ea, Izmantojot 2-M3 10mm Skr\u016bves (iek\u013cautas komplekt\u0101)<\/li>\n<li>Ietver cilpu, lai pievienotu ier\u012bces piesie\u0161anu (p\u0101rdots atsevi\u0161\u0137i)<\/li>\n<li>Compatible with any Guardian Angel Device for hands-free light<\/li>\n<\/ul>\n","protected":false},"featured_media":126773,"template":"","meta":{"_acf_changed":false},"product_brand":[],"product_cat":[1019],"product_tag":[],"class_list":{"0":"post-149073","1":"product","2":"type-product","3":"status-publish","4":"has-post-thumbnail","6":"product_cat-policija-militaristi","8":"first","9":"instock","10":"taxable","11":"shipping-taxable","12":"purchasable","13":"product-type-simple"},"acf":[],"_links":{"self":[{"href":"https:\/\/kingarms.ee\/lv\/wp-json\/wp\/v2\/product\/149073","targetHints":{"allow":["GET"]}}],"collection":[{"href":"https:\/\/kingarms.ee\/lv\/wp-json\/wp\/v2\/product"}],"about":[{"href":"https:\/\/kingarms.ee\/lv\/wp-json\/wp\/v2\/types\/product"}],"wp:featuredmedia":[{"embeddable":true,"href":"https:\/\/kingarms.ee\/lv\/wp-json\/wp\/v2\/media\/126773"}],"wp:attachment":[{"href":"https:\/\/kingarms.ee\/lv\/wp-json\/wp\/v2\/media?parent=149073"}],"wp:term":[{"taxonomy":"product_brand","embeddable":true,"href":"https:\/\/kingarms.ee\/lv\/wp-json\/wp\/v2\/product_brand?post=149073"},{"taxonomy":"product_cat","embeddable":true,"href":"https:\/\/kingarms.ee\/lv\/wp-json\/wp\/v2\/product_cat?post=149073"},{"taxonomy":"product_tag","embeddable":true,"href":"https:\/\/kingarms.ee\/lv\/wp-json\/wp\/v2\/product_tag?post=149073"}],"curies":[{"name":"wp","href":"https:\/\/api.w.org\/{rel}","templated":true}]}}