{"id":149079,"date":"2023-01-18T17:01:29","date_gmt":"2025-05-11T12:18:32","guid":{"rendered":"https:\/\/kingarms.ee\/product\/rezerves-magneta-montazas-paplate-maza-standarta-mikro-paplate-guardian-angel\/"},"modified":"2025-05-11T15:18:32","modified_gmt":"2025-05-11T12:18:32","slug":"rezerves-magneta-montazas-paplate-maza-standarta-mikro-paplate-guardian-angel","status":"publish","type":"product","link":"https:\/\/kingarms.ee\/lv\/product\/rezerves-magneta-montazas-paplate-maza-standarta-mikro-paplate-guardian-angel\/","title":{"rendered":"Rezerves magn\u0113ta mont\u0101\u017eas papl\u0101te-maza standarta mikro papl\u0101te (Guardian Angel)"},"content":{"rendered":"<p><img loading=\"lazy\" decoding=\"async\" class=\"alignnone size-full wp-image-73392\" src=\"https:\/\/kingarms.ee\/wp-content\/uploads\/2023\/01\/15893__6e7651.webp\" alt=\"\" width=\"1920\" height=\"1920\" srcset=\"https:\/\/kingarms.ee\/wp-content\/uploads\/2023\/01\/15893__6e7651.webp 1920w, https:\/\/kingarms.ee\/wp-content\/uploads\/2023\/01\/15893__6e7651-300x300.webp 300w, https:\/\/kingarms.ee\/wp-content\/uploads\/2023\/01\/15893__6e7651-1024x1024.webp 1024w, https:\/\/kingarms.ee\/wp-content\/uploads\/2023\/01\/15893__6e7651-150x150.webp 150w, https:\/\/kingarms.ee\/wp-content\/uploads\/2023\/01\/15893__6e7651-768x768.webp 768w, https:\/\/kingarms.ee\/wp-content\/uploads\/2023\/01\/15893__6e7651-1536x1536.webp 1536w, https:\/\/kingarms.ee\/wp-content\/uploads\/2023\/01\/15893__6e7651-500x500.webp 500w\" sizes=\"auto, (max-width: 1920px) 100vw, 1920px\" \/><\/p>\n","protected":false},"excerpt":{"rendered":"<p><strong>Nomai\u0146a magn\u0113ts mont\u0101\u017eas b\u0101ze<\/strong><\/p>\n<p>Magn\u0113tisk\u0101 klipa standarts Guardian Angel Micro mode\u013ciem. Klipu var novietot zem jebkura ap\u0123\u0113rba, ier\u012bce piestiprin\u0101s pie ap\u0123\u0113rba \u0101rpuses. Sp\u0113c\u012bgi magn\u0113ti stingri turas viet\u0101. Savietojams gan ar Elite un Micro ier\u012bc\u0113m<\/p>\n","protected":false},"featured_media":133177,"template":"","meta":{"_acf_changed":false},"product_brand":[],"product_cat":[1019],"product_tag":[],"class_list":{"0":"post-149079","1":"product","2":"type-product","3":"status-publish","4":"has-post-thumbnail","6":"product_cat-policija-militaristi","8":"first","9":"instock","10":"taxable","11":"shipping-taxable","12":"purchasable","13":"product-type-simple"},"acf":[],"_links":{"self":[{"href":"https:\/\/kingarms.ee\/lv\/wp-json\/wp\/v2\/product\/149079","targetHints":{"allow":["GET"]}}],"collection":[{"href":"https:\/\/kingarms.ee\/lv\/wp-json\/wp\/v2\/product"}],"about":[{"href":"https:\/\/kingarms.ee\/lv\/wp-json\/wp\/v2\/types\/product"}],"wp:featuredmedia":[{"embeddable":true,"href":"https:\/\/kingarms.ee\/lv\/wp-json\/wp\/v2\/media\/133177"}],"wp:attachment":[{"href":"https:\/\/kingarms.ee\/lv\/wp-json\/wp\/v2\/media?parent=149079"}],"wp:term":[{"taxonomy":"product_brand","embeddable":true,"href":"https:\/\/kingarms.ee\/lv\/wp-json\/wp\/v2\/product_brand?post=149079"},{"taxonomy":"product_cat","embeddable":true,"href":"https:\/\/kingarms.ee\/lv\/wp-json\/wp\/v2\/product_cat?post=149079"},{"taxonomy":"product_tag","embeddable":true,"href":"https:\/\/kingarms.ee\/lv\/wp-json\/wp\/v2\/product_tag?post=149079"}],"curies":[{"name":"wp","href":"https:\/\/api.w.org\/{rel}","templated":true}]}}