{"id":149089,"date":"2023-01-16T18:54:45","date_gmt":"2025-05-11T12:28:20","guid":{"rendered":"https:\/\/kingarms.ee\/product\/termiska-kruze-alus-m-tac\/"},"modified":"2025-05-11T15:28:20","modified_gmt":"2025-05-11T12:28:20","slug":"termiska-kruze-alus-m-tac","status":"publish","type":"product","link":"https:\/\/kingarms.ee\/lv\/product\/termiska-kruze-alus-m-tac\/","title":{"rendered":"Termisk\u0101 kr\u016bze &#8220;alus&#8221; (M-Tac)"},"content":{"rendered":"<p><img loading=\"lazy\" decoding=\"async\" class=\"alignnone size-full wp-image-73202\" src=\"https:\/\/kingarms.ee\/wp-content\/uploads\/2023\/01\/CL1C-M15-1.jpeg\" alt=\"\" width=\"600\" height=\"600\" srcset=\"https:\/\/kingarms.ee\/wp-content\/uploads\/2023\/01\/CL1C-M15-1.jpeg 600w, https:\/\/kingarms.ee\/wp-content\/uploads\/2023\/01\/CL1C-M15-1-300x300.jpeg 300w, https:\/\/kingarms.ee\/wp-content\/uploads\/2023\/01\/CL1C-M15-1-150x150.jpeg 150w, https:\/\/kingarms.ee\/wp-content\/uploads\/2023\/01\/CL1C-M15-1-500x500.jpeg 500w\" sizes=\"auto, (max-width: 600px) 100vw, 600px\" \/><\/p>\n","protected":false},"excerpt":{"rendered":"<p>M-Tac termo kr\u016bze &#8220;alus&#8221; ir izgatavota no ner\u016bs\u0113jo\u0161\u0101 t\u0113rauda, kr\u016bze ir stingra un iztur\u012bga. Divsl\u0101\u0146u sienas, nosl\u0113gts sl\u0101nis un vakuums ne\u013cauj dz\u0113rienam iz\u017e\u016bt un \u0101rsienas sakarst. T\u0101p\u0113c j\u016bs nevarat baid\u012bties no apdegumiem ar \u0161\u0101du kr\u016bzi.  <\/p>\n","protected":false},"featured_media":130867,"template":"","meta":{"_acf_changed":false},"product_brand":[],"product_cat":[1119],"product_tag":[],"class_list":{"0":"post-149089","1":"product","2":"type-product","3":"status-publish","4":"has-post-thumbnail","6":"product_cat-celojumu-preces","8":"first","9":"instock","10":"taxable","11":"shipping-taxable","12":"purchasable","13":"product-type-simple"},"acf":[],"_links":{"self":[{"href":"https:\/\/kingarms.ee\/lv\/wp-json\/wp\/v2\/product\/149089","targetHints":{"allow":["GET"]}}],"collection":[{"href":"https:\/\/kingarms.ee\/lv\/wp-json\/wp\/v2\/product"}],"about":[{"href":"https:\/\/kingarms.ee\/lv\/wp-json\/wp\/v2\/types\/product"}],"wp:featuredmedia":[{"embeddable":true,"href":"https:\/\/kingarms.ee\/lv\/wp-json\/wp\/v2\/media\/130867"}],"wp:attachment":[{"href":"https:\/\/kingarms.ee\/lv\/wp-json\/wp\/v2\/media?parent=149089"}],"wp:term":[{"taxonomy":"product_brand","embeddable":true,"href":"https:\/\/kingarms.ee\/lv\/wp-json\/wp\/v2\/product_brand?post=149089"},{"taxonomy":"product_cat","embeddable":true,"href":"https:\/\/kingarms.ee\/lv\/wp-json\/wp\/v2\/product_cat?post=149089"},{"taxonomy":"product_tag","embeddable":true,"href":"https:\/\/kingarms.ee\/lv\/wp-json\/wp\/v2\/product_tag?post=149089"}],"curies":[{"name":"wp","href":"https:\/\/api.w.org\/{rel}","templated":true}]}}