{"id":149108,"date":"2023-01-16T16:01:36","date_gmt":"2025-05-11T12:50:09","guid":{"rendered":"https:\/\/kingarms.ee\/product\/travel-thermos-1600-ml-olivu-m-tac\/"},"modified":"2025-05-11T15:50:09","modified_gmt":"2025-05-11T12:50:09","slug":"travel-thermos-1600-ml-olivu-m-tac","status":"publish","type":"product","link":"https:\/\/kingarms.ee\/lv\/product\/travel-thermos-1600-ml-olivu-m-tac\/","title":{"rendered":"Travel Thermos 1600 ml ol\u012bvu (M-TAC)"},"content":{"rendered":"<p><img loading=\"lazy\" decoding=\"async\" class=\"alignnone size-full wp-image-73105\" src=\"https:\/\/kingarms.ee\/wp-content\/uploads\/2023\/01\/UN-G05-1600A-1.jpeg\" alt=\"\" width=\"600\" height=\"600\" srcset=\"https:\/\/kingarms.ee\/wp-content\/uploads\/2023\/01\/UN-G05-1600A-1.jpeg 600w, https:\/\/kingarms.ee\/wp-content\/uploads\/2023\/01\/UN-G05-1600A-1-300x300.jpeg 300w, https:\/\/kingarms.ee\/wp-content\/uploads\/2023\/01\/UN-G05-1600A-1-150x150.jpeg 150w, https:\/\/kingarms.ee\/wp-content\/uploads\/2023\/01\/UN-G05-1600A-1-500x500.jpeg 500w\" sizes=\"auto, (max-width: 600px) 100vw, 600px\" \/><\/p>\n","protected":false},"excerpt":{"rendered":"<p><strong>Ce\u013cojuma termoss<\/strong><\/p>\n<p>K\u0101 j\u016bs v\u0113laties justies p\u0113c iesp\u0113jas \u0113rt\u0101k, dodoties \u0101r\u0101 vasar\u0101 vai ziem\u0101. M-Tas br-tas br-tas suur termos on lihtne ja praktiline matkav, mille saate kaasa v-tta piknikule, kalale, autosse V-tas s-t-reisile.<\/p>\n<p>Izgatavots no augstas kvalit\u0101tes ner\u016bs\u0113jo\u0161\u0101 p\u0101rtikas t\u0113rauda. Dubult\u0101s sienas dro\u0161i saglab\u0101 siltumu. Termoss ir aizv\u0113rts ar vakuuma v\u0101ku un ieskr\u016bv\u0113ts cit\u0101 v\u0101ci\u0146\u0101, ko var izmantot k\u0101 kausu. Tas nodro\u0161in\u0101s absol\u016btu herm\u0113tiskumu, un j\u016bsu iecien\u012bt\u0101kais dz\u0113riens noteikti neizpl\u016bst.<\/p>\n<p>Iek\u0161\u0113jam v\u0101ci\u0146am ir kan\u0101li, lai ielejot da\u013c\u0113ji sl\u0113gt\u0101 st\u0101vokl\u012b. Tas \u013cauj ielej \u0161\u0137idrumu, piln\u012bb\u0101 neatskr\u016bv\u0113jot v\u0101ku, kas ar\u012b samazina temperat\u016bras zudumus darb\u012bbas laik\u0101.<\/p>\n<p>\u0112rti s\u0101nu rokturi ir Salok\u0101mi un veicina \u0113rt\u0101ku lieto\u0161anu. Termosu var n\u0113s\u0101t ar\u012b uz pleca vai rok\u0101, izmantojot m\u012bkstas no\u0146emamas siksnas.<\/p>\n<p>M-IT termosega j krovadkuumad ja K krovlad joogid kauaks. Tas ir ide\u0101li piem\u0113rots visai \u0123imenei vai lielam uz\u0146\u0113mumam.<\/p>\n","protected":false},"featured_media":130926,"template":"","meta":{"_acf_changed":false},"product_brand":[],"product_cat":[1119],"product_tag":[],"class_list":{"0":"post-149108","1":"product","2":"type-product","3":"status-publish","4":"has-post-thumbnail","6":"product_cat-celojumu-preces","8":"first","9":"instock","10":"taxable","11":"shipping-taxable","12":"purchasable","13":"product-type-simple"},"acf":[],"_links":{"self":[{"href":"https:\/\/kingarms.ee\/lv\/wp-json\/wp\/v2\/product\/149108","targetHints":{"allow":["GET"]}}],"collection":[{"href":"https:\/\/kingarms.ee\/lv\/wp-json\/wp\/v2\/product"}],"about":[{"href":"https:\/\/kingarms.ee\/lv\/wp-json\/wp\/v2\/types\/product"}],"wp:featuredmedia":[{"embeddable":true,"href":"https:\/\/kingarms.ee\/lv\/wp-json\/wp\/v2\/media\/130926"}],"wp:attachment":[{"href":"https:\/\/kingarms.ee\/lv\/wp-json\/wp\/v2\/media?parent=149108"}],"wp:term":[{"taxonomy":"product_brand","embeddable":true,"href":"https:\/\/kingarms.ee\/lv\/wp-json\/wp\/v2\/product_brand?post=149108"},{"taxonomy":"product_cat","embeddable":true,"href":"https:\/\/kingarms.ee\/lv\/wp-json\/wp\/v2\/product_cat?post=149108"},{"taxonomy":"product_tag","embeddable":true,"href":"https:\/\/kingarms.ee\/lv\/wp-json\/wp\/v2\/product_tag?post=149108"}],"curies":[{"name":"wp","href":"https:\/\/api.w.org\/{rel}","templated":true}]}}