{"id":149112,"date":"2023-01-16T15:02:33","date_gmt":"2025-05-11T12:55:55","guid":{"rendered":"https:\/\/kingarms.ee\/product\/emblemas-operators-m-tac\/"},"modified":"2025-05-11T15:55:55","modified_gmt":"2025-05-11T12:55:55","slug":"emblemas-operators-m-tac","status":"publish","type":"product","link":"https:\/\/kingarms.ee\/lv\/product\/emblemas-operators-m-tac\/","title":{"rendered":"Embl\u0113mas operators (M-TAC)"},"content":{"rendered":"<p><img loading=\"lazy\" decoding=\"async\" class=\"alignnone size-full wp-image-73063\" src=\"https:\/\/kingarms.ee\/wp-content\/uploads\/2023\/01\/51339001-1.jpeg\" alt=\"\" width=\"599\" height=\"600\" srcset=\"https:\/\/kingarms.ee\/wp-content\/uploads\/2023\/01\/51339001-1.jpeg 599w, https:\/\/kingarms.ee\/wp-content\/uploads\/2023\/01\/51339001-1-300x300.jpeg 300w, https:\/\/kingarms.ee\/wp-content\/uploads\/2023\/01\/51339001-1-150x150.jpeg 150w, https:\/\/kingarms.ee\/wp-content\/uploads\/2023\/01\/51339001-1-500x501.jpeg 500w\" sizes=\"auto, (max-width: 599px) 100vw, 599px\" \/><\/p>\n","protected":false},"excerpt":{"rendered":"<p><strong>Embl\u0113zmas operatori<\/strong><\/p>\n<p>M-Tas kaubam\u00e4rgi operaatori plaaster kohta originaalne moraalne plaaster, mis k\u00e4sitleb m\u00f5eldud meile s\u00f5ja kohutavat tegelikkust meelde tuletama. Pl\u0101ksteris att\u0113lo galvaskausu milit\u0101raj\u0101 mun\u012bcij\u0101, kas tikai p\u0113c izskata liecina par ne\u017e\u0113l\u012bbu, izn\u012bcin\u0101\u0161anu un neizb\u0113gamu n\u0101vi.<\/p>\n<p>Pl\u0101ksteris ir izgatavots no augstas kvalit\u0101tes un iztur\u012bga Oksfordas materi\u0101la ar 190g \/ m pilnkr\u0101su druku. Piestiprina dr\u0113b\u0113m, som\u0101m, mugursom\u0101m vai apr\u012bkojumam ar Velcro.<\/p>\n<p>M\u016bsdienu realit\u0101tes apst\u0101k\u013cos \u0161is pl\u0101ksteris k\u013c\u016bs par \u0101rk\u0101rt\u012bgi b\u016btisku papildin\u0101jumu j\u016bsu apr\u012bkojumam.<\/p>\n","protected":false},"featured_media":126697,"template":"","meta":{"_acf_changed":false},"product_brand":[],"product_cat":[1094],"product_tag":[],"class_list":{"0":"post-149112","1":"product","2":"type-product","3":"status-publish","4":"has-post-thumbnail","6":"product_cat-plaksteri","8":"first","9":"onbackorder","10":"taxable","11":"shipping-taxable","12":"product-type-simple"},"acf":[],"_links":{"self":[{"href":"https:\/\/kingarms.ee\/lv\/wp-json\/wp\/v2\/product\/149112","targetHints":{"allow":["GET"]}}],"collection":[{"href":"https:\/\/kingarms.ee\/lv\/wp-json\/wp\/v2\/product"}],"about":[{"href":"https:\/\/kingarms.ee\/lv\/wp-json\/wp\/v2\/types\/product"}],"wp:featuredmedia":[{"embeddable":true,"href":"https:\/\/kingarms.ee\/lv\/wp-json\/wp\/v2\/media\/126697"}],"wp:attachment":[{"href":"https:\/\/kingarms.ee\/lv\/wp-json\/wp\/v2\/media?parent=149112"}],"wp:term":[{"taxonomy":"product_brand","embeddable":true,"href":"https:\/\/kingarms.ee\/lv\/wp-json\/wp\/v2\/product_brand?post=149112"},{"taxonomy":"product_cat","embeddable":true,"href":"https:\/\/kingarms.ee\/lv\/wp-json\/wp\/v2\/product_cat?post=149112"},{"taxonomy":"product_tag","embeddable":true,"href":"https:\/\/kingarms.ee\/lv\/wp-json\/wp\/v2\/product_tag?post=149112"}],"curies":[{"name":"wp","href":"https:\/\/api.w.org\/{rel}","templated":true}]}}