{"id":149118,"date":"2023-01-16T14:46:48","date_gmt":"2025-05-11T13:06:39","guid":{"rendered":"https:\/\/kingarms.ee\/product\/napalma-m-tac-emblemas-smarza\/"},"modified":"2025-05-11T16:06:39","modified_gmt":"2025-05-11T13:06:39","slug":"napalma-m-tac-emblemas-smarza","status":"publish","type":"product","link":"https:\/\/kingarms.ee\/lv\/product\/napalma-m-tac-emblemas-smarza\/","title":{"rendered":"Napalma (M-TAC) embl\u0113mas smar\u017ea"},"content":{"rendered":"<p><img loading=\"lazy\" decoding=\"async\" class=\"alignnone size-full wp-image-73041\" src=\"https:\/\/kingarms.ee\/wp-content\/uploads\/2023\/01\/51340002-1.jpeg\" alt=\"\" width=\"600\" height=\"600\" srcset=\"https:\/\/kingarms.ee\/wp-content\/uploads\/2023\/01\/51340002-1.jpeg 600w, https:\/\/kingarms.ee\/wp-content\/uploads\/2023\/01\/51340002-1-300x300.jpeg 300w, https:\/\/kingarms.ee\/wp-content\/uploads\/2023\/01\/51340002-1-150x150.jpeg 150w, https:\/\/kingarms.ee\/wp-content\/uploads\/2023\/01\/51340002-1-500x500.jpeg 500w\" sizes=\"auto, (max-width: 600px) 100vw, 600px\" \/><\/p>\n","protected":false},"excerpt":{"rendered":"<p><strong>Napalma embl\u0113mas smar\u017ea<\/strong><\/p>\n<p>M-tas z\u012bmola napalma smar\u017ea ir augstas kvalit\u0101tes pl\u0101ksteris ar ori\u0123in\u0101lu dizainu. Fr\u0101ze&#8221;es m\u012blu napalma smar\u017eu no r\u012bta&#8221; ir uzrakst\u012bta uz pl\u0101kstera. Napalms ir \u013coti b\u012bstams ierocis, kas var iek\u013c\u016bt pat visgr\u016bt\u0101k sasniedzam\u0101s viet\u0101s. Napalma pl\u0101kstera smar\u017ea simboliski nodod v\u0113st\u012bjumu, ka&#8221; k\u0101dreiz \u0161is kar\u0161 beigsies &#8220;un beidzot m\u0113s sajut\u012bsim&#8221;uzvaras smar\u017eu&#8221;.<\/p>\n<p>Pl\u0101ksteris ir izgatavots no augstas kvalit\u0101tes un iztur\u012bga Oksfordas materi\u0101la 190g\/m, iztur\u012bgs pret nodilumu un liel\u0101m slodz\u0113m. Piestiprina dr\u0113b\u0113m, som\u0101m, mugursom\u0101m vai apr\u012bkojumam ar Velcro.<\/p>\n","protected":false},"featured_media":126691,"template":"","meta":{"_acf_changed":false},"product_brand":[],"product_cat":[1094],"product_tag":[],"class_list":{"0":"post-149118","1":"product","2":"type-product","3":"status-publish","4":"has-post-thumbnail","6":"product_cat-plaksteri","8":"first","9":"onbackorder","10":"taxable","11":"shipping-taxable","12":"product-type-simple"},"acf":[],"_links":{"self":[{"href":"https:\/\/kingarms.ee\/lv\/wp-json\/wp\/v2\/product\/149118","targetHints":{"allow":["GET"]}}],"collection":[{"href":"https:\/\/kingarms.ee\/lv\/wp-json\/wp\/v2\/product"}],"about":[{"href":"https:\/\/kingarms.ee\/lv\/wp-json\/wp\/v2\/types\/product"}],"wp:featuredmedia":[{"embeddable":true,"href":"https:\/\/kingarms.ee\/lv\/wp-json\/wp\/v2\/media\/126691"}],"wp:attachment":[{"href":"https:\/\/kingarms.ee\/lv\/wp-json\/wp\/v2\/media?parent=149118"}],"wp:term":[{"taxonomy":"product_brand","embeddable":true,"href":"https:\/\/kingarms.ee\/lv\/wp-json\/wp\/v2\/product_brand?post=149118"},{"taxonomy":"product_cat","embeddable":true,"href":"https:\/\/kingarms.ee\/lv\/wp-json\/wp\/v2\/product_cat?post=149118"},{"taxonomy":"product_tag","embeddable":true,"href":"https:\/\/kingarms.ee\/lv\/wp-json\/wp\/v2\/product_tag?post=149118"}],"curies":[{"name":"wp","href":"https:\/\/api.w.org\/{rel}","templated":true}]}}