{"id":149136,"date":"2023-01-13T18:19:36","date_gmt":"2025-05-11T13:44:26","guid":{"rendered":"https:\/\/kingarms.ee\/product\/taktiskai-pulkstena-m-tac-2\/"},"modified":"2025-05-11T16:44:26","modified_gmt":"2025-05-11T13:44:26","slug":"taktiskai-pulkstena-m-tac-2","status":"publish","type":"product","link":"https:\/\/kingarms.ee\/lv\/product\/taktiskai-pulkstena-m-tac-2\/","title":{"rendered":"Taktiskai Pulksten\u0101 (M-TAC)"},"content":{"rendered":"<p><img loading=\"lazy\" decoding=\"async\" class=\"alignnone size-full wp-image-72915\" src=\"https:\/\/kingarms.ee\/wp-content\/uploads\/2023\/01\/50004001-2.jpeg\" alt=\"\" width=\"600\" height=\"600\" srcset=\"https:\/\/kingarms.ee\/wp-content\/uploads\/2023\/01\/50004001-2.jpeg 600w, https:\/\/kingarms.ee\/wp-content\/uploads\/2023\/01\/50004001-2-300x300.jpeg 300w, https:\/\/kingarms.ee\/wp-content\/uploads\/2023\/01\/50004001-2-150x150.jpeg 150w, https:\/\/kingarms.ee\/wp-content\/uploads\/2023\/01\/50004001-2-500x500.jpeg 500w\" sizes=\"auto, (max-width: 600px) 100vw, 600px\" \/><\/p>\n","protected":false},"excerpt":{"rendered":"<p>Pla\u0161a funkcionalit\u0101te Pie M-Tac. \u0160is modelis ir svar\u012bgs pal\u012bgs cilv\u0113kiem, kuri vada akt\u012bvu dz\u012bvi, m\u012bl p\u0101rg\u0101jienus kalnos un ir ide\u0101li piem\u0113roti milit\u0101rperson\u0101m. M-tac pulkste\u0146a unik\u0101l\u0101s \u012bpa\u0161\u012bbas ir noder\u012bgas ne tikai cilv\u0113kiem, kas iesaist\u012bti ekstr\u0113mos sporta veidos, piem\u0113ram, izplet\u0146l\u0113k\u0161an\u0101, bet ir neaizst\u0101jami ikdienas dz\u012bv\u0113. Tas var nor\u0101d\u012bt atmosf\u0113ras spiedienu un gaisa temperat\u016bru. Nov\u0113rojot pulksteni, j\u016bs varat iepriek\u0161 paredz\u0113t vesel\u012bbas st\u0101vok\u013ca pasliktin\u0101\u0161anos un \u0161obr\u012bd labi sadal\u012bt savu darba slodzi.<\/p>\n<p>M-Tac daudzfunkcion\u0101lais taktiskais pulkstenis ir apr\u012bkots ar iztur\u012bgu korpusu, kas izgatavots no polikarbon\u0101ta un iztur\u012bga ner\u016bs\u0113jo\u0161\u0101 t\u0113rauda r\u0101mja. Stikls ir izgatavots no organisk\u0101 polikarbon\u0101ta, kas bez probl\u0113m\u0101m var iztur\u0113t skr\u0101p\u0113jumus un \u0161\u0137embas. \u016adens iztur\u012bba 3 ATM.<\/p>\n","protected":false},"featured_media":126669,"template":"","meta":{"_acf_changed":false},"product_brand":[],"product_cat":[1076],"product_tag":[],"class_list":{"0":"post-149136","1":"product","2":"type-product","3":"status-publish","4":"has-post-thumbnail","6":"product_cat-rokas-pulkstenis","8":"first","9":"onbackorder","10":"taxable","11":"shipping-taxable","12":"product-type-simple"},"acf":[],"_links":{"self":[{"href":"https:\/\/kingarms.ee\/lv\/wp-json\/wp\/v2\/product\/149136","targetHints":{"allow":["GET"]}}],"collection":[{"href":"https:\/\/kingarms.ee\/lv\/wp-json\/wp\/v2\/product"}],"about":[{"href":"https:\/\/kingarms.ee\/lv\/wp-json\/wp\/v2\/types\/product"}],"wp:featuredmedia":[{"embeddable":true,"href":"https:\/\/kingarms.ee\/lv\/wp-json\/wp\/v2\/media\/126669"}],"wp:attachment":[{"href":"https:\/\/kingarms.ee\/lv\/wp-json\/wp\/v2\/media?parent=149136"}],"wp:term":[{"taxonomy":"product_brand","embeddable":true,"href":"https:\/\/kingarms.ee\/lv\/wp-json\/wp\/v2\/product_brand?post=149136"},{"taxonomy":"product_cat","embeddable":true,"href":"https:\/\/kingarms.ee\/lv\/wp-json\/wp\/v2\/product_cat?post=149136"},{"taxonomy":"product_tag","embeddable":true,"href":"https:\/\/kingarms.ee\/lv\/wp-json\/wp\/v2\/product_tag?post=149136"}],"curies":[{"name":"wp","href":"https:\/\/api.w.org\/{rel}","templated":true}]}}