{"id":149138,"date":"2023-01-13T18:13:34","date_gmt":"2025-05-11T13:47:50","guid":{"rendered":"https:\/\/kingarms.ee\/product\/taktiskai-pulkstena-m-tac-3\/"},"modified":"2025-05-11T16:47:50","modified_gmt":"2025-05-11T13:47:50","slug":"taktiskai-pulkstena-m-tac-3","status":"publish","type":"product","link":"https:\/\/kingarms.ee\/lv\/product\/taktiskai-pulkstena-m-tac-3\/","title":{"rendered":"Taktiskai Pulksten\u0101 (M-TAC)"},"content":{"rendered":"<p><img loading=\"lazy\" decoding=\"async\" class=\"alignnone size-full wp-image-72905\" src=\"https:\/\/kingarms.ee\/wp-content\/uploads\/2023\/01\/50003001-2.jpeg\" alt=\"\" width=\"600\" height=\"600\" srcset=\"https:\/\/kingarms.ee\/wp-content\/uploads\/2023\/01\/50003001-2.jpeg 600w, https:\/\/kingarms.ee\/wp-content\/uploads\/2023\/01\/50003001-2-300x300.jpeg 300w, https:\/\/kingarms.ee\/wp-content\/uploads\/2023\/01\/50003001-2-150x150.jpeg 150w, https:\/\/kingarms.ee\/wp-content\/uploads\/2023\/01\/50003001-2-500x500.jpeg 500w\" sizes=\"auto, (max-width: 600px) 100vw, 600px\" \/><\/p>\n","protected":false},"excerpt":{"rendered":"<p>M-tac taktiskais pulkstenis ar Kompasu ir lieliska izv\u0113le tiem, kas vienm\u0113r bija notikumu centr\u0101. R\u012bta skrie\u0161ana, p\u0101rg\u0101jieni, ekstr\u0113mie sporta veidi &#8211; jebkur\u0101, pat vissare\u017e\u0123\u012bt\u0101kaj\u0101 situ\u0101cij\u0101. \u0112rts un praktisks, tas ir \u016bdensnecaurlaid\u012bgs, apr\u012bkots ar \u0113rtu plastmasas siksnu un hronometru visprec\u012bz\u0101kajam laikam. Galven\u0101 iez\u012bme ir elektroniskais kompass, kas ne\u013cauj t\u0101 \u012bpa\u0161niekam pazust.   <\/p>\n","protected":false},"featured_media":126667,"template":"","meta":{"_acf_changed":false},"product_brand":[],"product_cat":[1076],"product_tag":[],"class_list":{"0":"post-149138","1":"product","2":"type-product","3":"status-publish","4":"has-post-thumbnail","6":"product_cat-rokas-pulkstenis","8":"first","9":"onbackorder","10":"taxable","11":"shipping-taxable","12":"product-type-simple"},"acf":[],"_links":{"self":[{"href":"https:\/\/kingarms.ee\/lv\/wp-json\/wp\/v2\/product\/149138","targetHints":{"allow":["GET"]}}],"collection":[{"href":"https:\/\/kingarms.ee\/lv\/wp-json\/wp\/v2\/product"}],"about":[{"href":"https:\/\/kingarms.ee\/lv\/wp-json\/wp\/v2\/types\/product"}],"wp:featuredmedia":[{"embeddable":true,"href":"https:\/\/kingarms.ee\/lv\/wp-json\/wp\/v2\/media\/126667"}],"wp:attachment":[{"href":"https:\/\/kingarms.ee\/lv\/wp-json\/wp\/v2\/media?parent=149138"}],"wp:term":[{"taxonomy":"product_brand","embeddable":true,"href":"https:\/\/kingarms.ee\/lv\/wp-json\/wp\/v2\/product_brand?post=149138"},{"taxonomy":"product_cat","embeddable":true,"href":"https:\/\/kingarms.ee\/lv\/wp-json\/wp\/v2\/product_cat?post=149138"},{"taxonomy":"product_tag","embeddable":true,"href":"https:\/\/kingarms.ee\/lv\/wp-json\/wp\/v2\/product_tag?post=149138"}],"curies":[{"name":"wp","href":"https:\/\/api.w.org\/{rel}","templated":true}]}}