{"id":149142,"date":"2023-01-13T17:42:41","date_gmt":"2025-05-11T13:56:24","guid":{"rendered":"https:\/\/kingarms.ee\/product\/universals-skavas-stiprinajums-sargengelis\/"},"modified":"2025-05-11T16:56:24","modified_gmt":"2025-05-11T13:56:24","slug":"universals-skavas-stiprinajums-sargengelis","status":"publish","type":"product","link":"https:\/\/kingarms.ee\/lv\/product\/universals-skavas-stiprinajums-sargengelis\/","title":{"rendered":"Univers\u0101ls skavas stiprin\u0101jums (sarge\u0146\u0123elis)"},"content":{"rendered":"<p><img loading=\"lazy\" decoding=\"async\" class=\"alignnone size-full wp-image-72832\" src=\"https:\/\/kingarms.ee\/wp-content\/uploads\/2023\/01\/15681__0dd5e2_b.jpg\" alt=\"\" width=\"1000\" height=\"1000\" srcset=\"https:\/\/kingarms.ee\/wp-content\/uploads\/2023\/01\/15681__0dd5e2_b.jpg 1000w, https:\/\/kingarms.ee\/wp-content\/uploads\/2023\/01\/15681__0dd5e2_b-300x300.jpg 300w, https:\/\/kingarms.ee\/wp-content\/uploads\/2023\/01\/15681__0dd5e2_b-150x150.jpg 150w, https:\/\/kingarms.ee\/wp-content\/uploads\/2023\/01\/15681__0dd5e2_b-768x768.jpg 768w, https:\/\/kingarms.ee\/wp-content\/uploads\/2023\/01\/15681__0dd5e2_b-500x500.jpg 500w\" sizes=\"auto, (max-width: 1000px) 100vw, 1000px\" \/><\/p>\n","protected":false},"excerpt":{"rendered":"<p>Univers\u0101ls skavas stiprin\u0101jums, kas izgatavots no t\u0113rauda un gumijas, ko var ieskr\u016bv\u0113t ier\u012bc\u0113 vai piestiprin\u0101t ar magn\u0113tisko stiprin\u0101jumu. Var piestiprin\u0101t gandr\u012bz jebkuram priek\u0161metam, ieskaitot cepures, jostas, somas, taktisk\u0101s vestes, Moll siksnas, mugursomas un daudz ko citu.<\/p>\n<p>Savietojams gan ar Elite un Micro ier\u012bc\u0113m<\/p>\n","protected":false},"featured_media":132091,"template":"","meta":{"_acf_changed":false},"product_brand":[],"product_cat":[1019],"product_tag":[],"class_list":{"0":"post-149142","1":"product","2":"type-product","3":"status-publish","4":"has-post-thumbnail","6":"product_cat-policija-militaristi","8":"first","9":"instock","10":"taxable","11":"shipping-taxable","12":"purchasable","13":"product-type-simple"},"acf":[],"_links":{"self":[{"href":"https:\/\/kingarms.ee\/lv\/wp-json\/wp\/v2\/product\/149142","targetHints":{"allow":["GET"]}}],"collection":[{"href":"https:\/\/kingarms.ee\/lv\/wp-json\/wp\/v2\/product"}],"about":[{"href":"https:\/\/kingarms.ee\/lv\/wp-json\/wp\/v2\/types\/product"}],"wp:featuredmedia":[{"embeddable":true,"href":"https:\/\/kingarms.ee\/lv\/wp-json\/wp\/v2\/media\/132091"}],"wp:attachment":[{"href":"https:\/\/kingarms.ee\/lv\/wp-json\/wp\/v2\/media?parent=149142"}],"wp:term":[{"taxonomy":"product_brand","embeddable":true,"href":"https:\/\/kingarms.ee\/lv\/wp-json\/wp\/v2\/product_brand?post=149142"},{"taxonomy":"product_cat","embeddable":true,"href":"https:\/\/kingarms.ee\/lv\/wp-json\/wp\/v2\/product_cat?post=149142"},{"taxonomy":"product_tag","embeddable":true,"href":"https:\/\/kingarms.ee\/lv\/wp-json\/wp\/v2\/product_tag?post=149142"}],"curies":[{"name":"wp","href":"https:\/\/api.w.org\/{rel}","templated":true}]}}