{"id":149147,"date":"2023-01-13T17:22:59","date_gmt":"2025-05-11T14:12:47","guid":{"rendered":"https:\/\/kingarms.ee\/product\/policijas-lampa-zila-zila-krasa-sargengelis\/"},"modified":"2025-05-11T17:12:47","modified_gmt":"2025-05-11T14:12:47","slug":"policijas-lampa-zila-zila-krasa-sargengelis","status":"publish","type":"product","link":"https:\/\/kingarms.ee\/lv\/product\/policijas-lampa-zila-zila-krasa-sargengelis\/","title":{"rendered":"Policijas lampa zil\u0101 \/ zil\u0101 kr\u0101s\u0101 (sarge\u0146\u0123elis)"},"content":{"rendered":"<p><img loading=\"lazy\" decoding=\"async\" class=\"alignnone size-full wp-image-72782\" src=\"https:\/\/kingarms.ee\/wp-content\/uploads\/2023\/01\/15624__4c319b_b.jpg\" alt=\"\" width=\"1000\" height=\"1000\" srcset=\"https:\/\/kingarms.ee\/wp-content\/uploads\/2023\/01\/15624__4c319b_b.jpg 1000w, https:\/\/kingarms.ee\/wp-content\/uploads\/2023\/01\/15624__4c319b_b-300x300.jpg 300w, https:\/\/kingarms.ee\/wp-content\/uploads\/2023\/01\/15624__4c319b_b-150x150.jpg 150w, https:\/\/kingarms.ee\/wp-content\/uploads\/2023\/01\/15624__4c319b_b-768x768.jpg 768w, https:\/\/kingarms.ee\/wp-content\/uploads\/2023\/01\/15624__4c319b_b-500x500.jpg 500w\" sizes=\"auto, (max-width: 1000px) 100vw, 1000px\" \/><\/p>\n","protected":false},"excerpt":{"rendered":"<p><strong>Policija lampa<\/strong><\/p>\n<p>Viegls-apm\u0113ram 3,25 oz \/ 92,14 g<br \/>\nIztur\u012bgs-\u016bdensnecaurlaid\u012bgs, putek\u013cu necaurlaid\u012bgs, triecieniztur\u012bgs, IP68 nov\u0113rt\u0113ts<br \/>\nLiela att\u0101luma Redzam\u012bba-p\u0101rbaud\u012bta 5 + j\u016bd\u017eu Redzam\u012bba, izmantojot jaud\u012bgus gaismas diodes, 360 gr\u0101du apgaismojumu<br \/>\nStealth darba gaismas funkcija &#8211; viena sarkana LED darba gaisma v\u0101j\u0101 apgaismojum\u0101<br \/>\nUzlabota darba gaismas funkcija-4 lieljaudas baltas gaismas diodes nodro\u0161ina br\u012bvroku darba gaismu<br \/>\n\u010cetri da\u017e\u0101di spilgtuma iestat\u012bjumi-zems, vid\u0113js-augsts un Maks<br \/>\n\u012apa\u0161i ilgs akumulatora darb\u012bbas laiks-uzl\u0101d\u0113jams litija jonu akumulators, izmantojot C tipa USB uzl\u0101des kabeli(iek\u013cauts komplekt\u0101)<br \/>\nIeb\u016bv\u0113ta magn\u0113tisk\u0101 mont\u0101\u017eas sist\u0113ma-ieb\u016bv\u0113ts neod\u012bma magn\u0113ts un atbilsto\u0161a magn\u0113tisk\u0101 skava (iek\u013cauta) piestiprin\u0101s gandr\u012bz jebkurai virsmai<br \/>\nNeatkar\u012bgas gaismas vad\u012bbas ier\u012bces &#8211; 4 da\u017e\u0101das gaismas vad\u012bbas ier\u012bces nodro\u0161ina maksim\u0101lu apgaismojuma daudzpus\u012bbu, ieskaitot zibspuldzes av\u0101rijas re\u017e\u012bmu<br \/>\nIzm\u0113ri-6.98 x 4.76 x 2.54 cm<\/p>\n","protected":false},"featured_media":126619,"template":"","meta":{"_acf_changed":false},"product_brand":[],"product_cat":[1019],"product_tag":[],"class_list":{"0":"post-149147","1":"product","2":"type-product","3":"status-publish","4":"has-post-thumbnail","6":"product_cat-policija-militaristi","8":"first","9":"instock","10":"taxable","11":"shipping-taxable","12":"purchasable","13":"product-type-simple"},"acf":[],"_links":{"self":[{"href":"https:\/\/kingarms.ee\/lv\/wp-json\/wp\/v2\/product\/149147","targetHints":{"allow":["GET"]}}],"collection":[{"href":"https:\/\/kingarms.ee\/lv\/wp-json\/wp\/v2\/product"}],"about":[{"href":"https:\/\/kingarms.ee\/lv\/wp-json\/wp\/v2\/types\/product"}],"wp:featuredmedia":[{"embeddable":true,"href":"https:\/\/kingarms.ee\/lv\/wp-json\/wp\/v2\/media\/126619"}],"wp:attachment":[{"href":"https:\/\/kingarms.ee\/lv\/wp-json\/wp\/v2\/media?parent=149147"}],"wp:term":[{"taxonomy":"product_brand","embeddable":true,"href":"https:\/\/kingarms.ee\/lv\/wp-json\/wp\/v2\/product_brand?post=149147"},{"taxonomy":"product_cat","embeddable":true,"href":"https:\/\/kingarms.ee\/lv\/wp-json\/wp\/v2\/product_cat?post=149147"},{"taxonomy":"product_tag","embeddable":true,"href":"https:\/\/kingarms.ee\/lv\/wp-json\/wp\/v2\/product_tag?post=149147"}],"curies":[{"name":"wp","href":"https:\/\/api.w.org\/{rel}","templated":true}]}}