{"id":149151,"date":"2023-01-13T17:05:47","date_gmt":"2025-05-11T14:21:15","guid":{"rendered":"https:\/\/kingarms.ee\/product\/mazs-universals-skavas-stiprinajums-sargengelis\/"},"modified":"2025-05-11T17:21:15","modified_gmt":"2025-05-11T14:21:15","slug":"mazs-universals-skavas-stiprinajums-sargengelis","status":"publish","type":"product","link":"https:\/\/kingarms.ee\/lv\/product\/mazs-universals-skavas-stiprinajums-sargengelis\/","title":{"rendered":"Mazs univers\u0101ls skavas stiprin\u0101jums (sarge\u0146\u0123elis)"},"content":{"rendered":"<p><img loading=\"lazy\" decoding=\"async\" class=\"alignnone size-full wp-image-72741\" src=\"https:\/\/kingarms.ee\/wp-content\/uploads\/2023\/01\/15876__7676e5_b.jpg\" alt=\"\" width=\"1000\" height=\"1000\" srcset=\"https:\/\/kingarms.ee\/wp-content\/uploads\/2023\/01\/15876__7676e5_b.jpg 1000w, https:\/\/kingarms.ee\/wp-content\/uploads\/2023\/01\/15876__7676e5_b-300x300.jpg 300w, https:\/\/kingarms.ee\/wp-content\/uploads\/2023\/01\/15876__7676e5_b-150x150.jpg 150w, https:\/\/kingarms.ee\/wp-content\/uploads\/2023\/01\/15876__7676e5_b-768x768.jpg 768w, https:\/\/kingarms.ee\/wp-content\/uploads\/2023\/01\/15876__7676e5_b-500x500.jpg 500w\" sizes=\"auto, (max-width: 1000px) 100vw, 1000px\" \/><\/p>\n","protected":false},"excerpt":{"rendered":"<div class=\"pageImg clearfix none full\">\n<p><strong>Mazs univers\u0101ls skavas stiprin\u0101jums<\/strong><\/p>\n<ul>\n<li>Piln\u012bb\u0101 integr\u0113ts, ieb\u016bv\u0113ts neod\u012bma retzemju magn\u0113ts<\/li>\n<li>Magn\u0113tiski piestiprina jebkurai sarge\u0146\u0123e\u013ca ier\u012bcei<\/li>\n<li>Var b\u016bt gr\u016bti uzst\u0101d\u012bt uz jebkuru ier\u012bci, izmantojot divus m3 12mm skr\u016bves (nav iek\u013cauts)<\/li>\n<li>Strong clip spriedze secure klipi mount uz jebkuru ap\u0123\u0113rbu<\/li>\n<li>Gumijas rokturis uz klip\u0161a, lai nov\u0113rstu sl\u012bd\u0113\u0161anu<\/li>\n<li>Aug\u0161\u0113jais ieteicamais stiprin\u0101jums Molle siksn\u0101m<\/li>\n<li>Der uz siksn\u0101m, kas plat\u0101kas par 1,75&#8243;<\/li>\n<\/ul>\n<\/div>\n<ul>\n<li>Savietojams gan ar elites, gan mikro ier\u012bc\u0113m<\/li>\n<\/ul>\n","protected":false},"featured_media":126603,"template":"","meta":{"_acf_changed":false},"product_brand":[],"product_cat":[1019],"product_tag":[],"class_list":{"0":"post-149151","1":"product","2":"type-product","3":"status-publish","4":"has-post-thumbnail","6":"product_cat-policija-militaristi","8":"first","9":"instock","10":"taxable","11":"shipping-taxable","12":"purchasable","13":"product-type-simple"},"acf":[],"_links":{"self":[{"href":"https:\/\/kingarms.ee\/lv\/wp-json\/wp\/v2\/product\/149151","targetHints":{"allow":["GET"]}}],"collection":[{"href":"https:\/\/kingarms.ee\/lv\/wp-json\/wp\/v2\/product"}],"about":[{"href":"https:\/\/kingarms.ee\/lv\/wp-json\/wp\/v2\/types\/product"}],"wp:featuredmedia":[{"embeddable":true,"href":"https:\/\/kingarms.ee\/lv\/wp-json\/wp\/v2\/media\/126603"}],"wp:attachment":[{"href":"https:\/\/kingarms.ee\/lv\/wp-json\/wp\/v2\/media?parent=149151"}],"wp:term":[{"taxonomy":"product_brand","embeddable":true,"href":"https:\/\/kingarms.ee\/lv\/wp-json\/wp\/v2\/product_brand?post=149151"},{"taxonomy":"product_cat","embeddable":true,"href":"https:\/\/kingarms.ee\/lv\/wp-json\/wp\/v2\/product_cat?post=149151"},{"taxonomy":"product_tag","embeddable":true,"href":"https:\/\/kingarms.ee\/lv\/wp-json\/wp\/v2\/product_tag?post=149151"}],"curies":[{"name":"wp","href":"https:\/\/api.w.org\/{rel}","templated":true}]}}