{"id":149155,"date":"2023-01-13T16:35:25","date_gmt":"2025-05-11T15:08:13","guid":{"rendered":"https:\/\/kingarms.ee\/product\/zokla-klips-mounts-sargengelis\/"},"modified":"2025-05-11T18:08:13","modified_gmt":"2025-05-11T15:08:13","slug":"zokla-klips-mounts-sargengelis","status":"publish","type":"product","link":"https:\/\/kingarms.ee\/lv\/product\/zokla-klips-mounts-sargengelis\/","title":{"rendered":"\u017dok\u013ca klips -Mounts (sarge\u0146\u0123elis)"},"content":{"rendered":"<p><img loading=\"lazy\" decoding=\"async\" class=\"alignnone size-full wp-image-72695\" src=\"https:\/\/kingarms.ee\/wp-content\/uploads\/2023\/01\/15674__5bcd19_b.jpg\" alt=\"\" width=\"879\" height=\"1000\" srcset=\"https:\/\/kingarms.ee\/wp-content\/uploads\/2023\/01\/15674__5bcd19_b.jpg 879w, https:\/\/kingarms.ee\/wp-content\/uploads\/2023\/01\/15674__5bcd19_b-264x300.jpg 264w, https:\/\/kingarms.ee\/wp-content\/uploads\/2023\/01\/15674__5bcd19_b-768x874.jpg 768w, https:\/\/kingarms.ee\/wp-content\/uploads\/2023\/01\/15674__5bcd19_b-500x569.jpg 500w, https:\/\/kingarms.ee\/wp-content\/uploads\/2023\/01\/15674__5bcd19_b-150x171.jpg 150w\" sizes=\"auto, (max-width: 879px) 100vw, 879px\" \/><\/p>\n","protected":false},"excerpt":{"rendered":"<p><strong>Zoda skavas atsperes stiprin\u0101jums<\/strong><\/p>\n<p>Izgatavots no stipra polikarbon\u0101ta \u0161\u0137iedras austa materi\u0101la<br \/>\nNesl\u012bdo\u0161i zobi stingri satver visu, kam \u0161is stiprin\u0101jums ir piestiprin\u0101ts<br \/>\nIeb\u016bv\u0113ts atsperes meh\u0101nisms atvieglo atv\u0113r\u0161anu, vienlaikus nodro\u0161inot dro\u0161u stiprin\u0101jumu<br \/>\nPiestiprina pie krekla, jakas, atloka, plecu siksnas, \u0101r\u0113j\u0101s valk\u0101jam\u0101s vestes, molle siksnas, radio siksnas, dro\u0161\u012bbas vestes, jostas vai gandr\u012bz jebko citu.<br \/>\nPiestiprina pie krekla, jakas, atloka, plecu siksnas, \u0101r\u0113j\u0101s valk\u0101jam\u0101s vestes, molle siksnas, radio siksnas, dro\u0161\u012bbas vestes, jostas vai gandr\u012bz jebko citu.<\/p>\n","protected":false},"featured_media":132055,"template":"","meta":{"_acf_changed":false},"product_brand":[],"product_cat":[1019],"product_tag":[],"class_list":{"0":"post-149155","1":"product","2":"type-product","3":"status-publish","4":"has-post-thumbnail","6":"product_cat-policija-militaristi","8":"first","9":"instock","10":"taxable","11":"shipping-taxable","12":"purchasable","13":"product-type-simple"},"acf":[],"_links":{"self":[{"href":"https:\/\/kingarms.ee\/lv\/wp-json\/wp\/v2\/product\/149155","targetHints":{"allow":["GET"]}}],"collection":[{"href":"https:\/\/kingarms.ee\/lv\/wp-json\/wp\/v2\/product"}],"about":[{"href":"https:\/\/kingarms.ee\/lv\/wp-json\/wp\/v2\/types\/product"}],"wp:featuredmedia":[{"embeddable":true,"href":"https:\/\/kingarms.ee\/lv\/wp-json\/wp\/v2\/media\/132055"}],"wp:attachment":[{"href":"https:\/\/kingarms.ee\/lv\/wp-json\/wp\/v2\/media?parent=149155"}],"wp:term":[{"taxonomy":"product_brand","embeddable":true,"href":"https:\/\/kingarms.ee\/lv\/wp-json\/wp\/v2\/product_brand?post=149155"},{"taxonomy":"product_cat","embeddable":true,"href":"https:\/\/kingarms.ee\/lv\/wp-json\/wp\/v2\/product_cat?post=149155"},{"taxonomy":"product_tag","embeddable":true,"href":"https:\/\/kingarms.ee\/lv\/wp-json\/wp\/v2\/product_tag?post=149155"}],"curies":[{"name":"wp","href":"https:\/\/api.w.org\/{rel}","templated":true}]}}