{"id":149159,"date":"2023-01-12T14:55:01","date_gmt":"2025-05-11T15:17:33","guid":{"rendered":"https:\/\/kingarms.ee\/product\/dekorativa-katana-zs651bg\/"},"modified":"2025-05-11T18:17:33","modified_gmt":"2025-05-11T15:17:33","slug":"dekorativa-katana-zs651bg","status":"publish","type":"product","link":"https:\/\/kingarms.ee\/lv\/product\/dekorativa-katana-zs651bg\/","title":{"rendered":"Dekorat\u012bv\u0101 katana (ZS651BG)"},"content":{"rendered":"<p><img loading=\"lazy\" decoding=\"async\" class=\"alignnone size-full wp-image-72592\" src=\"https:\/\/kingarms.ee\/wp-content\/uploads\/2023\/01\/katana-ornamentale-zs651bg.jpg\" alt=\"\" width=\"1000\" height=\"1000\" srcset=\"https:\/\/kingarms.ee\/wp-content\/uploads\/2023\/01\/katana-ornamentale-zs651bg.jpg 1000w, https:\/\/kingarms.ee\/wp-content\/uploads\/2023\/01\/katana-ornamentale-zs651bg-300x300.jpg 300w, https:\/\/kingarms.ee\/wp-content\/uploads\/2023\/01\/katana-ornamentale-zs651bg-150x150.jpg 150w, https:\/\/kingarms.ee\/wp-content\/uploads\/2023\/01\/katana-ornamentale-zs651bg-768x768.jpg 768w, https:\/\/kingarms.ee\/wp-content\/uploads\/2023\/01\/katana-ornamentale-zs651bg-500x500.jpg 500w\" sizes=\"auto, (max-width: 1000px) 100vw, 1000px\" \/><\/p>\n","protected":false},"excerpt":{"rendered":"<p>Dekorat\u012bv\u0101 katana<br \/>\nSekiro \u0113nas mirst divreiz seria katana<br \/>\nT\u0113rauda t\u0113rauds<br \/>\nMet\u0101la tsuba<br \/>\nSekiro \u0113nas mirst divreiz seria katana<br \/>\nKop\u0113jais garums 980mm (1030mm ar sild\u012bt\u0101ju)<br \/>\nAsmens garums 680mm<br \/>\nSvars 770g (1040g ar \u0137\u0113di)<\/p>\n","protected":false},"featured_media":133003,"template":"","meta":{"_acf_changed":false},"product_brand":[],"product_cat":[1127],"product_tag":[],"class_list":{"0":"post-149159","1":"product","2":"type-product","3":"status-publish","4":"has-post-thumbnail","6":"product_cat-katana-tanto","8":"first","9":"onbackorder","10":"taxable","11":"shipping-taxable","12":"product-type-simple"},"acf":[],"_links":{"self":[{"href":"https:\/\/kingarms.ee\/lv\/wp-json\/wp\/v2\/product\/149159","targetHints":{"allow":["GET"]}}],"collection":[{"href":"https:\/\/kingarms.ee\/lv\/wp-json\/wp\/v2\/product"}],"about":[{"href":"https:\/\/kingarms.ee\/lv\/wp-json\/wp\/v2\/types\/product"}],"wp:featuredmedia":[{"embeddable":true,"href":"https:\/\/kingarms.ee\/lv\/wp-json\/wp\/v2\/media\/133003"}],"wp:attachment":[{"href":"https:\/\/kingarms.ee\/lv\/wp-json\/wp\/v2\/media?parent=149159"}],"wp:term":[{"taxonomy":"product_brand","embeddable":true,"href":"https:\/\/kingarms.ee\/lv\/wp-json\/wp\/v2\/product_brand?post=149159"},{"taxonomy":"product_cat","embeddable":true,"href":"https:\/\/kingarms.ee\/lv\/wp-json\/wp\/v2\/product_cat?post=149159"},{"taxonomy":"product_tag","embeddable":true,"href":"https:\/\/kingarms.ee\/lv\/wp-json\/wp\/v2\/product_tag?post=149159"}],"curies":[{"name":"wp","href":"https:\/\/api.w.org\/{rel}","templated":true}]}}