{"id":149163,"date":"2023-01-12T13:21:08","date_gmt":"2025-05-11T15:24:12","guid":{"rendered":"https:\/\/kingarms.ee\/product\/dekorativa-katana-zs507-2\/"},"modified":"2025-05-11T18:24:12","modified_gmt":"2025-05-11T15:24:12","slug":"dekorativa-katana-zs507-2","status":"publish","type":"product","link":"https:\/\/kingarms.ee\/lv\/product\/dekorativa-katana-zs507-2\/","title":{"rendered":"Dekorat\u012bv\u0101 katana (ZS507-2)"},"content":{"rendered":"<p><img loading=\"lazy\" decoding=\"async\" class=\"alignnone size-full wp-image-72430\" src=\"https:\/\/kingarms.ee\/wp-content\/uploads\/2023\/01\/katana-ornamentale-zs507-2.jpg\" alt=\"\" width=\"1000\" height=\"1000\" srcset=\"https:\/\/kingarms.ee\/wp-content\/uploads\/2023\/01\/katana-ornamentale-zs507-2.jpg 1000w, https:\/\/kingarms.ee\/wp-content\/uploads\/2023\/01\/katana-ornamentale-zs507-2-300x300.jpg 300w, https:\/\/kingarms.ee\/wp-content\/uploads\/2023\/01\/katana-ornamentale-zs507-2-150x150.jpg 150w, https:\/\/kingarms.ee\/wp-content\/uploads\/2023\/01\/katana-ornamentale-zs507-2-768x768.jpg 768w, https:\/\/kingarms.ee\/wp-content\/uploads\/2023\/01\/katana-ornamentale-zs507-2-500x500.jpg 500w\" sizes=\"auto, (max-width: 1000px) 100vw, 1000px\" \/><\/p>\n","protected":false},"excerpt":{"rendered":"<p>Dekorat\u012bv\u0101 katana<br \/>\nKenpachi zaraki Katana<br \/>\nBalin\u0101t\u0101js anime s\u0113rija<br \/>\nT\u0113rauda t\u0113rauds<br \/>\nKoka n\u016bja un rokturis<br \/>\nKop\u0113jais garums 1110mm<br \/>\nAsmens garums 680mm<br \/>\nTsuka garums 280mm<\/p>\n","protected":false},"featured_media":126507,"template":"","meta":{"_acf_changed":false},"product_brand":[],"product_cat":[1127],"product_tag":[],"class_list":{"0":"post-149163","1":"product","2":"type-product","3":"status-publish","4":"has-post-thumbnail","6":"product_cat-katana-tanto","8":"first","9":"instock","10":"taxable","11":"shipping-taxable","12":"purchasable","13":"product-type-simple"},"acf":[],"_links":{"self":[{"href":"https:\/\/kingarms.ee\/lv\/wp-json\/wp\/v2\/product\/149163","targetHints":{"allow":["GET"]}}],"collection":[{"href":"https:\/\/kingarms.ee\/lv\/wp-json\/wp\/v2\/product"}],"about":[{"href":"https:\/\/kingarms.ee\/lv\/wp-json\/wp\/v2\/types\/product"}],"wp:featuredmedia":[{"embeddable":true,"href":"https:\/\/kingarms.ee\/lv\/wp-json\/wp\/v2\/media\/126507"}],"wp:attachment":[{"href":"https:\/\/kingarms.ee\/lv\/wp-json\/wp\/v2\/media?parent=149163"}],"wp:term":[{"taxonomy":"product_brand","embeddable":true,"href":"https:\/\/kingarms.ee\/lv\/wp-json\/wp\/v2\/product_brand?post=149163"},{"taxonomy":"product_cat","embeddable":true,"href":"https:\/\/kingarms.ee\/lv\/wp-json\/wp\/v2\/product_cat?post=149163"},{"taxonomy":"product_tag","embeddable":true,"href":"https:\/\/kingarms.ee\/lv\/wp-json\/wp\/v2\/product_tag?post=149163"}],"curies":[{"name":"wp","href":"https:\/\/api.w.org\/{rel}","templated":true}]}}