{"id":149164,"date":"2023-01-10T18:30:48","date_gmt":"2025-05-11T15:24:53","guid":{"rendered":"https:\/\/kingarms.ee\/product\/m20-elektroniskas-austinas-auss\/"},"modified":"2025-05-11T18:24:53","modified_gmt":"2025-05-11T15:24:53","slug":"m20-elektroniskas-austinas-auss","status":"publish","type":"product","link":"https:\/\/kingarms.ee\/lv\/product\/m20-elektroniskas-austinas-auss\/","title":{"rendered":"M20 elektronisk\u0101s austi\u0146as (auss)"},"content":{"rendered":"<p><img loading=\"lazy\" decoding=\"async\" class=\"alignnone size-full wp-image-71840\" src=\"https:\/\/kingarms.ee\/wp-content\/uploads\/2023\/01\/eng_pm_ELECTRONIC-EARPLUGS-FOR-HEARING-PROTECTION-M20-EARMOR-R-FOLIAGE-GREEN-49211_2.jpg\" alt=\"\" width=\"650\" height=\"514\" srcset=\"https:\/\/kingarms.ee\/wp-content\/uploads\/2023\/01\/eng_pm_ELECTRONIC-EARPLUGS-FOR-HEARING-PROTECTION-M20-EARMOR-R-FOLIAGE-GREEN-49211_2.jpg 650w, https:\/\/kingarms.ee\/wp-content\/uploads\/2023\/01\/eng_pm_ELECTRONIC-EARPLUGS-FOR-HEARING-PROTECTION-M20-EARMOR-R-FOLIAGE-GREEN-49211_2-300x237.jpg 300w, https:\/\/kingarms.ee\/wp-content\/uploads\/2023\/01\/eng_pm_ELECTRONIC-EARPLUGS-FOR-HEARING-PROTECTION-M20-EARMOR-R-FOLIAGE-GREEN-49211_2-500x395.jpg 500w, https:\/\/kingarms.ee\/wp-content\/uploads\/2023\/01\/eng_pm_ELECTRONIC-EARPLUGS-FOR-HEARING-PROTECTION-M20-EARMOR-R-FOLIAGE-GREEN-49211_2-150x119.jpg 150w\" sizes=\"auto, (max-width: 650px) 100vw, 650px\" \/><\/p>\n","protected":false},"excerpt":{"rendered":"<p>Eausa elektronisk\u0101 austi\u0146u M20 ir akt\u012bva trok\u0161\u0146a samazin\u0101tas minim\u0101listisk\u0101s austi\u0146as, kas paredz\u0113tas darbam augsta trok\u0161\u0146a zon\u0101s. Pateicoties NOR 22, IPX4 klasifik\u0101cijai un labi p\u0101rdom\u0101tajam dizainam, M20 veiktsp\u0113ja t\u0101 cenu diapazon\u0101 ir piem\u0113rota. Austi\u0146as un dokstacija ir izgatavotas no augstas kvalit\u0101tes polim\u0113riem, da\u017ei mazi elementi ir izgatavoti no met\u0101la. Dzirdes aizsargos ir integr\u0113tas tr\u012bs sniegtas austi\u0146as, kas ilgtermi\u0146a lieto\u0161anas laik\u0101 nodro\u0161ina lab\u0101ku ska\u0146as sl\u0101p\u0113\u0161anu un komfortu. M20 pied\u0101v\u0101 vair\u0101kus dizainus: &#8211; \u0101rk\u0101rt\u012bgi minim\u0101listisks un viegls dizains &#8211; \u016bdensnecaurlaid\u012bgs un iztur\u012bgs austi\u0146u dizains &#8211; skaidra balss izseko\u0161anas tehnolo\u0123ija lab\u0101kai balss atpaz\u012b\u0161anai &#8211; l\u012bdz 8 stund\u0101m darba &#8211; akumulatora taup\u012b\u0161anas re\u017e\u012bms    <\/p>\n","protected":false},"featured_media":126491,"template":"","meta":{"_acf_changed":false},"product_brand":[],"product_cat":[1022],"product_tag":[],"class_list":{"0":"post-149164","1":"product","2":"type-product","3":"status-publish","4":"has-post-thumbnail","6":"product_cat-aktivas-austinas","8":"first","9":"instock","10":"sale","11":"taxable","12":"shipping-taxable","13":"purchasable","14":"product-type-simple"},"acf":[],"_links":{"self":[{"href":"https:\/\/kingarms.ee\/lv\/wp-json\/wp\/v2\/product\/149164","targetHints":{"allow":["GET"]}}],"collection":[{"href":"https:\/\/kingarms.ee\/lv\/wp-json\/wp\/v2\/product"}],"about":[{"href":"https:\/\/kingarms.ee\/lv\/wp-json\/wp\/v2\/types\/product"}],"wp:featuredmedia":[{"embeddable":true,"href":"https:\/\/kingarms.ee\/lv\/wp-json\/wp\/v2\/media\/126491"}],"wp:attachment":[{"href":"https:\/\/kingarms.ee\/lv\/wp-json\/wp\/v2\/media?parent=149164"}],"wp:term":[{"taxonomy":"product_brand","embeddable":true,"href":"https:\/\/kingarms.ee\/lv\/wp-json\/wp\/v2\/product_brand?post=149164"},{"taxonomy":"product_cat","embeddable":true,"href":"https:\/\/kingarms.ee\/lv\/wp-json\/wp\/v2\/product_cat?post=149164"},{"taxonomy":"product_tag","embeddable":true,"href":"https:\/\/kingarms.ee\/lv\/wp-json\/wp\/v2\/product_tag?post=149164"}],"curies":[{"name":"wp","href":"https:\/\/api.w.org\/{rel}","templated":true}]}}