{"id":149166,"date":"2023-01-10T13:24:45","date_gmt":"2025-05-11T15:26:06","guid":{"rendered":"https:\/\/kingarms.ee\/product\/ht30r-lep-lukturitis-fenix\/"},"modified":"2025-05-11T18:26:06","modified_gmt":"2025-05-11T15:26:06","slug":"ht30r-lep-lukturitis-fenix","status":"publish","type":"product","link":"https:\/\/kingarms.ee\/lv\/product\/ht30r-lep-lukturitis-fenix\/","title":{"rendered":"HT30R LEP luktur\u012btis (Fenix)"},"content":{"rendered":"<p><img loading=\"lazy\" decoding=\"async\" class=\"alignnone size-full wp-image-71611\" src=\"https:\/\/kingarms.ee\/wp-content\/uploads\/2023\/01\/1.png\" alt=\"\" width=\"380\" height=\"380\" srcset=\"https:\/\/kingarms.ee\/wp-content\/uploads\/2023\/01\/1.png 380w, https:\/\/kingarms.ee\/wp-content\/uploads\/2023\/01\/1-300x300.png 300w, https:\/\/kingarms.ee\/wp-content\/uploads\/2023\/01\/1-150x150.png 150w\" sizes=\"auto, (max-width: 380px) 100vw, 380px\" \/><\/p>\n","protected":false},"excerpt":{"rendered":"<p>Fenix HT30R ir unik\u0101ls gaismeklis, kas sl\u0113pj jaun\u0101s paaudzes gaismas avotu &#8211; LEP elementu (gaismas ierosmes fosfors). Citiem v\u0101rdiem sakot, tas ir \u012bsts zils l\u0101zers, kuram ir fluoresc\u0113jo\u0161s krist\u0101lisks materi\u0101ls, kas j\u0101pagrie\u017e balts un ir dro\u0161s tr\u012bsk\u0101r\u0161\u0101m objekt\u012bviem, lai lampas izmantotu priv\u0101taj\u0101 sektor\u0101 bez \u012bpa\u0161iem ierobe\u017eojumiem. Fenix HT30R gaismas z\u012bm\u0113jum\u0101 ir \u0101rk\u0101rt\u012bgi \u0161aurs un koncentr\u0113ts un praktiski bez izklied\u0113tas perif\u0113rijas. Visa LEP elementa 500 m gaismas jauda ir koncentr\u0113ta vien\u0101 punkt\u0101, nodro\u0161inot kompakto lampu maksim\u0101lo gaismas pl\u016bsmu 1500 metrus (1,5 km). Tas ir \u012bpa\u0161s taktiskais apgaismojums situ\u0101cij\u0101s, kad ir nepiecie\u0161ams efekt\u012bvi efekt\u012bva \u013coti att\u0101lu priek\u0161metu apgaismojums, nenoz\u012bm\u0113 sevi un cikt\u0101l tas nav redzams citiem. Izm\u0113rs un meh\u0101niskais dizains \u013cauj Fenix HT30R veiksm\u012bgi izmantot k\u0101 iero\u010da lampu un taktisko gaismu. HT30R visp\u0101r\u012bgais dizains un strukt\u016bra ir l\u012bdz\u012bga visbie\u017e\u0101k sastopamaj\u0101m taktiski orient\u0113taj\u0101m lamp\u0101m. Lampas aizmugur\u0113 ir taktiskais str\u0101vas sl\u0113dzis ar atsevi\u0161\u0137u re\u017e\u012bma sl\u0113dzi. Lampai ir tr\u012bs darb\u012bbas re\u017e\u012bmi: max.500lm@1500m, 100lm@600m un &#8220;sl\u0113pta&#8221; piek\u013cuve Strobo gaismas intensit\u0101tei 500lm. Jaudas avots ir Fenix standarta jaun\u0101s paaudzes augstas ietilp\u012bbas tipa 21700 li-ion akumulators. Akumulators ir tie\u0161i iel\u0101d\u0113ts, neno\u0146emot to no lampas. Labi galvas apak\u0161\u0113j\u0101 da\u013c\u0101 ir alum\u012bnija aizsarg\u0101jo\u0161s gredzens, kas lampai atver tie\u0161i lampa l\u0101d\u0113\u0161anas ostu. Turkl\u0101t lampai ir integr\u0113ts griestu l\u012bme\u0146a indikators, zema uzl\u0101des l\u012bme\u0146a br\u012bdin\u0101jums un atmi\u0146as funkcija. HT30R korpuss ir izgatavots no anod\u0113ta alum\u012bnija. Lampas m\u0113rier\u012bces izm\u0113ri ir 179 mm (garums) x 40 mm (galvas diametrs) x 26 mm (korpusa diametrs) un tiek piel\u0101goti Fenix piederumam no att\u0101luma sl\u0113d\u017ea (Fenix AER-05) un beidzas ar gaismas konusu. Fenix HT30R ir piln\u012bb\u0101 \u016bdensnecaurlaid\u012bgs (p\u0101rbaud\u012bts 2H30 min\u016btes dzi\u013cum\u0101), tam ir maksim\u0101l\u0101 dro\u0161\u012bbas klase IP68 un ir piem\u0113rota darbam vid\u0113 -35 &#8230;+45 gr\u0101di C. 21700 LI -ON akumulators, USB -C l\u0101d\u0113\u0161anas kabelis, viegla jostasvieta, aproce, rezerves gredzena bl\u012bv\u0113jums un lietot\u0101ja rokasgr\u0101mata.<\/p>\n","protected":false},"featured_media":126475,"template":"","meta":{"_acf_changed":false},"product_brand":[],"product_cat":[1037],"product_tag":[],"class_list":{"0":"post-149166","1":"product","2":"type-product","3":"status-publish","4":"has-post-thumbnail","6":"product_cat-lukturisi","8":"first","9":"instock","10":"taxable","11":"shipping-taxable","12":"purchasable","13":"product-type-simple"},"acf":[],"_links":{"self":[{"href":"https:\/\/kingarms.ee\/lv\/wp-json\/wp\/v2\/product\/149166","targetHints":{"allow":["GET"]}}],"collection":[{"href":"https:\/\/kingarms.ee\/lv\/wp-json\/wp\/v2\/product"}],"about":[{"href":"https:\/\/kingarms.ee\/lv\/wp-json\/wp\/v2\/types\/product"}],"wp:featuredmedia":[{"embeddable":true,"href":"https:\/\/kingarms.ee\/lv\/wp-json\/wp\/v2\/media\/126475"}],"wp:attachment":[{"href":"https:\/\/kingarms.ee\/lv\/wp-json\/wp\/v2\/media?parent=149166"}],"wp:term":[{"taxonomy":"product_brand","embeddable":true,"href":"https:\/\/kingarms.ee\/lv\/wp-json\/wp\/v2\/product_brand?post=149166"},{"taxonomy":"product_cat","embeddable":true,"href":"https:\/\/kingarms.ee\/lv\/wp-json\/wp\/v2\/product_cat?post=149166"},{"taxonomy":"product_tag","embeddable":true,"href":"https:\/\/kingarms.ee\/lv\/wp-json\/wp\/v2\/product_tag?post=149166"}],"curies":[{"name":"wp","href":"https:\/\/api.w.org\/{rel}","templated":true}]}}