{"id":149171,"date":"2023-01-09T18:31:15","date_gmt":"2025-05-11T15:35:02","guid":{"rendered":"https:\/\/kingarms.ee\/product\/universals-plastmasas-macins-wosport\/"},"modified":"2025-05-11T18:35:02","modified_gmt":"2025-05-11T15:35:02","slug":"universals-plastmasas-macins-wosport","status":"publish","type":"product","link":"https:\/\/kingarms.ee\/lv\/product\/universals-plastmasas-macins-wosport\/","title":{"rendered":"Univers\u0101ls plastmasas maci\u0146\u0161 (Wosport)"},"content":{"rendered":"<p><img loading=\"lazy\" decoding=\"async\" class=\"alignnone size-full wp-image-71501\" src=\"https:\/\/kingarms.ee\/wp-content\/uploads\/2023\/01\/wosport-fondina-rigida-universale-2-verde-wo-gb34v.jpg\" alt=\"\" width=\"600\" height=\"600\" srcset=\"https:\/\/kingarms.ee\/wp-content\/uploads\/2023\/01\/wosport-fondina-rigida-universale-2-verde-wo-gb34v.jpg 600w, https:\/\/kingarms.ee\/wp-content\/uploads\/2023\/01\/wosport-fondina-rigida-universale-2-verde-wo-gb34v-300x300.jpg 300w, https:\/\/kingarms.ee\/wp-content\/uploads\/2023\/01\/wosport-fondina-rigida-universale-2-verde-wo-gb34v-150x150.jpg 150w, https:\/\/kingarms.ee\/wp-content\/uploads\/2023\/01\/wosport-fondina-rigida-universale-2-verde-wo-gb34v-500x500.jpg 500w\" sizes=\"auto, (max-width: 600px) 100vw, 600px\" \/><\/p>\n","protected":false},"excerpt":{"rendered":"<p><strong>Univers\u0101ls plastmasas maci\u0146\u0161<\/strong><\/p>\n<p>Izgatavoti no neilona \u0161\u0137iedr\u0101m<br \/>\nRegul\u0113jama jostas cilpa<br \/>\nRegul\u0113jams Glock 19-23-38, h &amp; k 45-p30-vp9-45C-usp compact, ruger 9e-sr40, s &amp; w m &amp; p 45 4, sig 225 no rail 9mm, springfield xds 45mm, springfield xds 45<br \/>\nIzm\u0113ri cm 14. 5&#215;10<br \/>\nSvars 120g<\/p>\n","protected":false},"featured_media":133297,"template":"","meta":{"_acf_changed":false},"product_brand":[],"product_cat":[1026],"product_tag":[],"class_list":{"0":"post-149171","1":"product","2":"type-product","3":"status-publish","4":"has-post-thumbnail","6":"product_cat-barkstisti","8":"first","9":"instock","10":"taxable","11":"shipping-taxable","12":"purchasable","13":"product-type-simple"},"acf":[],"_links":{"self":[{"href":"https:\/\/kingarms.ee\/lv\/wp-json\/wp\/v2\/product\/149171","targetHints":{"allow":["GET"]}}],"collection":[{"href":"https:\/\/kingarms.ee\/lv\/wp-json\/wp\/v2\/product"}],"about":[{"href":"https:\/\/kingarms.ee\/lv\/wp-json\/wp\/v2\/types\/product"}],"wp:featuredmedia":[{"embeddable":true,"href":"https:\/\/kingarms.ee\/lv\/wp-json\/wp\/v2\/media\/133297"}],"wp:attachment":[{"href":"https:\/\/kingarms.ee\/lv\/wp-json\/wp\/v2\/media?parent=149171"}],"wp:term":[{"taxonomy":"product_brand","embeddable":true,"href":"https:\/\/kingarms.ee\/lv\/wp-json\/wp\/v2\/product_brand?post=149171"},{"taxonomy":"product_cat","embeddable":true,"href":"https:\/\/kingarms.ee\/lv\/wp-json\/wp\/v2\/product_cat?post=149171"},{"taxonomy":"product_tag","embeddable":true,"href":"https:\/\/kingarms.ee\/lv\/wp-json\/wp\/v2\/product_tag?post=149171"}],"curies":[{"name":"wp","href":"https:\/\/api.w.org\/{rel}","templated":true}]}}