{"id":149174,"date":"2023-01-09T18:13:36","date_gmt":"2025-05-11T15:38:39","guid":{"rendered":"https:\/\/kingarms.ee\/product\/universals-cietais-macins-zals-wosport\/"},"modified":"2025-05-11T18:38:39","modified_gmt":"2025-05-11T15:38:39","slug":"universals-cietais-macins-zals-wosport","status":"publish","type":"product","link":"https:\/\/kingarms.ee\/lv\/product\/universals-cietais-macins-zals-wosport\/","title":{"rendered":"Univers\u0101ls cietais maci\u0146\u0161 za\u013c\u0161 (Wosport)"},"content":{"rendered":"<p><img loading=\"lazy\" decoding=\"async\" class=\"alignnone size-full wp-image-71493\" src=\"https:\/\/kingarms.ee\/wp-content\/uploads\/2023\/01\/wosport-fondina-rigida-universale-1-verde-wo-gb35v.jpg\" alt=\"\" width=\"600\" height=\"600\" srcset=\"https:\/\/kingarms.ee\/wp-content\/uploads\/2023\/01\/wosport-fondina-rigida-universale-1-verde-wo-gb35v.jpg 600w, https:\/\/kingarms.ee\/wp-content\/uploads\/2023\/01\/wosport-fondina-rigida-universale-1-verde-wo-gb35v-300x300.jpg 300w, https:\/\/kingarms.ee\/wp-content\/uploads\/2023\/01\/wosport-fondina-rigida-universale-1-verde-wo-gb35v-150x150.jpg 150w, https:\/\/kingarms.ee\/wp-content\/uploads\/2023\/01\/wosport-fondina-rigida-universale-1-verde-wo-gb35v-500x500.jpg 500w\" sizes=\"auto, (max-width: 600px) 100vw, 600px\" \/><\/p>\n","protected":false},"excerpt":{"rendered":"<p><strong>Univers\u0101ls cietais maci\u0146\u0161 za\u013c\u0161<\/strong><\/p>\n<p>Izgatavoti no neilona \u0161\u0137iedr\u0101m<br \/>\nRegul\u0113jama jostas cilpa<br \/>\nRegul\u0113jams mode\u013ciem glock 17-18c-20-21-22-37, h &amp; k p30l-45-vp40, s &amp; w m &amp; p 22-m &amp; p 45 4.5-m &amp; p 9mm,40-sw40f, sig p226 norailus9mm, 2 norailus9mm<br \/>\nIzm\u0113ri cm 16&#215;10<br \/>\nSvars 160g<\/p>\n","protected":false},"featured_media":133300,"template":"","meta":{"_acf_changed":false},"product_brand":[],"product_cat":[1026],"product_tag":[],"class_list":{"0":"post-149174","1":"product","2":"type-product","3":"status-publish","4":"has-post-thumbnail","6":"product_cat-barkstisti","8":"first","9":"instock","10":"taxable","11":"shipping-taxable","12":"purchasable","13":"product-type-simple"},"acf":[],"_links":{"self":[{"href":"https:\/\/kingarms.ee\/lv\/wp-json\/wp\/v2\/product\/149174","targetHints":{"allow":["GET"]}}],"collection":[{"href":"https:\/\/kingarms.ee\/lv\/wp-json\/wp\/v2\/product"}],"about":[{"href":"https:\/\/kingarms.ee\/lv\/wp-json\/wp\/v2\/types\/product"}],"wp:featuredmedia":[{"embeddable":true,"href":"https:\/\/kingarms.ee\/lv\/wp-json\/wp\/v2\/media\/133300"}],"wp:attachment":[{"href":"https:\/\/kingarms.ee\/lv\/wp-json\/wp\/v2\/media?parent=149174"}],"wp:term":[{"taxonomy":"product_brand","embeddable":true,"href":"https:\/\/kingarms.ee\/lv\/wp-json\/wp\/v2\/product_brand?post=149174"},{"taxonomy":"product_cat","embeddable":true,"href":"https:\/\/kingarms.ee\/lv\/wp-json\/wp\/v2\/product_cat?post=149174"},{"taxonomy":"product_tag","embeddable":true,"href":"https:\/\/kingarms.ee\/lv\/wp-json\/wp\/v2\/product_tag?post=149174"}],"curies":[{"name":"wp","href":"https:\/\/api.w.org\/{rel}","templated":true}]}}