{"id":149181,"date":"2023-01-09T13:22:37","date_gmt":"2025-05-12T07:57:16","guid":{"rendered":"https:\/\/kingarms.ee\/product\/merka-davern-borner\/"},"modified":"2025-05-12T10:57:16","modified_gmt":"2025-05-12T07:57:16","slug":"merka-davern-borner","status":"publish","type":"product","link":"https:\/\/kingarms.ee\/lv\/product\/merka-davern-borner\/","title":{"rendered":"M\u0113r\u0137a Davern (Borner)"},"content":{"rendered":"<p><img loading=\"lazy\" decoding=\"async\" class=\"alignnone size-full wp-image-71265\" src=\"https:\/\/kingarms.ee\/wp-content\/uploads\/2023\/01\/products-img_9842_150x150-750x500-1.jpg\" alt=\"\" width=\"750\" height=\"500\" srcset=\"https:\/\/kingarms.ee\/wp-content\/uploads\/2023\/01\/products-img_9842_150x150-750x500-1.jpg 750w, https:\/\/kingarms.ee\/wp-content\/uploads\/2023\/01\/products-img_9842_150x150-750x500-1-300x200.jpg 300w, https:\/\/kingarms.ee\/wp-content\/uploads\/2023\/01\/products-img_9842_150x150-750x500-1-500x333.jpg 500w, https:\/\/kingarms.ee\/wp-content\/uploads\/2023\/01\/products-img_9842_150x150-750x500-1-150x100.jpg 150w\" sizes=\"auto, (max-width: 750px) 100vw, 750px\" \/><\/p>\n","protected":false},"excerpt":{"rendered":"<p>Modelis: Granulu Slazds<br \/>\nRa\u017eot\u0101js: Borner<br \/>\nMun\u012bcijas Tips: granulas<br \/>\nSvars: 4630 g<br \/>\nIzm\u0113ri: 51 cm (L) x 24 cm (K)x 22 cm (P)<br \/>\nIlgsto\u0161a iztur\u012bga t\u0113rauda konstrukcija<br \/>\n\u0160aut, lai atiestat\u012btu m\u0113r\u0137us nep\u0101rtrauktai izklaidei<br \/>\n\u010cetri m\u0113r\u0137i ar izm\u0113riem 8,25 cm x 5,08 cm un 1 Reset m\u0113r\u0137i ar diametru 3,81 cm<br \/>\nSienas vai Br\u012bvi st\u0101vo\u0161s<br \/>\nP\u0101rn\u0113s\u0101jams, nav nepiecie\u0161ama mont\u0101\u017ea<br \/>\nLieliski piem\u0113rots lieto\u0161anai telp\u0101s un \u0101rpus t\u0101m<br \/>\nMinim\u0101lais att\u0101lums: 10 m<\/p>\n<p>Pants Nr.: TM (SNP-6)<\/p>\n<p>\u0160\u012b p\u012bles m\u0113r\u0137a kaste ir paredz\u0113ta, lai taj\u0101 var\u0113tu ievietot 4 p\u012b\u013cu m\u0113r\u0137a diskus un 1 k\u0101rtu. Vienk\u0101r\u0161i notriekiet abas \u0101r\u0113j\u0101s p\u012bles un p\u0113c tam nospiediet vid\u0113jo disku, lai \u0100r\u0113jie diski non\u0101ktu s\u0101kotn\u0113j\u0101 st\u0101vokl\u012b. \u0160is m\u0113r\u0137is ir paredz\u0113ts lieto\u0161anai tikai ar 0,177 (4,5 mm) gaisa \u0161autenes granul\u0101m.<\/p>\n","protected":false},"featured_media":126379,"template":"","meta":{"_acf_changed":false},"product_brand":[],"product_cat":[1063],"product_tag":[],"class_list":{"0":"post-149181","1":"product","2":"type-product","3":"status-publish","4":"has-post-thumbnail","6":"product_cat-merki","8":"first","9":"instock","10":"taxable","11":"shipping-taxable","12":"purchasable","13":"product-type-simple"},"acf":[],"_links":{"self":[{"href":"https:\/\/kingarms.ee\/lv\/wp-json\/wp\/v2\/product\/149181","targetHints":{"allow":["GET"]}}],"collection":[{"href":"https:\/\/kingarms.ee\/lv\/wp-json\/wp\/v2\/product"}],"about":[{"href":"https:\/\/kingarms.ee\/lv\/wp-json\/wp\/v2\/types\/product"}],"wp:featuredmedia":[{"embeddable":true,"href":"https:\/\/kingarms.ee\/lv\/wp-json\/wp\/v2\/media\/126379"}],"wp:attachment":[{"href":"https:\/\/kingarms.ee\/lv\/wp-json\/wp\/v2\/media?parent=149181"}],"wp:term":[{"taxonomy":"product_brand","embeddable":true,"href":"https:\/\/kingarms.ee\/lv\/wp-json\/wp\/v2\/product_brand?post=149181"},{"taxonomy":"product_cat","embeddable":true,"href":"https:\/\/kingarms.ee\/lv\/wp-json\/wp\/v2\/product_cat?post=149181"},{"taxonomy":"product_tag","embeddable":true,"href":"https:\/\/kingarms.ee\/lv\/wp-json\/wp\/v2\/product_tag?post=149181"}],"curies":[{"name":"wp","href":"https:\/\/api.w.org\/{rel}","templated":true}]}}