{"id":149183,"date":"2023-01-09T12:43:09","date_gmt":"2025-05-12T08:02:59","guid":{"rendered":"https:\/\/kingarms.ee\/product\/k3-i8-850nm-ir-lukturis-cianskis\/"},"modified":"2025-05-12T11:02:59","modified_gmt":"2025-05-12T08:02:59","slug":"k3-i8-850nm-ir-lukturis-cianskis","status":"publish","type":"product","link":"https:\/\/kingarms.ee\/lv\/product\/k3-i8-850nm-ir-lukturis-cianskis\/","title":{"rendered":"K3-I8 850nm IR lukturis (Cianskis)"},"content":{"rendered":"<p><img loading=\"lazy\" decoding=\"async\" class=\"alignnone size-full wp-image-71222\" src=\"https:\/\/kingarms.ee\/wp-content\/uploads\/2023\/01\/1-15.jpg\" alt=\"\" width=\"300\" height=\"200\" srcset=\"https:\/\/kingarms.ee\/wp-content\/uploads\/2023\/01\/1-15.jpg 300w, https:\/\/kingarms.ee\/wp-content\/uploads\/2023\/01\/1-15-150x100.jpg 150w\" sizes=\"auto, (max-width: 300px) 100vw, 300px\" \/><\/p>\n","protected":false},"excerpt":{"rendered":"<p>Ciansky K3-I8 ir augstas veiktsp\u0113jas taktisk\u0101 850 nm infrasarkan\u0101 lampa, kuras pamat\u0101 ir K3 modelis. Paredz\u0113ts (nakts) nov\u0113ro\u0161anas apr\u012bkojumam gan neatkar\u012bgi, gan uzst\u0101d\u012bts uz iero\u010da. Ciansky K3-I8 gaismas avots tiek izmantots k\u0101 OSRAM 5000MW 850NM IR LED elements. Kop\u0101 ar gludu virsmas parabolisko refleksoru nelielas virsmas un lielas jaudas IR elements nodro\u0161ina maksim\u0101lo darb\u012bbas diapazonu pat 350 metrus. Skaitlis ir ar \u012bpa\u0161u un skaidru koncentr\u0113tu centru. Ir tikai viens (Max.5000MW) darb\u012bbas re\u017e\u012bms, ko var iesl\u0113gt caur taktisko sl\u0113dzi lampas aizmugur\u0113. K3-I8 ir kompakta lampa ar garumu 148,6 mm, diametrs ir 40 mm, akumulatora caurules diametrs ir 25,4 mm un sver 120 g bez baro\u0161anas avota. Pati lampa ir izgatavota no alum\u012bnija un p\u0101rkl\u0101ta ar augstas kvalit\u0101tes anod\u0113tu p\u0101rkl\u0101jumu. Str\u0101vas avots tiek izmantots k\u0101 jauna paaudze ar augstas ietilp\u012bbas tipa 21700 Li-ion akumulatoru. Tas ir standarta 5000 mAh akumulators, kas apr\u012bkots ar USB-C iekrau\u0161anas ligzdu. Lai uzl\u0101d\u0113tu lampas akumulatoru, no\u0146emiet to no lampas, savienojiet USB ar kabeli, kas n\u0101k ar baro\u0161anas avotu, un akumulators par\u016bp\u0113sies par p\u0101r\u0113jo. Kad akumulators ir pilns, atbilsto\u0161\u0101 indikatora gaisma to nor\u0101d\u012bs. Ievadiet l\u0101d\u0113to akumulatora lampu, un K3-I8 ir gatavs nekav\u0113joties lieto\u0161anai. Ciansky K3-I8 ir p\u0101rbaud\u012bts saska\u0146\u0101 ar Starptautisko ANSI FL1 l\u0101pu p\u0101rbaudes standartu, ir p\u0101rbaud\u012bts ar \u016bdens un trieciena pretest\u012bbu, un tam ir maksim\u0101l\u0101 aizsardz\u012bbas klase IPX8. Papildus lampai pilna lukturu komplekt\u0101 ietilpst jaunas paaudzes tipa 21700 Li-Ion akumulators (5000mAh), l\u0101d\u0113\u0161anas kabelis, aproce, gaismas viduk\u013ca tur\u0113t\u0101js, kabatas skava, manu\u0101lais un rezerves gredzena bl\u012bves un sl\u0113d\u017eu p\u0101rsegi. Sakar\u0101 ar t\u0101 dizainu un m\u0113r\u0137i Ciansky K3-I8 tiek izmantots k\u0101 iero\u010da lampa un der bez probl\u0113m\u0101m ar da\u017e\u0101diem iero\u010du pielikumiem, kas paredz\u0113ti 1 &#8220;(25,4 mm) luktur\u012bt\u0113m.               <\/p>\n","protected":false},"featured_media":126363,"template":"","meta":{"_acf_changed":false},"product_brand":[],"product_cat":[1037],"product_tag":[],"class_list":{"0":"post-149183","1":"product","2":"type-product","3":"status-publish","4":"has-post-thumbnail","6":"product_cat-lukturisi","8":"first","9":"instock","10":"taxable","11":"shipping-taxable","12":"purchasable","13":"product-type-simple"},"acf":[],"_links":{"self":[{"href":"https:\/\/kingarms.ee\/lv\/wp-json\/wp\/v2\/product\/149183","targetHints":{"allow":["GET"]}}],"collection":[{"href":"https:\/\/kingarms.ee\/lv\/wp-json\/wp\/v2\/product"}],"about":[{"href":"https:\/\/kingarms.ee\/lv\/wp-json\/wp\/v2\/types\/product"}],"wp:featuredmedia":[{"embeddable":true,"href":"https:\/\/kingarms.ee\/lv\/wp-json\/wp\/v2\/media\/126363"}],"wp:attachment":[{"href":"https:\/\/kingarms.ee\/lv\/wp-json\/wp\/v2\/media?parent=149183"}],"wp:term":[{"taxonomy":"product_brand","embeddable":true,"href":"https:\/\/kingarms.ee\/lv\/wp-json\/wp\/v2\/product_brand?post=149183"},{"taxonomy":"product_cat","embeddable":true,"href":"https:\/\/kingarms.ee\/lv\/wp-json\/wp\/v2\/product_cat?post=149183"},{"taxonomy":"product_tag","embeddable":true,"href":"https:\/\/kingarms.ee\/lv\/wp-json\/wp\/v2\/product_tag?post=149183"}],"curies":[{"name":"wp","href":"https:\/\/api.w.org\/{rel}","templated":true}]}}