{"id":149184,"date":"2023-01-09T12:35:44","date_gmt":"2025-05-12T08:18:24","guid":{"rendered":"https:\/\/kingarms.ee\/product\/b71pro-lukturitis-nicron\/"},"modified":"2025-05-12T11:18:24","modified_gmt":"2025-05-12T08:18:24","slug":"b71pro-lukturitis-nicron","status":"publish","type":"product","link":"https:\/\/kingarms.ee\/lv\/product\/b71pro-lukturitis-nicron\/","title":{"rendered":"B71PRO luktur\u012btis (NICRON)"},"content":{"rendered":"<p><img loading=\"lazy\" decoding=\"async\" class=\"alignnone size-full wp-image-71201\" src=\"https:\/\/kingarms.ee\/wp-content\/uploads\/2023\/01\/B71pro_frpg-1.jpg\" alt=\"\" width=\"300\" height=\"200\" srcset=\"https:\/\/kingarms.ee\/wp-content\/uploads\/2023\/01\/B71pro_frpg-1.jpg 300w, https:\/\/kingarms.ee\/wp-content\/uploads\/2023\/01\/B71pro_frpg-1-150x100.jpg 150w\" sizes=\"auto, (max-width: 300px) 100vw, 300px\" \/><\/p>\n","protected":false},"excerpt":{"rendered":"<p><strong>B71PRO luktur\u012btis<\/strong><\/p>\n<p>Nicron B71Pro IR daalka no nicron profesionepllags <em>savrijas<\/em> vevrpjot gaismas. Tas ir unik\u0101ls, meh\u0101niski vardi, vai tiek atska\u0146oti, gorges galvasda\u013cu var noregul\u0113t le\u0146\u0137i no 0 lidz 90 grad vair\u0101k. Nicron b71pro ir vairankku lampu ar metagla konstrukciju (Alumanumnijs). Tam ir spalccumgs kabatas klips solognos un augsta stiepes magnaticts aizmugurogu. Ar kabatas saspraudes palidzibu lampu var piestiprinulatugt pie apantrba, zirglietalumm UN kabatalumm. Lampu var uzstat\u012bt vertik\u0101li aizgur\u0113, k\u0101 ar\u012b piestiprin\u0101t pie feromagn\u0113tisk\u0101m virsm\u0101m jebkur\u0101 pozicij\u0101, izmantoto sp\u0113gu magn\u0113tu aizgur\u0113. T\u0101 veidot\u0101 nicr one le\u0146\u0137a lampu var uzreiz p\u0101rveidot par br\u012bvroku darba light, kuras light var novirz\u012bt lidz pat 360 grad vair\u0101k. Nicr one b71pro garum in garalkajade pozalkcijalate ir 160 mm, Unalkemera un galvas diametrs IR 26 mm. maksim\u0101laisgaismassp\u0113k\u0101 balt\u0101 gaismas \u0161\u0113m\u0101 ir 1200 l\u016bmeni, un gaismas pl\u016bsmas diapazon in ir lidz 178 metri vair\u0101k. Turklalogt IR pieejams sekstalakrais Sarkanalaks un zaalaks gaismas dir rastalakms. Kopu lampai ir \u010detri baltas gaismas stiprumi (1200lm, 500T komplekts, 80i komplekts, 10m komplekts), dividen\u017eu sl\u0113ptie \u012bpa\u0161ie materi\u0101li (the strobe un SOS) un sekund\u0101rie za\u013c\u0101, sarkan\u0101s un mirdzo\u0161aj\u0101s sarkan\u0101s gaismas r\u0101mji. IR diezgan plashs un universalkls zirmmalkjums. Kade baroshanas avots Nicron b71pro izmanto standarta nomainalgmu PCB AIZSARGARGTU 18650 tips litija jonu akumulatoracaurule. Plashs uzlategdeslavtu akumulatori, Tas nav jannem no luktura, Tiesha uzlategde tiek veik the caur USB-C uzlategdesligzda luktura Sano. Nicr viens b71pro darbba un darba direm peletrslaetgchana tiek veik to, izmantoto slalatdzi luktura hoosaulat. Sledz\u012b ir integr\u0113ts gan akumulators izl\u0101d\u0113jas indikators ar tr\u012b\u0161u krasu gaismas indikators (sarkans mirdzojo\u0161s-sarkans-dzelzs as-za\u013c\u0161), gan baro\u0161anas avota uzl\u0101desindators. Nicron b71pro ir lietus un sharkakatrakm izturerokga lampa un atbilst IP65 aizsardzalkbas klasei. Nicr one b71pro tiek pievieenots Kit, ieskait 2600mAh litija jonu akumulatori, ANO lietotatamikja rokasgramikmu papildus lampai standarta USB-C uzlaraddes kapela.                 <\/p>\n","protected":false},"featured_media":126355,"template":"","meta":{"_acf_changed":false},"product_brand":[],"product_cat":[1037],"product_tag":[],"class_list":{"0":"post-149184","1":"product","2":"type-product","3":"status-publish","4":"has-post-thumbnail","6":"product_cat-lukturisi","8":"first","9":"instock","10":"taxable","11":"shipping-taxable","12":"purchasable","13":"product-type-simple"},"acf":[],"_links":{"self":[{"href":"https:\/\/kingarms.ee\/lv\/wp-json\/wp\/v2\/product\/149184","targetHints":{"allow":["GET"]}}],"collection":[{"href":"https:\/\/kingarms.ee\/lv\/wp-json\/wp\/v2\/product"}],"about":[{"href":"https:\/\/kingarms.ee\/lv\/wp-json\/wp\/v2\/types\/product"}],"wp:featuredmedia":[{"embeddable":true,"href":"https:\/\/kingarms.ee\/lv\/wp-json\/wp\/v2\/media\/126355"}],"wp:attachment":[{"href":"https:\/\/kingarms.ee\/lv\/wp-json\/wp\/v2\/media?parent=149184"}],"wp:term":[{"taxonomy":"product_brand","embeddable":true,"href":"https:\/\/kingarms.ee\/lv\/wp-json\/wp\/v2\/product_brand?post=149184"},{"taxonomy":"product_cat","embeddable":true,"href":"https:\/\/kingarms.ee\/lv\/wp-json\/wp\/v2\/product_cat?post=149184"},{"taxonomy":"product_tag","embeddable":true,"href":"https:\/\/kingarms.ee\/lv\/wp-json\/wp\/v2\/product_tag?post=149184"}],"curies":[{"name":"wp","href":"https:\/\/api.w.org\/{rel}","templated":true}]}}