{"id":149187,"date":"2023-01-09T16:07:18","date_gmt":"2025-05-12T11:05:22","guid":{"rendered":"https:\/\/kingarms.ee\/product\/merka-davern-borner-2\/"},"modified":"2025-05-12T14:05:22","modified_gmt":"2025-05-12T11:05:22","slug":"merka-davern-borner-2","status":"publish","type":"product","link":"https:\/\/kingarms.ee\/lv\/product\/merka-davern-borner-2\/","title":{"rendered":"M\u0113r\u0137a Davern (Borner)"},"content":{"rendered":"<p><img loading=\"lazy\" decoding=\"async\" class=\"alignnone size-full wp-image-71369\" src=\"https:\/\/kingarms.ee\/wp-content\/uploads\/2023\/01\/air_rifle_target_duck_1__69707.webp\" alt=\"\" width=\"1280\" height=\"910\" srcset=\"https:\/\/kingarms.ee\/wp-content\/uploads\/2023\/01\/air_rifle_target_duck_1__69707.webp 1280w, https:\/\/kingarms.ee\/wp-content\/uploads\/2023\/01\/air_rifle_target_duck_1__69707-300x213.webp 300w, https:\/\/kingarms.ee\/wp-content\/uploads\/2023\/01\/air_rifle_target_duck_1__69707-1024x728.webp 1024w, https:\/\/kingarms.ee\/wp-content\/uploads\/2023\/01\/air_rifle_target_duck_1__69707-768x546.webp 768w, https:\/\/kingarms.ee\/wp-content\/uploads\/2023\/01\/air_rifle_target_duck_1__69707-500x355.webp 500w, https:\/\/kingarms.ee\/wp-content\/uploads\/2023\/01\/air_rifle_target_duck_1__69707-150x107.webp 150w\" sizes=\"auto, (max-width: 1280px) 100vw, 1280px\" \/><\/p>\n","protected":false},"excerpt":{"rendered":"<p>\u0160is m\u0113r\u0137is darbojas, vispirms no\u0161aujot p\u012bles uz leju, kam seko tie\u0161s sitiens uz centru, kas p\u012bles atkal novieto s\u0101kotn\u0113j\u0101 st\u0101vokl\u012b. Piem\u0113rots 177 un 22 pneimatiskajiem iero\u010diem.<br \/>\nP\u012bles paliek aiz muguras, pieturoties pie magn\u0113tisk\u0101s joslas, kas atrodas bumbu slazd\u0101. Atsitiena funkcija ir \u012bpa\u0161i \u0113rta, jo tas noz\u012bm\u0113, ka jums nav j\u0101iet l\u012bdz kaitino\u0161ajai atk\u0101rto\u0161anas atz\u012bmei, lai to manu\u0101li ievietotu, un ka starp veiksm\u012bgiem tr\u0101p\u012bjumiem nav nepiecie\u0161ams izkraut iero\u010dus.<\/p>\n<p>Funkcija:<\/p>\n<p>x3 m\u0113r\u0137i, lai sasniegtu pirms nulles<br \/>\nP\u012bles fig\u016bras m\u0113r\u0137is<br \/>\nPiem\u0113rots airguns un airguns (max 1000fps)<br \/>\nSienas biezums &#8211; 1,2 mm<br \/>\nIzm\u0113rs-29cm x 22cm x 19cm<br \/>\nGranulu slazds, lai saglab\u0101tu neskaidr\u012bbas<\/p>\n","protected":false},"featured_media":126407,"template":"","meta":{"_acf_changed":false},"product_brand":[],"product_cat":[1063],"product_tag":[],"class_list":{"0":"post-149187","1":"product","2":"type-product","3":"status-publish","4":"has-post-thumbnail","6":"product_cat-merki","8":"first","9":"instock","10":"taxable","11":"shipping-taxable","12":"purchasable","13":"product-type-simple"},"acf":[],"_links":{"self":[{"href":"https:\/\/kingarms.ee\/lv\/wp-json\/wp\/v2\/product\/149187","targetHints":{"allow":["GET"]}}],"collection":[{"href":"https:\/\/kingarms.ee\/lv\/wp-json\/wp\/v2\/product"}],"about":[{"href":"https:\/\/kingarms.ee\/lv\/wp-json\/wp\/v2\/types\/product"}],"wp:featuredmedia":[{"embeddable":true,"href":"https:\/\/kingarms.ee\/lv\/wp-json\/wp\/v2\/media\/126407"}],"wp:attachment":[{"href":"https:\/\/kingarms.ee\/lv\/wp-json\/wp\/v2\/media?parent=149187"}],"wp:term":[{"taxonomy":"product_brand","embeddable":true,"href":"https:\/\/kingarms.ee\/lv\/wp-json\/wp\/v2\/product_brand?post=149187"},{"taxonomy":"product_cat","embeddable":true,"href":"https:\/\/kingarms.ee\/lv\/wp-json\/wp\/v2\/product_cat?post=149187"},{"taxonomy":"product_tag","embeddable":true,"href":"https:\/\/kingarms.ee\/lv\/wp-json\/wp\/v2\/product_tag?post=149187"}],"curies":[{"name":"wp","href":"https:\/\/api.w.org\/{rel}","templated":true}]}}