{"id":149206,"date":"2023-04-23T19:10:38","date_gmt":"2025-05-12T14:29:40","guid":{"rendered":"https:\/\/kingarms.ee\/product\/kal-16-ierocu-tirisanas-pabeigts\/"},"modified":"2025-05-12T17:29:40","modified_gmt":"2025-05-12T14:29:40","slug":"kal-16-ierocu-tirisanas-pabeigts","status":"publish","type":"product","link":"https:\/\/kingarms.ee\/lv\/product\/kal-16-ierocu-tirisanas-pabeigts\/","title":{"rendered":"Kal. 16 iero\u010du t\u012br\u012b\u0161anas pabeigts"},"content":{"rendered":"","protected":false},"excerpt":{"rendered":"<p>Kal. 16 iero\u010du t\u012br\u012b\u0161anas pabeigts <\/p>\n<p><span style=\"font-weight: 400;\">Remingtonas &#8220;Universal&#8221; iero\u010du t\u012br\u012b\u0161anas komplekts (Kal. 16) ir funkcion\u0101la un praktiska izv\u0113le med\u012bb\u0101m.<\/span><\/p>\n<p><b>Iestatiet: <\/b><\/p>\n<ul>\n<li style=\"font-weight: 400;\" aria-level=\"1\"><span style=\"font-weight: 400;\">Taisna suka, kas izgatavota no dab\u012bgiem sariem<\/span><\/li>\n<li style=\"font-weight: 400;\" aria-level=\"1\"><span style=\"font-weight: 400;\">Komplekt\u0101 ietilpst:<\/span><\/li>\n<li style=\"font-weight: 400;\" aria-level=\"1\"><span style=\"font-weight: 400;\">Kop\u0161anas birste<\/span><\/li>\n<li style=\"font-weight: 400;\" aria-level=\"1\"><span style=\"font-weight: 400;\">Filca plerkster<\/span><\/li>\n<li style=\"font-weight: 400;\" aria-level=\"1\"><span style=\"font-weight: 400;\">Komplekt\u0101 ietilpst: <\/span><\/li>\n<\/ul>\n<p><b>OTSIKUD:<\/b><\/p>\n<ul>\n<li style=\"font-weight: 400;\" aria-level=\"1\"><span style=\"font-weight: 400;\">Puhv<\/span><\/li>\n<li style=\"font-weight: 400;\" aria-level=\"1\"><span style=\"font-weight: 400;\">Sprauslas:<\/span><\/li>\n<li style=\"font-weight: 400;\" aria-level=\"1\"><span style=\"font-weight: 400;\">2x ze\u0137es <\/span><\/li>\n<\/ul>\n<p><span style=\"font-weight: 400;\">K\u00f5ik komplekti elemendid on valmistatud kvaliteetsetest materjalidest.<\/span><\/p>\n","protected":false},"featured_media":132443,"template":"","meta":{"_acf_changed":false},"product_brand":[],"product_cat":[1012],"product_tag":[],"class_list":{"0":"post-149206","1":"product","2":"type-product","3":"status-publish","4":"has-post-thumbnail","6":"product_cat-ierocu-uzturesana","8":"first","9":"instock","10":"taxable","11":"shipping-taxable","12":"purchasable","13":"product-type-simple"},"acf":[],"_links":{"self":[{"href":"https:\/\/kingarms.ee\/lv\/wp-json\/wp\/v2\/product\/149206","targetHints":{"allow":["GET"]}}],"collection":[{"href":"https:\/\/kingarms.ee\/lv\/wp-json\/wp\/v2\/product"}],"about":[{"href":"https:\/\/kingarms.ee\/lv\/wp-json\/wp\/v2\/types\/product"}],"wp:featuredmedia":[{"embeddable":true,"href":"https:\/\/kingarms.ee\/lv\/wp-json\/wp\/v2\/media\/132443"}],"wp:attachment":[{"href":"https:\/\/kingarms.ee\/lv\/wp-json\/wp\/v2\/media?parent=149206"}],"wp:term":[{"taxonomy":"product_brand","embeddable":true,"href":"https:\/\/kingarms.ee\/lv\/wp-json\/wp\/v2\/product_brand?post=149206"},{"taxonomy":"product_cat","embeddable":true,"href":"https:\/\/kingarms.ee\/lv\/wp-json\/wp\/v2\/product_cat?post=149206"},{"taxonomy":"product_tag","embeddable":true,"href":"https:\/\/kingarms.ee\/lv\/wp-json\/wp\/v2\/product_tag?post=149206"}],"curies":[{"name":"wp","href":"https:\/\/api.w.org\/{rel}","templated":true}]}}