{"id":149228,"date":"2023-01-06T15:38:38","date_gmt":"2025-05-17T09:39:06","guid":{"rendered":"https:\/\/kingarms.ee\/product\/bumbinas-gamma-4-5-mm-0-70-g-kvintors\/"},"modified":"2025-05-17T12:39:06","modified_gmt":"2025-05-17T09:39:06","slug":"bumbinas-gamma-4-5-mm-0-70-g-kvintors","status":"publish","type":"product","link":"https:\/\/kingarms.ee\/lv\/product\/bumbinas-gamma-4-5-mm-0-70-g-kvintors\/","title":{"rendered":"Bumbi\u0146as Gamma 4.5 mm 0.70 g (Kvintors)"},"content":{"rendered":"<p><img loading=\"lazy\" decoding=\"async\" class=\"alignnone size-full wp-image-70750\" src=\"https:\/\/kingarms.ee\/wp-content\/uploads\/2023\/01\/363465.jpg\" alt=\"\" width=\"1050\" height=\"1054\" srcset=\"https:\/\/kingarms.ee\/wp-content\/uploads\/2023\/01\/363465.jpg 1050w, https:\/\/kingarms.ee\/wp-content\/uploads\/2023\/01\/363465-300x300.jpg 300w, https:\/\/kingarms.ee\/wp-content\/uploads\/2023\/01\/363465-1020x1024.jpg 1020w, https:\/\/kingarms.ee\/wp-content\/uploads\/2023\/01\/363465-150x151.jpg 150w, https:\/\/kingarms.ee\/wp-content\/uploads\/2023\/01\/363465-768x771.jpg 768w, https:\/\/kingarms.ee\/wp-content\/uploads\/2023\/01\/363465-500x502.jpg 500w\" sizes=\"auto, (max-width: 1050px) 100vw, 1050px\" \/><\/p>\n","protected":false},"excerpt":{"rendered":"<p><strong>Bumbi\u0146as Gamma 4.5 mm 0.70 g<\/strong><\/p>\n<p>Galven\u0101s da\u013cas noapa\u013cot\u0101 forma un visa lodes s\u0101kotn\u0113j\u0101 strukt\u016bra nodro\u0161ina izcilu aerodinamisko kvalit\u0101ti un augstu precizit\u0101ti, \u0161aujot lielos att\u0101lumos. Lode ir paredz\u0113ta izmanto\u0161anai jaud\u012bgos pneimatiskajos iero\u010dos (virs 7,5 J). <\/p>\n","protected":false},"featured_media":130516,"template":"","meta":{"_acf_changed":false},"product_brand":[],"product_cat":[1047],"product_tag":[],"class_list":{"0":"post-149228","1":"product","2":"type-product","3":"status-publish","4":"has-post-thumbnail","6":"product_cat-airuna-4-5-mm","8":"first","9":"instock","10":"taxable","11":"shipping-taxable","12":"purchasable","13":"product-type-simple"},"acf":[],"_links":{"self":[{"href":"https:\/\/kingarms.ee\/lv\/wp-json\/wp\/v2\/product\/149228","targetHints":{"allow":["GET"]}}],"collection":[{"href":"https:\/\/kingarms.ee\/lv\/wp-json\/wp\/v2\/product"}],"about":[{"href":"https:\/\/kingarms.ee\/lv\/wp-json\/wp\/v2\/types\/product"}],"wp:featuredmedia":[{"embeddable":true,"href":"https:\/\/kingarms.ee\/lv\/wp-json\/wp\/v2\/media\/130516"}],"wp:attachment":[{"href":"https:\/\/kingarms.ee\/lv\/wp-json\/wp\/v2\/media?parent=149228"}],"wp:term":[{"taxonomy":"product_brand","embeddable":true,"href":"https:\/\/kingarms.ee\/lv\/wp-json\/wp\/v2\/product_brand?post=149228"},{"taxonomy":"product_cat","embeddable":true,"href":"https:\/\/kingarms.ee\/lv\/wp-json\/wp\/v2\/product_cat?post=149228"},{"taxonomy":"product_tag","embeddable":true,"href":"https:\/\/kingarms.ee\/lv\/wp-json\/wp\/v2\/product_tag?post=149228"}],"curies":[{"name":"wp","href":"https:\/\/api.w.org\/{rel}","templated":true}]}}