{"id":149230,"date":"2023-01-06T15:32:44","date_gmt":"2025-05-17T09:42:40","guid":{"rendered":"https:\/\/kingarms.ee\/product\/bumbas-beta-4-5-mm-0-50-g-kvintors\/"},"modified":"2025-05-17T12:42:40","modified_gmt":"2025-05-17T09:42:40","slug":"bumbas-beta-4-5-mm-0-50-g-kvintors","status":"publish","type":"product","link":"https:\/\/kingarms.ee\/lv\/product\/bumbas-beta-4-5-mm-0-50-g-kvintors\/","title":{"rendered":"Bumbas BETA 4.5 mm 0.50 g (Kvintors)"},"content":{"rendered":"<p><img loading=\"lazy\" decoding=\"async\" class=\"alignnone size-full wp-image-83703\" src=\"https:\/\/kingarms.ee\/wp-content\/uploads\/2023\/01\/6e89d225d0c2bdbb530a06af65174c45.jpg\" alt=\"\" width=\"660\" height=\"550\" srcset=\"https:\/\/kingarms.ee\/wp-content\/uploads\/2023\/01\/6e89d225d0c2bdbb530a06af65174c45.jpg 660w, https:\/\/kingarms.ee\/wp-content\/uploads\/2023\/01\/6e89d225d0c2bdbb530a06af65174c45-300x250.jpg 300w, https:\/\/kingarms.ee\/wp-content\/uploads\/2023\/01\/6e89d225d0c2bdbb530a06af65174c45-500x417.jpg 500w, https:\/\/kingarms.ee\/wp-content\/uploads\/2023\/01\/6e89d225d0c2bdbb530a06af65174c45-150x125.jpg 150w\" sizes=\"auto, (max-width: 660px) 100vw, 660px\" \/><\/p>\n","protected":false},"excerpt":{"rendered":"<p><strong>Bumbas BETA 4.5 mm 0.52 g<\/strong><\/p>\n<p>Kvintora BETA mun\u012bcijas kalibrs 4,5 mm.<br \/>\nMun\u012bcija, kurai rakstur\u012bga augsta precizit\u0101te, l\u012bdzsvarots svars un divrindu kausa formas mun\u012bcija, nodro\u0161ina prec\u012bzu \u0161\u0101vienu.<br \/>\nSvars: 0,52 grami.<br \/>\nPrezent\u0113ts inovat\u012bv\u0101 plastmasas kast\u0113 ar vienk\u0101r\u0161u dozatoru.<br \/>\nsvina materi\u0101ls<br \/>\nsaturs: 150 gab \/ kaste.<\/p>\n","protected":false},"featured_media":130610,"template":"","meta":{"_acf_changed":false},"product_brand":[],"product_cat":[1047],"product_tag":[],"class_list":{"0":"post-149230","1":"product","2":"type-product","3":"status-publish","4":"has-post-thumbnail","6":"product_cat-airuna-4-5-mm","8":"first","9":"instock","10":"taxable","11":"shipping-taxable","12":"purchasable","13":"product-type-simple"},"acf":[],"_links":{"self":[{"href":"https:\/\/kingarms.ee\/lv\/wp-json\/wp\/v2\/product\/149230","targetHints":{"allow":["GET"]}}],"collection":[{"href":"https:\/\/kingarms.ee\/lv\/wp-json\/wp\/v2\/product"}],"about":[{"href":"https:\/\/kingarms.ee\/lv\/wp-json\/wp\/v2\/types\/product"}],"wp:featuredmedia":[{"embeddable":true,"href":"https:\/\/kingarms.ee\/lv\/wp-json\/wp\/v2\/media\/130610"}],"wp:attachment":[{"href":"https:\/\/kingarms.ee\/lv\/wp-json\/wp\/v2\/media?parent=149230"}],"wp:term":[{"taxonomy":"product_brand","embeddable":true,"href":"https:\/\/kingarms.ee\/lv\/wp-json\/wp\/v2\/product_brand?post=149230"},{"taxonomy":"product_cat","embeddable":true,"href":"https:\/\/kingarms.ee\/lv\/wp-json\/wp\/v2\/product_cat?post=149230"},{"taxonomy":"product_tag","embeddable":true,"href":"https:\/\/kingarms.ee\/lv\/wp-json\/wp\/v2\/product_tag?post=149230"}],"curies":[{"name":"wp","href":"https:\/\/api.w.org\/{rel}","templated":true}]}}