{"id":149236,"date":"2023-01-02T18:04:24","date_gmt":"2025-05-17T09:56:10","guid":{"rendered":"https:\/\/kingarms.ee\/product\/bateriju-banka-20-000-mah\/"},"modified":"2025-05-17T12:56:10","modified_gmt":"2025-05-17T09:56:10","slug":"bateriju-banka-20-000-mah","status":"publish","type":"product","link":"https:\/\/kingarms.ee\/lv\/product\/bateriju-banka-20-000-mah\/","title":{"rendered":"Bateriju banka 20 000 mAh"},"content":{"rendered":"<p><img loading=\"lazy\" decoding=\"async\" class=\"alignnone size-full wp-image-70418\" src=\"https:\/\/kingarms.ee\/wp-content\/uploads\/2023\/01\/20000mAh-Solar-Panel-Ch3arger-Solar-Power-Bank-5W-Portable-External-Battery-Dual-USB-Output-for-iPhone.jpg_Q90.jpg_.jpeg\" alt=\"\" width=\"1000\" height=\"1000\" srcset=\"https:\/\/kingarms.ee\/wp-content\/uploads\/2023\/01\/20000mAh-Solar-Panel-Ch3arger-Solar-Power-Bank-5W-Portable-External-Battery-Dual-USB-Output-for-iPhone.jpg_Q90.jpg_.jpeg 1000w, https:\/\/kingarms.ee\/wp-content\/uploads\/2023\/01\/20000mAh-Solar-Panel-Ch3arger-Solar-Power-Bank-5W-Portable-External-Battery-Dual-USB-Output-for-iPhone.jpg_Q90.jpg_-300x300.jpeg 300w, https:\/\/kingarms.ee\/wp-content\/uploads\/2023\/01\/20000mAh-Solar-Panel-Ch3arger-Solar-Power-Bank-5W-Portable-External-Battery-Dual-USB-Output-for-iPhone.jpg_Q90.jpg_-150x150.jpeg 150w, https:\/\/kingarms.ee\/wp-content\/uploads\/2023\/01\/20000mAh-Solar-Panel-Ch3arger-Solar-Power-Bank-5W-Portable-External-Battery-Dual-USB-Output-for-iPhone.jpg_Q90.jpg_-768x768.jpeg 768w, https:\/\/kingarms.ee\/wp-content\/uploads\/2023\/01\/20000mAh-Solar-Panel-Ch3arger-Solar-Power-Bank-5W-Portable-External-Battery-Dual-USB-Output-for-iPhone.jpg_Q90.jpg_-500x500.jpeg 500w\" sizes=\"auto, (max-width: 1000px) 100vw, 1000px\" \/><\/p>\n","protected":false},"excerpt":{"rendered":"<p>Akumulatora banka ar saules pane\u013ciem.<\/p>\n<p>Jauda 20 000 mAh akumulatoru banka ir iztur\u012bgs saules l\u0101d\u0113t\u0101js, kas b\u016bv\u0113ts t\u0101, lai tas kalpotu. Tas dod jums br\u012bv\u012bbu un ener\u0123iju, lai dotos jebkur, padarot to ide\u0101li piem\u0113rotu visiem j\u016bsu piedz\u012bvojumiem. Saules l\u0101d\u0113t\u0101js ir apr\u012bkots ar 20 000 mAh litija polim\u0113ru akumulatoru, kas ir pietiekams, lai viedt\u0101lruni uzl\u0101d\u0113tu vismaz 6 reizes. Saules l\u0101d\u0113t\u0101ju var uzl\u0101d\u0113t divos veidos, vai nu izmantojot USB, vai vienk\u0101r\u0161i no\u0146emot to un \u013caujot ieb\u016bv\u0113tajam Saules panelim veikt savu darbu.<\/p>\n","protected":false},"featured_media":126112,"template":"","meta":{"_acf_changed":false},"product_brand":[],"product_cat":[1120],"product_tag":[],"class_list":{"0":"post-149236","1":"product","2":"type-product","3":"status-publish","4":"has-post-thumbnail","6":"product_cat-energijas-banka","8":"first","9":"onbackorder","10":"taxable","11":"shipping-taxable","12":"product-type-simple"},"acf":[],"_links":{"self":[{"href":"https:\/\/kingarms.ee\/lv\/wp-json\/wp\/v2\/product\/149236","targetHints":{"allow":["GET"]}}],"collection":[{"href":"https:\/\/kingarms.ee\/lv\/wp-json\/wp\/v2\/product"}],"about":[{"href":"https:\/\/kingarms.ee\/lv\/wp-json\/wp\/v2\/types\/product"}],"wp:featuredmedia":[{"embeddable":true,"href":"https:\/\/kingarms.ee\/lv\/wp-json\/wp\/v2\/media\/126112"}],"wp:attachment":[{"href":"https:\/\/kingarms.ee\/lv\/wp-json\/wp\/v2\/media?parent=149236"}],"wp:term":[{"taxonomy":"product_brand","embeddable":true,"href":"https:\/\/kingarms.ee\/lv\/wp-json\/wp\/v2\/product_brand?post=149236"},{"taxonomy":"product_cat","embeddable":true,"href":"https:\/\/kingarms.ee\/lv\/wp-json\/wp\/v2\/product_cat?post=149236"},{"taxonomy":"product_tag","embeddable":true,"href":"https:\/\/kingarms.ee\/lv\/wp-json\/wp\/v2\/product_tag?post=149236"}],"curies":[{"name":"wp","href":"https:\/\/api.w.org\/{rel}","templated":true}]}}