{"id":149245,"date":"2022-12-25T16:22:38","date_gmt":"2022-12-25T13:22:38","guid":{"rendered":"https:\/\/kingarms.ee\/product\/taktiskais-pirmas-palidzibas-komplekts\/"},"modified":"2025-05-17T14:11:48","modified_gmt":"2025-05-17T11:11:48","slug":"taktiskais-pirmas-palidzibas-komplekts","status":"publish","type":"product","link":"https:\/\/kingarms.ee\/lv\/product\/taktiskais-pirmas-palidzibas-komplekts\/","title":{"rendered":"Taktiskais pirm\u0101s pal\u012bdz\u012bbas komplekts"},"content":{"rendered":"<p><img loading=\"lazy\" decoding=\"async\" class=\"alignnone wp-image-69789 size-full\" src=\"https:\/\/kingarms.ee\/wp-content\/uploads\/2022\/12\/LXPB89-SKM-MC-scaled-1-e1671975361603.jpeg\" alt=\"\" width=\"1000\" height=\"773\" srcset=\"https:\/\/kingarms.ee\/wp-content\/uploads\/2022\/12\/LXPB89-SKM-MC-scaled-1-e1671975361603.jpeg 1000w, https:\/\/kingarms.ee\/wp-content\/uploads\/2022\/12\/LXPB89-SKM-MC-scaled-1-e1671975361603-300x232.jpeg 300w, https:\/\/kingarms.ee\/wp-content\/uploads\/2022\/12\/LXPB89-SKM-MC-scaled-1-e1671975361603-768x594.jpeg 768w, https:\/\/kingarms.ee\/wp-content\/uploads\/2022\/12\/LXPB89-SKM-MC-scaled-1-e1671975361603-500x387.jpeg 500w, https:\/\/kingarms.ee\/wp-content\/uploads\/2022\/12\/LXPB89-SKM-MC-scaled-1-e1671975361603-150x116.jpeg 150w\" sizes=\"auto, (max-width: 1000px) 100vw, 1000px\" \/><\/p>\n","protected":false},"excerpt":{"rendered":"<p>PILNS KOMPLEKTS SATURA LAS\u012aT ZEM APRAKSTA<\/p>\n<p>Soma: lxpb89 ir kompakta mugursoma ar \u010detr\u0101m galvenaj\u0101m \u0101r\u0113j\u0101m atvilktn\u0113m un \u0101tras piek\u013cuves Velcro atvilktni aiz jostas pane\u013ca. Priek\u0161pus\u0113, s\u0101nos un apak\u0161\u0101 ir modul\u0101ras (MOLLE) cilpas papildu maisi\u0146u vai pakarin\u0101mo iek\u0101rtu piestiprin\u0101\u0161anai. Galven\u0101s atvilktnes aizmugur\u0113 ir r\u0101v\u0113jsl\u0113dz\u0113ja soma, kas paredz\u0113ta ap\u016bde\u0146o\u0161anas maisa tur\u0113\u0161anai, un aug\u0161pus\u0113 ir piesl\u0113gvietas, lai piek\u013c\u016btu dzer\u0161anas caurulei. Plecu siksnas ir piln\u012bb\u0101 regul\u0113jamas no visiem punktiem, lai t\u0101s atbilstu da\u017e\u0101diem \u0137erme\u0146a tipiem, k\u0101 ar\u012b t\u0101m ir kr\u016b\u0161u siksna un jostas cilpas, lai tur\u0113tu dzer\u0161anas cauruli. \u0160aj\u0101 komplekt\u0101 ietilpst \u010detri (4) ar r\u0101v\u0113jsl\u0113dz\u0113ju kr\u0101su kod\u0113ti uzglab\u0101\u0161anas maisi\u0146i medic\u012bnisko piederumu ievieto\u0161anai mugursom\u0101 kop\u0101 ar daudz\u0101m medic\u012bnas prec\u0113m. Visu piederumu saraksts, kas n\u0101k ar \u0161o komplektu, ir atrodams iepriek\u0161 redzamajos att\u0113los.<\/p>\n<p>Komplekts: \u017e\u0146augs, pincetes, Kelly hemostats, av\u0101rijas T\u012br\u012b\u0161anas l\u012bdzek\u013ci, p\u0101rs\u0113ji, z\u012bmu\u013cu gaisma, amonjaka ampulas (10), p\u0101rs\u0113ji (100), 4&#8243; x 4&#8243; marles spilventi\u0146i (50), 2&#8243; Ru\u013c\u013cu marle (2), 3&#8243; ru\u013c\u013cu marle (2), 4 collu Ru\u013c\u013cu p\u0101rs\u0113js (2), 2 collu pa\u0161l\u012bm\u0113jo\u0161ais p\u0101rs\u0113js (2), 2 collu elast\u012bgais Ace p\u0101rs\u0113js (2), 5&#8243; x 7&#8243; ABD spilventi\u0146\u0161 (2), 8&#8243; x 10&#8243; Abd spilventi\u0146\u0161 (2), 1 collu Ru\u013c\u013cu lente, joda salvetes (10), izopropilspirta salvetes (10), tr\u012bsk\u0101r\u0161a antibiotiku ziede 1\/2 unce, t\u016bl\u012bt\u0113ji auksti iepakojumi (2), acu spilventi\u0146i (2), tr\u012bsst\u016bra p\u0101rs\u0113js (2) , acu skalo\u0161anas \u0161\u0137\u012bdums, eks\u0101menu cimdi (4), univers\u0101la Sam pirkstu \u0161ina, peror\u0101ls glikozes g\u0113ls, pieaugu\u0161o asinsspiediena aproce ar piedurkni, Sprague stetoskops, CPR maska, orofaringe\u0101la elpce\u013cu komplekts (6), punkcijas un koduma atvieglo\u0161anas tamponi (10) , vazel\u012bna marle (2), Pirm\u0101s pal\u012bdz\u012bbas rokasgr\u0101mata, \u0101tr\u0101 tromba hemostata marle 4 x 4 collas (2), Dyna &#8211; hronometra Trauma spiediena p\u0101rs\u0113js, 12&#8243; x 30&#8243; vair\u0101ku traumu spilventi\u0146\u0161, saspiesta Z saloc\u012bta grumbu marle 4,5&#8243; x 4,1 Yad, Izra\u0113las spiediena p\u0101rs\u0113js 4 collas, Pirm\u0101s pal\u012bdz\u012bbas antiseptiskais aerosols 2 unces, apdeguma aerosols 2 unces, pieaugu\u0161o BVM soma, 36 collu roll l\u012bcis, av\u0101rijas folija Mylar sega.<\/p>\n","protected":false},"featured_media":126096,"template":"","meta":{"_acf_changed":false},"product_brand":[],"product_cat":[1119,1051,1328],"product_tag":[],"class_list":{"0":"post-149245","1":"product","2":"type-product","3":"status-publish","4":"has-post-thumbnail","6":"product_cat-celojumu-preces","7":"product_cat-frist-palidziba","8":"product_cat-krizes-komplekts","10":"first","11":"onbackorder","12":"sale","13":"taxable","14":"shipping-taxable","15":"product-type-simple"},"acf":[],"_links":{"self":[{"href":"https:\/\/kingarms.ee\/lv\/wp-json\/wp\/v2\/product\/149245","targetHints":{"allow":["GET"]}}],"collection":[{"href":"https:\/\/kingarms.ee\/lv\/wp-json\/wp\/v2\/product"}],"about":[{"href":"https:\/\/kingarms.ee\/lv\/wp-json\/wp\/v2\/types\/product"}],"wp:featuredmedia":[{"embeddable":true,"href":"https:\/\/kingarms.ee\/lv\/wp-json\/wp\/v2\/media\/126096"}],"wp:attachment":[{"href":"https:\/\/kingarms.ee\/lv\/wp-json\/wp\/v2\/media?parent=149245"}],"wp:term":[{"taxonomy":"product_brand","embeddable":true,"href":"https:\/\/kingarms.ee\/lv\/wp-json\/wp\/v2\/product_brand?post=149245"},{"taxonomy":"product_cat","embeddable":true,"href":"https:\/\/kingarms.ee\/lv\/wp-json\/wp\/v2\/product_cat?post=149245"},{"taxonomy":"product_tag","embeddable":true,"href":"https:\/\/kingarms.ee\/lv\/wp-json\/wp\/v2\/product_tag?post=149245"}],"curies":[{"name":"wp","href":"https:\/\/api.w.org\/{rel}","templated":true}]}}