{"id":149247,"date":"2022-12-20T19:33:43","date_gmt":"2025-05-17T12:29:57","guid":{"rendered":"https:\/\/kingarms.ee\/product\/xt11-lukturitis-clarus\/"},"modified":"2025-05-17T15:29:57","modified_gmt":"2025-05-17T12:29:57","slug":"xt11-lukturitis-clarus","status":"publish","type":"product","link":"https:\/\/kingarms.ee\/lv\/product\/xt11-lukturitis-clarus\/","title":{"rendered":"XT11 luktur\u012btis (Clarus)"},"content":{"rendered":"<p><img loading=\"lazy\" decoding=\"async\" class=\"alignnone size-full wp-image-69735\" src=\"https:\/\/kingarms.ee\/wp-content\/uploads\/2022\/12\/XT11-Square_1000x.jpeg\" alt=\"\" width=\"1000\" height=\"1000\" srcset=\"https:\/\/kingarms.ee\/wp-content\/uploads\/2022\/12\/XT11-Square_1000x.jpeg 1000w, https:\/\/kingarms.ee\/wp-content\/uploads\/2022\/12\/XT11-Square_1000x-300x300.jpeg 300w, https:\/\/kingarms.ee\/wp-content\/uploads\/2022\/12\/XT11-Square_1000x-150x150.jpeg 150w, https:\/\/kingarms.ee\/wp-content\/uploads\/2022\/12\/XT11-Square_1000x-768x768.jpeg 768w, https:\/\/kingarms.ee\/wp-content\/uploads\/2022\/12\/XT11-Square_1000x-500x500.jpeg 500w\" sizes=\"auto, (max-width: 1000px) 100vw, 1000px\" \/><\/p>\n","protected":false},"excerpt":{"rendered":"<p><strong>XT11 luktur\u012btis<\/strong><\/p>\n<p>Izeja: 1060 l\u016bmeni<br \/>\nIzm\u0113ri: 149 mm x 35 mm (galva) x 25 mm (korpuss)<br \/>\nSvars: 132 g (Bez akumulatora)<br \/>\nMateri\u0101ls: Alum\u012bnijs<br \/>\nAkumulators: 2x CR123A \/ 1x 18650<br \/>\nUzl\u0101de: Micro-USB uzl\u0101d\u0113jams akumulators!<br \/>\nIPX8<\/p>\n<p>Pakete:<\/p>\n<p>Akumulators 18650<br \/>\nUSB A &gt;<br \/>\nVutlar<br \/>\nRandmepael ja varutihend (o-ring)<\/p>\n","protected":false},"featured_media":126082,"template":"","meta":{"_acf_changed":false},"product_brand":[],"product_cat":[1037],"product_tag":[],"class_list":{"0":"post-149247","1":"product","2":"type-product","3":"status-publish","4":"has-post-thumbnail","6":"product_cat-lukturisi","8":"first","9":"instock","10":"taxable","11":"shipping-taxable","12":"purchasable","13":"product-type-simple"},"acf":[],"_links":{"self":[{"href":"https:\/\/kingarms.ee\/lv\/wp-json\/wp\/v2\/product\/149247","targetHints":{"allow":["GET"]}}],"collection":[{"href":"https:\/\/kingarms.ee\/lv\/wp-json\/wp\/v2\/product"}],"about":[{"href":"https:\/\/kingarms.ee\/lv\/wp-json\/wp\/v2\/types\/product"}],"wp:featuredmedia":[{"embeddable":true,"href":"https:\/\/kingarms.ee\/lv\/wp-json\/wp\/v2\/media\/126082"}],"wp:attachment":[{"href":"https:\/\/kingarms.ee\/lv\/wp-json\/wp\/v2\/media?parent=149247"}],"wp:term":[{"taxonomy":"product_brand","embeddable":true,"href":"https:\/\/kingarms.ee\/lv\/wp-json\/wp\/v2\/product_brand?post=149247"},{"taxonomy":"product_cat","embeddable":true,"href":"https:\/\/kingarms.ee\/lv\/wp-json\/wp\/v2\/product_cat?post=149247"},{"taxonomy":"product_tag","embeddable":true,"href":"https:\/\/kingarms.ee\/lv\/wp-json\/wp\/v2\/product_tag?post=149247"}],"curies":[{"name":"wp","href":"https:\/\/api.w.org\/{rel}","templated":true}]}}